{"id":5117,"date":"2020-02-04T14:16:00","date_gmt":"2020-02-04T13:16:00","guid":{"rendered":"http:\/\/kanada.amenity.cz\/?page_id=5117"},"modified":"2020-02-04T14:46:43","modified_gmt":"2020-02-04T13:46:43","slug":"valentines-day","status":"publish","type":"page","link":"https:\/\/kanada.amenity.cz\/en\/valentines-day\/","title":{"rendered":"Valentines day"},"content":{"rendered":"<div class=\"wpb-content-wrapper\"><p>[vc_row full_width=&#8221;stretch_row_content_no_spaces&#8221;][vc_column][\/vc_column][\/vc_row][vc_row][vc_column]<div  class=\"empty-space  marg-lg-b35\"><\/div>[vc_separator color=&#8221;custom&#8221; border_width=&#8221;2&#8243; el_width=&#8221;50&#8243; accent_color=&#8221;#c7b39a&#8221;]<div  class=\"main-heading\"><span class=\"subtitle\"><\/span><h2 class=\"title\">Valentine\u2019s Day in Romantic Czech Canada<\/h2><\/div><div  class=\"empty-space  marg-lg-b25\"><\/div>[vc_separator color=&#8221;custom&#8221; border_width=&#8221;2&#8243; el_width=&#8221;50&#8243; accent_color=&#8221;#c7b39a&#8221;]<div  class=\"empty-space  marg-lg-b10\"><\/div>[\/vc_column][\/vc_row][vc_row][vc_column]<div class=\"text-block \" ><div class=\"simple-text \"><p><strong>Come to Czech Canada on Valentine\u2019s Day to light up your heart.<\/strong><\/p>\n<hr \/>\n<p>Don\u2019t worry about getting presents. Just take your significant other on a romantic getaway to a cosy, fully-furnished house in the middle of beautiful Czech nature. At your request, we\u2019ll be delighted to decorate your room to create a romantic setting, which includes a bottle of Prosecco and a cheese and olive platter.<\/p>\n<\/div><\/div><div  class=\"empty-space  marg-lg-b35\"><\/div>[\/vc_column][\/vc_row][vc_row][vc_column][vc_single_image image=&#8221;5160&#8243; img_size=&#8221;full&#8221; alignment=&#8221;center&#8221;][\/vc_column][\/vc_row][vc_row][vc_column]<div class=\"text-block \" ><div class=\"simple-text \"><hr \/>\n<p>There\u2019s no need to worry if the timing or the location does not suit you. Create your own <a href=\"https:\/\/eshop.amenity.cz\/en\/\">gift vouche<\/a>r with a message. A getaway in one of the most beautiful locations in the Czech Republic \u2013 Lipno or \u0160pindler\u016fv Ml\u00fdn \u2013 is the perfect present.<\/p>\n<hr \/>\n<p><strong>You can book a Valentine\u2019s getaway, which includes romantic refreshments upon your arrival, for available dates from 13 February to 18 February 2020 for at least three nights.<\/strong><\/p>\n<\/div><\/div><div  class=\"empty-space  marg-lg-b35\"><\/div>[vc_raw_html]JTNDZGl2JTIwaWQlM0QlMjJmYi13aWRnZXQtMSUyMiUyMGNsYXNzJTNEJTIyZmItd2lkZ2V0JTIyJTIwZGF0YS1mYkNvbmZpZyUzRCUyMjAlMjIlM0UlM0MlMkZkaXYlM0UlMEElM0NzY3JpcHQlMjBjbGFzcyUzRCUyMmZiLXdpZGdldC1jb25maWclMjIlMjBkYXRhLWZiQ29uZmlnJTNEJTIyMCUyMiUyMHR5cGUlM0QlMjJhcHBsaWNhdGlvbiUyRmpzb24lMjIlM0UlN0IlMjJwYXJhbXMlMjIlM0ElNUIlN0IlMjJjYWxlbmRhciUyMiUzQSU3QiUyMmZpcnN0RGF5T2ZXZWVrJTIyJTNBMSUyQyUyMm5iTW9udGhzMmRpc3BsYXklMjIlM0ElMjIxJTIyJTJDJTIydGl0bGUlMjIlM0ElMjJCT09LJTIwQSUyMFZBTEVOVElORSVFMiU4MCU5OVMlMjBHRVRBV0FZJTIyJTJDJTIyc2hvd0Jlc3RQcmljZSUyMiUzQXRydWUlMkMlMjJzaG93TGFzdFJvb20lMjIlM0F0cnVlJTJDJTIyc2hvd0xhc3RSb29tVGhyZXNob2xkJTIyJTNBMSUyQyUyMnNob3dDaGlsZHJlbkFnZXMlMjIlM0FmYWxzZSUyQyUyMnRoZW1lRGFyayUyMiUzQWZhbHNlJTJDJTIybGF5b3V0TnVtJTIyJTNBMSUyQyUyMnJvb21SYXRlRmlsdGVyaW5nJTIyJTNBMCUyQyUyMnJhdGVGaWx0ZXIlMjIlM0ElNUIlNUQlMkMlMjJyb29tRmlsdGVyJTIyJTNBJTVCJTVEJTJDJTIydXNlTG95YWx0eSUyMiUzQWZhbHNlJTJDJTIybG95YWx0eSUyMiUzQSUyMiUyMiUyQyUyMmxveWFsdHlQYXJhbXMlMjIlM0ElN0IlN0QlN0QlMkMlMjJjdXJyZW5jeSUyMiUzQSUyMkNaSyUyMiUyQyUyMmxvY2FsZSUyMiUzQSUyMmVuX0dCJTIyJTJDJTIycHJpY2VzRGlzcGxheU1vZGUlMjIlM0ElMjJub3JtYWwlMjIlMkMlMjJtYXhBZHVsdHMlMjIlM0E2JTJDJTIybWF4Q2hpbGRyZW4lMjIlM0E0JTJDJTIybWFpbkNvbG9yJTIyJTNBJTIyJTIzYjBhMDZjJTIyJTJDJTIydGhlbWVEYXJrJTIyJTNBZmFsc2UlMkMlMjJvcGVuRnJvbnRJbk5ld1RhYiUyMiUzQXRydWUlMkMlMjJwcm9wZXJ0eSUyMiUzQSUyMmN6bm92MDAwMDElMjIlMkMlMjJ0aXRsZSUyMiUzQSUyMkFtZW5pdHklMjBSZXNvcnQlMjBDZXNrYSUyMEthbmFkYSUyMiUyQyUyMmNoaWxkcmVuTWF4QWdlJTIyJTNBMyUyQyUyMnF1aWNrc2VhcmNoJTIyJTNBJTdCJTIyc2hvd0NoaWxkcmVuQWdlcyUyMiUzQWZhbHNlJTdEJTJDJTIyZmJXaWRnZXQlMjIlM0ElMjJDYWxlbmRhciUyMiU3RCU1RCUyQyUyMmNvbW1vblBhcmFtcyUyMiUzQSU3QiUyMnJlZGlyZWN0VXJsJTIyJTNBJTIyaHR0cHMlM0ElMkYlMkZyZWRpcmVjdC5mYXN0Ym9va2luZy5jb20lMkZESVJFQ1RPUlklMkZkaXNwb3ByaWNlLnBodG1sJTIyJTJDJTIyc2hvd1Byb3BlcnRpZXNMaXN0JTIyJTNBZmFsc2UlMkMlMjJkZW1vTW9kZSUyMiUzQWZhbHNlJTdEJTJDJTIyX2F1dGhDb2RlJTIyJTNBJTIyZXlKMGVYQWlPaUpLVjFRaUxDSmhiR2NpT2lKSVV6STFOaUo5LmV5SnpZMjl3WlhNaU9pSXVLaUlzSW5CeWIzQmxjblJwWlhNaU9pSmplbTV2ZGpBd01EQXhmR042Ykdsd01EQXdNREY4WTNwemNHa3pNVEkzTnlJc0ltZHliM1Z3Y3lJNklsNGtJaXdpWm05eUlqb2lRbUZqYTI5bVptbGpaU0lzSW1saGRDSTZNVFU0TURneU9UTXdOQ3dpYW1sa0lqb2lOV1V6T1RabE5UZ3pOMlJpT0NKOS5ORTdCZVdGTzRYaGFMVWxUc0lnbXR2ZmRMb3BtV004YXVScDlKR0Vxb3JFJTIyJTJDJTIycHJvcGVydHlJbmRleCUyMiUzQTAlMkMlMjJ2ZXJzaW9uJTIyJTNBJTIyMS40MC4wLTElMjIlMkMlMjJiYXNlSG9zdCUyMiUzQSUyMndlYnNkay5mYXN0Ym9va2luZy1zZXJ2aWNlcy5jb20lMjIlN0QlM0MlMkZzY3JpcHQlM0UlMEElM0NsaW5rJTIwcmVsJTNEJTIyc3R5bGVzaGVldCUyMiUyMHByb3BlcnR5JTNEJTIyc3R5bGVzaGVldCUyMiUyMGhyZWYlM0QlMjIlMkYlMkZ3ZWJzZGsuZmFzdGJvb2tpbmctc2VydmljZXMuY29tJTJGd2lkZ2V0cyUyRmFwcC5jc3MlMjIlM0UlMEElM0NzY3JpcHQlMjB0eXBlJTNEJTIydGV4dCUyRmphdmFzY3JpcHQlMjIlMjBzcmMlM0QlMjIlMkYlMkZ3ZWJzZGsuZmFzdGJvb2tpbmctc2VydmljZXMuY29tJTJGd2lkZ2V0cyUyRmFwcC5qcyUyMiUzRSUzQyUyRnNjcmlwdCUzRQ==[\/vc_raw_html][\/vc_column][\/vc_row]<\/p>\n<\/div>","protected":false},"excerpt":{"rendered":"<p>[vc_row full_width=&#8221;stretch_row_content_no_spaces&#8221;][vc_column][\/vc_column][\/vc_row][vc_row][vc_column][vc_separator color=&#8221;custom&#8221; border_width=&#8221;2&#8243; el_width=&#8221;50&#8243; accent_color=&#8221;#c7b39a&#8221;][vc_separator color=&#8221;custom&#8221; border_width=&#8221;2&#8243; el_width=&#8221;50&#8243; accent_color=&#8221;#c7b39a&#8221;][\/vc_column][\/vc_row][vc_row][vc_column][\/vc_column][\/vc_row][vc_row][vc_column][vc_single_image image=&#8221;5160&#8243; img_size=&#8221;full&#8221; alignment=&#8221;center&#8221;][\/vc_column][\/vc_row][vc_row][vc_column][vc_raw_html]JTNDZGl2JTIwaWQlM0QlMjJmYi13aWRnZXQtMSUyMiUyMGNsYXNzJTNEJTIyZmItd2lkZ2V0JTIyJTIwZGF0YS1mYkNvbmZpZyUzRCUyMjAlMjIlM0UlM0MlMkZkaXYlM0UlMEElM0NzY3JpcHQlMjBjbGFzcyUzRCUyMmZiLXdpZGdldC1jb25maWclMjIlMjBkYXRhLWZiQ29uZmlnJTNEJTIyMCUyMiUyMHR5cGUlM0QlMjJhcHBsaWNhdGlvbiUyRmpzb24lMjIlM0UlN0IlMjJwYXJhbXMlMjIlM0ElNUIlN0IlMjJjYWxlbmRhciUyMiUzQSU3QiUyMmZpcnN0RGF5T2ZXZWVrJTIyJTNBMSUyQyUyMm5iTW9udGhzMmRpc3BsYXklMjIlM0ElMjIxJTIyJTJDJTIydGl0bGUlMjIlM0ElMjJCT09LJTIwQSUyMFZBTEVOVElORSVFMiU4MCU5OVMlMjBHRVRBV0FZJTIyJTJDJTIyc2hvd0Jlc3RQcmljZSUyMiUzQXRydWUlMkMlMjJzaG93TGFzdFJvb20lMjIlM0F0cnVlJTJDJTIyc2hvd0xhc3RSb29tVGhyZXNob2xkJTIyJTNBMSUyQyUyMnNob3dDaGlsZHJlbkFnZXMlMjIlM0FmYWxzZSUyQyUyMnRoZW1lRGFyayUyMiUzQWZhbHNlJTJDJTIybGF5b3V0TnVtJTIyJTNBMSUyQyUyMnJvb21SYXRlRmlsdGVyaW5nJTIyJTNBMCUyQyUyMnJhdGVGaWx0ZXIlMjIlM0ElNUIlNUQlMkMlMjJyb29tRmlsdGVyJTIyJTNBJTVCJTVEJTJDJTIydXNlTG95YWx0eSUyMiUzQWZhbHNlJTJDJTIybG95YWx0eSUyMiUzQSUyMiUyMiUyQyUyMmxveWFsdHlQYXJhbXMlMjIlM0ElN0IlN0QlN0QlMkMlMjJjdXJyZW5jeSUyMiUzQSUyMkNaSyUyMiUyQyUyMmxvY2FsZSUyMiUzQSUyMmVuX0dCJTIyJTJDJTIycHJpY2VzRGlzcGxheU1vZGUlMjIlM0ElMjJub3JtYWwlMjIlMkMlMjJtYXhBZHVsdHMlMjIlM0E2JTJDJTIybWF4Q2hpbGRyZW4lMjIlM0E0JTJDJTIybWFpbkNvbG9yJTIyJTNBJTIyJTIzYjBhMDZjJTIyJTJDJTIydGhlbWVEYXJrJTIyJTNBZmFsc2UlMkMlMjJvcGVuRnJvbnRJbk5ld1RhYiUyMiUzQXRydWUlMkMlMjJwcm9wZXJ0eSUyMiUzQSUyMmN6bm92MDAwMDElMjIlMkMlMjJ0aXRsZSUyMiUzQSUyMkFtZW5pdHklMjBSZXNvcnQlMjBDZXNrYSUyMEthbmFkYSUyMiUyQyUyMmNoaWxkcmVuTWF4QWdlJTIyJTNBMyUyQyUyMnF1aWNrc2VhcmNoJTIyJTNBJTdCJTIyc2hvd0NoaWxkcmVuQWdlcyUyMiUzQWZhbHNlJTdEJTJDJTIyZmJXaWRnZXQlMjIlM0ElMjJDYWxlbmRhciUyMiU3RCU1RCUyQyUyMmNvbW1vblBhcmFtcyUyMiUzQSU3QiUyMnJlZGlyZWN0VXJsJTIyJTNBJTIyaHR0cHMlM0ElMkYlMkZyZWRpcmVjdC5mYXN0Ym9va2luZy5jb20lMkZESVJFQ1RPUlklMkZkaXNwb3ByaWNlLnBodG1sJTIyJTJDJTIyc2hvd1Byb3BlcnRpZXNMaXN0JTIyJTNBZmFsc2UlMkMlMjJkZW1vTW9kZSUyMiUzQWZhbHNlJTdEJTJDJTIyX2F1dGhDb2RlJTIyJTNBJTIyZXlKMGVYQWlPaUpLVjFRaUxDSmhiR2NpT2lKSVV6STFOaUo5LmV5SnpZMjl3WlhNaU9pSXVLaUlzSW5CeWIzQmxjblJwWlhNaU9pSmplbTV2ZGpBd01EQXhmR042Ykdsd01EQXdNREY4WTNwemNHa3pNVEkzTnlJc0ltZHliM1Z3Y3lJNklsNGtJaXdpWm05eUlqb2lRbUZqYTI5bVptbGpaU0lzSW1saGRDSTZNVFU0TURneU9UTXdOQ3dpYW1sa0lqb2lOV1V6T1RabE5UZ3pOMlJpT0NKOS5ORTdCZVdGTzRYaGFMVWxUc0lnbXR2ZmRMb3BtV004YXVScDlKR0Vxb3JFJTIyJTJDJTIycHJvcGVydHlJbmRleCUyMiUzQTAlMkMlMjJ2ZXJzaW9uJTIyJTNBJTIyMS40MC4wLTElMjIlMkMlMjJiYXNlSG9zdCUyMiUzQSUyMndlYnNkay5mYXN0Ym9va2luZy1zZXJ2aWNlcy5jb20lMjIlN0QlM0MlMkZzY3JpcHQlM0UlMEElM0NsaW5rJTIwcmVsJTNEJTIyc3R5bGVzaGVldCUyMiUyMHByb3BlcnR5JTNEJTIyc3R5bGVzaGVldCUyMiUyMGhyZWYlM0QlMjIlMkYlMkZ3ZWJzZGsuZmFzdGJvb2tpbmctc2VydmljZXMuY29tJTJGd2lkZ2V0cyUyRmFwcC5jc3MlMjIlM0UlMEElM0NzY3JpcHQlMjB0eXBlJTNEJTIydGV4dCUyRmphdmFzY3JpcHQlMjIlMjBzcmMlM0QlMjIlMkYlMkZ3ZWJzZGsuZmFzdGJvb2tpbmctc2VydmljZXMuY29tJTJGd2lkZ2V0cyUyRmFwcC5qcyUyMiUzRSUzQyUyRnNjcmlwdCUzRQ==[\/vc_raw_html][\/vc_column][\/vc_row]<\/p>\n","protected":false},"author":3,"featured_media":0,"parent":0,"menu_order":0,"comment_status":"closed","ping_status":"closed","template":"","meta":{"footnotes":""},"class_list":["post-5117","page","type-page","status-publish","hentry"],"yoast_head":"<!-- This site is optimized with the Yoast SEO Premium plugin v27.3 (Yoast SEO v27.3) - https:\/\/yoast.com\/product\/yoast-seo-premium-wordpress\/ -->\n<title>Valentine\u2019s Day in Romantic Czech Canada<\/title>\n<meta name=\"description\" content=\"Don\u2019t worry about getting presents. Just take your significant other on a romantic getaway to a cosy, fully-furnished house in the middle of beautiful Czech nature.\" \/>\n<meta name=\"robots\" content=\"index, follow, max-snippet:-1, max-image-preview:large, max-video-preview:-1\" \/>\n<link rel=\"canonical\" href=\"https:\/\/kanada.amenity.cz\/en\/valentines-day\/\" \/>\n<meta property=\"og:locale\" content=\"en_US\" \/>\n<meta property=\"og:type\" content=\"article\" \/>\n<meta property=\"og:title\" content=\"Valentines day\" \/>\n<meta property=\"og:description\" content=\"Don\u2019t worry about getting presents. Just take your significant other on a romantic getaway to a cosy, fully-furnished house in the middle of beautiful Czech nature.\" \/>\n<meta property=\"og:url\" content=\"https:\/\/kanada.amenity.cz\/en\/valentines-day\/\" \/>\n<meta property=\"og:site_name\" content=\"Amenity Resort \u010cesk\u00e1 Kanada\" \/>\n<meta property=\"article:modified_time\" content=\"2020-02-04T13:46:43+00:00\" \/>\n<meta name=\"twitter:card\" content=\"summary_large_image\" \/>\n<meta name=\"twitter:label1\" content=\"Est. reading time\" \/>\n\t<meta name=\"twitter:data1\" content=\"3 minutes\" \/>\n<script type=\"application\/ld+json\" class=\"yoast-schema-graph\">{\"@context\":\"https:\\\/\\\/schema.org\",\"@graph\":[{\"@type\":\"WebPage\",\"@id\":\"https:\\\/\\\/kanada.amenity.cz\\\/en\\\/valentines-day\\\/\",\"url\":\"https:\\\/\\\/kanada.amenity.cz\\\/en\\\/valentines-day\\\/\",\"name\":\"Valentine\u2019s Day in Romantic Czech Canada\",\"isPartOf\":{\"@id\":\"https:\\\/\\\/kanada.amenity.cz\\\/en\\\/#website\"},\"datePublished\":\"2020-02-04T13:16:00+00:00\",\"dateModified\":\"2020-02-04T13:46:43+00:00\",\"description\":\"Don\u2019t worry about getting presents. Just take your significant other on a romantic getaway to a cosy, fully-furnished house in the middle of beautiful Czech nature.\",\"breadcrumb\":{\"@id\":\"https:\\\/\\\/kanada.amenity.cz\\\/en\\\/valentines-day\\\/#breadcrumb\"},\"inLanguage\":\"en-US\",\"potentialAction\":[{\"@type\":\"ReadAction\",\"target\":[\"https:\\\/\\\/kanada.amenity.cz\\\/en\\\/valentines-day\\\/\"]}]},{\"@type\":\"BreadcrumbList\",\"@id\":\"https:\\\/\\\/kanada.amenity.cz\\\/en\\\/valentines-day\\\/#breadcrumb\",\"itemListElement\":[{\"@type\":\"ListItem\",\"position\":1,\"name\":\"Dom\u016f\",\"item\":\"https:\\\/\\\/kanada.amenity.cz\\\/en\\\/\"},{\"@type\":\"ListItem\",\"position\":2,\"name\":\"Valentines day\"}]},{\"@type\":\"WebSite\",\"@id\":\"https:\\\/\\\/kanada.amenity.cz\\\/en\\\/#website\",\"url\":\"https:\\\/\\\/kanada.amenity.cz\\\/en\\\/\",\"name\":\"Amenity Resort \u010cesk\u00e1 Kanada\",\"description\":\"Souhra wellness a golfu\",\"potentialAction\":[{\"@type\":\"SearchAction\",\"target\":{\"@type\":\"EntryPoint\",\"urlTemplate\":\"https:\\\/\\\/kanada.amenity.cz\\\/en\\\/?s={search_term_string}\"},\"query-input\":{\"@type\":\"PropertyValueSpecification\",\"valueRequired\":true,\"valueName\":\"search_term_string\"}}],\"inLanguage\":\"en-US\"}]}<\/script>\n<!-- \/ Yoast SEO Premium plugin. -->","yoast_head_json":{"title":"Valentine\u2019s Day in Romantic Czech Canada","description":"Don\u2019t worry about getting presents. Just take your significant other on a romantic getaway to a cosy, fully-furnished house in the middle of beautiful Czech nature.","robots":{"index":"index","follow":"follow","max-snippet":"max-snippet:-1","max-image-preview":"max-image-preview:large","max-video-preview":"max-video-preview:-1"},"canonical":"https:\/\/kanada.amenity.cz\/en\/valentines-day\/","og_locale":"en_US","og_type":"article","og_title":"Valentines day","og_description":"Don\u2019t worry about getting presents. Just take your significant other on a romantic getaway to a cosy, fully-furnished house in the middle of beautiful Czech nature.","og_url":"https:\/\/kanada.amenity.cz\/en\/valentines-day\/","og_site_name":"Amenity Resort \u010cesk\u00e1 Kanada","article_modified_time":"2020-02-04T13:46:43+00:00","twitter_card":"summary_large_image","twitter_misc":{"Est. reading time":"3 minutes"},"schema":{"@context":"https:\/\/schema.org","@graph":[{"@type":"WebPage","@id":"https:\/\/kanada.amenity.cz\/en\/valentines-day\/","url":"https:\/\/kanada.amenity.cz\/en\/valentines-day\/","name":"Valentine\u2019s Day in Romantic Czech Canada","isPartOf":{"@id":"https:\/\/kanada.amenity.cz\/en\/#website"},"datePublished":"2020-02-04T13:16:00+00:00","dateModified":"2020-02-04T13:46:43+00:00","description":"Don\u2019t worry about getting presents. Just take your significant other on a romantic getaway to a cosy, fully-furnished house in the middle of beautiful Czech nature.","breadcrumb":{"@id":"https:\/\/kanada.amenity.cz\/en\/valentines-day\/#breadcrumb"},"inLanguage":"en-US","potentialAction":[{"@type":"ReadAction","target":["https:\/\/kanada.amenity.cz\/en\/valentines-day\/"]}]},{"@type":"BreadcrumbList","@id":"https:\/\/kanada.amenity.cz\/en\/valentines-day\/#breadcrumb","itemListElement":[{"@type":"ListItem","position":1,"name":"Dom\u016f","item":"https:\/\/kanada.amenity.cz\/en\/"},{"@type":"ListItem","position":2,"name":"Valentines day"}]},{"@type":"WebSite","@id":"https:\/\/kanada.amenity.cz\/en\/#website","url":"https:\/\/kanada.amenity.cz\/en\/","name":"Amenity Resort \u010cesk\u00e1 Kanada","description":"Souhra wellness a golfu","potentialAction":[{"@type":"SearchAction","target":{"@type":"EntryPoint","urlTemplate":"https:\/\/kanada.amenity.cz\/en\/?s={search_term_string}"},"query-input":{"@type":"PropertyValueSpecification","valueRequired":true,"valueName":"search_term_string"}}],"inLanguage":"en-US"}]}},"_links":{"self":[{"href":"https:\/\/kanada.amenity.cz\/en\/wp-json\/wp\/v2\/pages\/5117","targetHints":{"allow":["GET"]}}],"collection":[{"href":"https:\/\/kanada.amenity.cz\/en\/wp-json\/wp\/v2\/pages"}],"about":[{"href":"https:\/\/kanada.amenity.cz\/en\/wp-json\/wp\/v2\/types\/page"}],"author":[{"embeddable":true,"href":"https:\/\/kanada.amenity.cz\/en\/wp-json\/wp\/v2\/users\/3"}],"replies":[{"embeddable":true,"href":"https:\/\/kanada.amenity.cz\/en\/wp-json\/wp\/v2\/comments?post=5117"}],"version-history":[{"count":0,"href":"https:\/\/kanada.amenity.cz\/en\/wp-json\/wp\/v2\/pages\/5117\/revisions"}],"wp:attachment":[{"href":"https:\/\/kanada.amenity.cz\/en\/wp-json\/wp\/v2\/media?parent=5117"}],"curies":[{"name":"wp","href":"https:\/\/api.w.org\/{rel}","templated":true}]}}