{"id":3189,"date":"2019-10-16T12:48:53","date_gmt":"2019-10-16T10:48:53","guid":{"rendered":"http:\/\/ceskakanada.amenity.cz\/restaurant\/"},"modified":"2025-10-13T14:10:35","modified_gmt":"2025-10-13T12:10:35","slug":"restaurant-golf","status":"publish","type":"page","link":"https:\/\/kanada.amenity.cz\/en\/restaurant-golf\/","title":{"rendered":"Restaurant"},"content":{"rendered":"<div class=\"wpb-content-wrapper\"><p>[vc_row full_width=&#8221;stretch_row&#8221;][vc_column]\n\t\t\t<!-- START Dletorestaurace REVOLUTION SLIDER 6.7.4 --><p class=\"rs-p-wp-fix\"><\/p>\n\t\t\t<rs-module-wrap id=\"rev_slider_4_1_wrapper\" data-source=\"gallery\" style=\"visibility:hidden;background:#2b2b2b;padding:0;margin:0px auto;margin-top:0;margin-bottom:0;\">\n\t\t\t\t<rs-module id=\"rev_slider_4_1\" style=\"\" data-version=\"6.7.4\">\n\t\t\t\t\t<rs-slides style=\"overflow: hidden; position: absolute;\">\n\t\t\t\t\t\t<rs-slide style=\"position: absolute;\" data-key=\"rs-26\" data-title=\"Slide\" data-thumb=\"\/\/kanada.amenity.cz\/wp-content\/uploads\/sites\/2\/2021\/03\/kanada_web-jaro-leto_1600x630_23_-100x50.jpg\" data-anim=\"ms:2000;e:slidingoverlay;\" data-in=\"y:100%;\">\n\t\t\t\t\t\t\t<img decoding=\"async\" src=\"\/\/kanada.amenity.cz\/wp-content\/plugins\/revslider\/sr6\/assets\/assets\/dummy.png\" alt=\"\" title=\"kanada_web jaro leto_1600x630_23_\" width=\"1600\" height=\"630\" class=\"rev-slidebg tp-rs-img rs-lazyload\" data-lazyload=\"\/\/kanada.amenity.cz\/wp-content\/uploads\/sites\/2\/2021\/03\/kanada_web-jaro-leto_1600x630_23_.jpg\" data-parallax=\"off\" data-panzoom=\"d:10000;e:power0.inOut;ss:100;se:110%;\" data-no-retina>\n<!--\n\t\t\t\t\t\t\t--><rs-layer\n\t\t\t\t\t\t\t\tid=\"slider-4-slide-26-layer-2\" \n\t\t\t\t\t\t\t\tdata-type=\"object\"\n\t\t\t\t\t\t\t\tdata-rsp_ch=\"on\"\n\t\t\t\t\t\t\t\tdata-xy=\"xo:50px,50px,50px,14px;yo:50px,50px,50px,14px;\"\n\t\t\t\t\t\t\t\tdata-text=\"w:normal;s:20,20,20,5;l:0,0,0,7;\"\n\t\t\t\t\t\t\t\tdata-frame_999=\"o:0;st:w;\"\n\t\t\t\t\t\t\t\tstyle=\"z-index:10;font-family:'Roboto';\"\n\t\t\t\t\t\t\t> \n\t\t\t\t\t\t\t<\/rs-layer><!--\n-->\t\t\t\t\t<\/rs-slide>\n\t\t\t\t\t\t<rs-slide style=\"position: absolute;\" data-key=\"rs-25\" data-title=\"Slide\" data-thumb=\"\/\/kanada.amenity.cz\/wp-content\/uploads\/sites\/2\/2021\/03\/kanada_web-jaro-leto_1600x630_23_7-100x50.jpg\" data-anim=\"ms:2000;e:slidingoverlay;\" data-in=\"y:100%;\">\n\t\t\t\t\t\t\t<img decoding=\"async\" src=\"\/\/kanada.amenity.cz\/wp-content\/plugins\/revslider\/sr6\/assets\/assets\/dummy.png\" alt=\"\" title=\"kanada_web jaro leto_1600x630_23_7\" width=\"1600\" height=\"630\" class=\"rev-slidebg tp-rs-img rs-lazyload\" data-lazyload=\"\/\/kanada.amenity.cz\/wp-content\/uploads\/sites\/2\/2021\/03\/kanada_web-jaro-leto_1600x630_23_7.jpg\" data-parallax=\"off\" data-panzoom=\"d:10000;e:power0.inOut;ss:100;se:110%;\" data-no-retina>\n<!--\n\t\t\t\t\t\t\t--><rs-layer\n\t\t\t\t\t\t\t\tid=\"slider-4-slide-25-layer-2\" \n\t\t\t\t\t\t\t\tdata-type=\"object\"\n\t\t\t\t\t\t\t\tdata-rsp_ch=\"on\"\n\t\t\t\t\t\t\t\tdata-xy=\"xo:50px,50px,50px,14px;yo:50px,50px,50px,14px;\"\n\t\t\t\t\t\t\t\tdata-text=\"w:normal;s:20,20,20,5;l:0,0,0,7;\"\n\t\t\t\t\t\t\t\tdata-frame_999=\"o:0;st:w;\"\n\t\t\t\t\t\t\t\tstyle=\"z-index:10;font-family:'Roboto';\"\n\t\t\t\t\t\t\t> \n\t\t\t\t\t\t\t<\/rs-layer><!--\n-->\t\t\t\t\t<\/rs-slide>\n\t\t\t\t\t\t<rs-slide style=\"position: absolute;\" data-key=\"rs-27\" data-title=\"Slide\" data-thumb=\"\/\/kanada.amenity.cz\/wp-content\/uploads\/sites\/2\/2021\/03\/kanada_web-jaro-leto_1600x630_23_5-100x50.jpg\" data-anim=\"ms:2000;e:slidingoverlay;\" data-in=\"y:100%;\">\n\t\t\t\t\t\t\t<img decoding=\"async\" src=\"\/\/kanada.amenity.cz\/wp-content\/plugins\/revslider\/sr6\/assets\/assets\/dummy.png\" alt=\"\" title=\"kanada_web jaro leto_1600x630_23_5\" width=\"1600\" height=\"630\" class=\"rev-slidebg tp-rs-img rs-lazyload\" data-lazyload=\"\/\/kanada.amenity.cz\/wp-content\/uploads\/sites\/2\/2021\/03\/kanada_web-jaro-leto_1600x630_23_5.jpg\" data-parallax=\"off\" data-panzoom=\"d:10000;e:power0.inOut;ss:100;se:110%;\" data-no-retina>\n<!--\n\t\t\t\t\t\t\t--><rs-layer\n\t\t\t\t\t\t\t\tid=\"slider-4-slide-27-layer-2\" \n\t\t\t\t\t\t\t\tdata-type=\"object\"\n\t\t\t\t\t\t\t\tdata-rsp_ch=\"on\"\n\t\t\t\t\t\t\t\tdata-xy=\"xo:50px,50px,50px,14px;yo:50px,50px,50px,14px;\"\n\t\t\t\t\t\t\t\tdata-text=\"w:normal;s:20,20,20,5;l:0,0,0,7;\"\n\t\t\t\t\t\t\t\tdata-frame_999=\"o:0;st:w;\"\n\t\t\t\t\t\t\t\tstyle=\"z-index:10;font-family:'Roboto';\"\n\t\t\t\t\t\t\t> \n\t\t\t\t\t\t\t<\/rs-layer><!--\n-->\t\t\t\t\t<\/rs-slide>\n\t\t\t\t\t\t<rs-slide style=\"position: absolute;\" data-key=\"rs-32\" data-title=\"Slide\" data-thumb=\"\/\/kanada.amenity.cz\/wp-content\/uploads\/sites\/2\/2021\/03\/kanada_web-jaro-leto_1600x630_23_2-100x50.jpg\" data-anim=\"ms:2000;e:slidingoverlay;\" data-in=\"y:100%;\">\n\t\t\t\t\t\t\t<img decoding=\"async\" src=\"\/\/kanada.amenity.cz\/wp-content\/plugins\/revslider\/sr6\/assets\/assets\/dummy.png\" alt=\"\" title=\"kanada_web jaro leto_1600x630_23_2\" width=\"1600\" height=\"630\" class=\"rev-slidebg tp-rs-img rs-lazyload\" data-lazyload=\"\/\/kanada.amenity.cz\/wp-content\/uploads\/sites\/2\/2021\/03\/kanada_web-jaro-leto_1600x630_23_2.jpg\" data-parallax=\"off\" data-panzoom=\"d:10000;e:power0.inOut;ss:100;se:110%;\" data-no-retina>\n<!--\n\t\t\t\t\t\t\t--><rs-layer\n\t\t\t\t\t\t\t\tid=\"slider-4-slide-32-layer-2\" \n\t\t\t\t\t\t\t\tdata-type=\"object\"\n\t\t\t\t\t\t\t\tdata-rsp_ch=\"on\"\n\t\t\t\t\t\t\t\tdata-xy=\"xo:50px,50px,50px,14px;yo:50px,50px,50px,14px;\"\n\t\t\t\t\t\t\t\tdata-text=\"w:normal;s:20,20,20,5;l:0,0,0,7;\"\n\t\t\t\t\t\t\t\tdata-frame_999=\"o:0;st:w;\"\n\t\t\t\t\t\t\t\tstyle=\"z-index:10;font-family:'Roboto';\"\n\t\t\t\t\t\t\t> \n\t\t\t\t\t\t\t<\/rs-layer><!--\n-->\t\t\t\t\t<\/rs-slide>\n\t\t\t\t\t\t<rs-slide style=\"position: absolute;\" data-key=\"rs-28\" data-title=\"Slide\" data-thumb=\"\/\/kanada.amenity.cz\/wp-content\/uploads\/sites\/2\/2021\/03\/kanada_web-jaro-leto_1600x630_23_6-100x50.jpg\" data-anim=\"ms:2000;e:slidingoverlay;\" data-in=\"y:100%;\">\n\t\t\t\t\t\t\t<img decoding=\"async\" src=\"\/\/kanada.amenity.cz\/wp-content\/plugins\/revslider\/sr6\/assets\/assets\/dummy.png\" alt=\"\" title=\"kanada_web jaro leto_1600x630_23_6\" width=\"1600\" height=\"630\" class=\"rev-slidebg tp-rs-img rs-lazyload\" data-lazyload=\"\/\/kanada.amenity.cz\/wp-content\/uploads\/sites\/2\/2021\/03\/kanada_web-jaro-leto_1600x630_23_6.jpg\" data-parallax=\"off\" data-panzoom=\"d:10000;e:power0.inOut;ss:100;se:110%;\" data-no-retina>\n<!--\n\t\t\t\t\t\t\t--><rs-layer\n\t\t\t\t\t\t\t\tid=\"slider-4-slide-28-layer-2\" \n\t\t\t\t\t\t\t\tdata-type=\"object\"\n\t\t\t\t\t\t\t\tdata-rsp_ch=\"on\"\n\t\t\t\t\t\t\t\tdata-xy=\"xo:50px,50px,50px,14px;yo:50px,50px,50px,14px;\"\n\t\t\t\t\t\t\t\tdata-text=\"w:normal;s:20,20,20,5;l:0,0,0,7;\"\n\t\t\t\t\t\t\t\tdata-frame_999=\"o:0;st:w;\"\n\t\t\t\t\t\t\t\tstyle=\"z-index:10;font-family:'Roboto';\"\n\t\t\t\t\t\t\t> \n\t\t\t\t\t\t\t<\/rs-layer><!--\n-->\t\t\t\t\t<\/rs-slide>\n\t\t\t\t\t\t<rs-slide style=\"position: absolute;\" data-key=\"rs-29\" data-title=\"Slide\" data-thumb=\"\/\/kanada.amenity.cz\/wp-content\/uploads\/sites\/2\/2021\/03\/kanada_web-jaro-leto_1600x630_23_3-100x50.jpg\" data-anim=\"ms:2000;e:slidingoverlay;\" data-in=\"y:100%;\">\n\t\t\t\t\t\t\t<img decoding=\"async\" src=\"\/\/kanada.amenity.cz\/wp-content\/plugins\/revslider\/sr6\/assets\/assets\/dummy.png\" alt=\"\" title=\"kanada_web jaro leto_1600x630_23_3\" width=\"1600\" height=\"630\" class=\"rev-slidebg tp-rs-img rs-lazyload\" data-lazyload=\"\/\/kanada.amenity.cz\/wp-content\/uploads\/sites\/2\/2021\/03\/kanada_web-jaro-leto_1600x630_23_3.jpg\" data-parallax=\"off\" data-panzoom=\"d:10000;e:power0.inOut;ss:100;se:110%;\" data-no-retina>\n<!--\n\t\t\t\t\t\t\t--><rs-layer\n\t\t\t\t\t\t\t\tid=\"slider-4-slide-29-layer-2\" \n\t\t\t\t\t\t\t\tdata-type=\"object\"\n\t\t\t\t\t\t\t\tdata-rsp_ch=\"on\"\n\t\t\t\t\t\t\t\tdata-xy=\"xo:50px,50px,50px,14px;yo:50px,50px,50px,14px;\"\n\t\t\t\t\t\t\t\tdata-text=\"w:normal;s:20,20,20,5;l:0,0,0,7;\"\n\t\t\t\t\t\t\t\tdata-frame_999=\"o:0;st:w;\"\n\t\t\t\t\t\t\t\tstyle=\"z-index:10;font-family:'Roboto';\"\n\t\t\t\t\t\t\t> \n\t\t\t\t\t\t\t<\/rs-layer><!--\n-->\t\t\t\t\t<\/rs-slide>\n\t\t\t\t\t\t<rs-slide style=\"position: absolute;\" data-key=\"rs-31\" data-title=\"Slide\" data-thumb=\"\/\/kanada.amenity.cz\/wp-content\/uploads\/sites\/2\/2019\/07\/restaurace-monachus-1600x6303-100x50.jpg\" data-anim=\"ms:2000;e:slidingoverlay;\" data-in=\"y:100%;\">\n\t\t\t\t\t\t\t<img decoding=\"async\" src=\"\/\/kanada.amenity.cz\/wp-content\/plugins\/revslider\/sr6\/assets\/assets\/dummy.png\" alt=\"\" title=\"restaurace monachus 1600&#215;6303\" width=\"1600\" height=\"630\" class=\"rev-slidebg tp-rs-img rs-lazyload\" data-lazyload=\"\/\/kanada.amenity.cz\/wp-content\/uploads\/sites\/2\/2019\/07\/restaurace-monachus-1600x6303.jpg\" data-parallax=\"off\" data-panzoom=\"d:10000;e:power0.inOut;ss:100;se:110%;\" data-no-retina>\n<!--\n\t\t\t\t\t\t\t--><rs-layer\n\t\t\t\t\t\t\t\tid=\"slider-4-slide-31-layer-2\" \n\t\t\t\t\t\t\t\tdata-type=\"object\"\n\t\t\t\t\t\t\t\tdata-rsp_ch=\"on\"\n\t\t\t\t\t\t\t\tdata-xy=\"xo:50px,50px,50px,14px;yo:50px,50px,50px,14px;\"\n\t\t\t\t\t\t\t\tdata-text=\"w:normal;s:20,20,20,5;l:0,0,0,7;\"\n\t\t\t\t\t\t\t\tdata-frame_999=\"o:0;st:w;\"\n\t\t\t\t\t\t\t\tstyle=\"z-index:10;font-family:'Roboto';\"\n\t\t\t\t\t\t\t> \n\t\t\t\t\t\t\t<\/rs-layer><!--\n-->\t\t\t\t\t<\/rs-slide>\n\t\t\t\t\t<\/rs-slides>\n\t\t\t\t\t<rs-static-layers><!--\n\t\t\t\t\t--><\/rs-static-layers>\n\t\t\t\t<\/rs-module>\n\t\t\t\t<script>\n\t\t\t\t\tsetREVStartSize({c: 'rev_slider_4_1',rl:[1240,1240,1240,480],el:[630,630,630,720],gw:[1600,1600,1600,480],gh:[630,630,630,720],type:'standard',justify:'',layout:'fullwidth',mh:\"0\"});if (window.RS_MODULES!==undefined && window.RS_MODULES.modules!==undefined && window.RS_MODULES.modules[\"revslider41\"]!==undefined) {window.RS_MODULES.modules[\"revslider41\"].once = false;window.revapi4 = undefined;if (window.RS_MODULES.checkMinimal!==undefined) window.RS_MODULES.checkMinimal()}\n\t\t\t\t<\/script>\n\t\t\t<\/rs-module-wrap>\n\t\t\t<!-- END REVOLUTION SLIDER -->\n[\/vc_column][\/vc_row][vc_row][vc_column]<div  class=\"empty-space  marg-lg-b35\"><\/div>[\/vc_column][\/vc_row][vc_row][vc_column width=&#8221;1\/6&#8243;][\/vc_column][vc_column width=&#8221;4\/6&#8243;][vc_separator color=&#8221;custom&#8221; border_width=&#8221;2&#8243; el_width=&#8221;50&#8243; accent_color=&#8221;#c7b39a&#8221;]<div  class=\"empty-space  marg-lg-b30\"><\/div><div class=\"text-block \" ><div class=\"simple-text \"><h1 style=\"text-align: center;\">Restaurant Monachus<\/h1>\n<p style=\"text-align: center;\"><strong>Open in summer season.<\/strong><\/p>\n<p style=\"text-align: center;\">Take a seat in comfortable chairs, order something tasty and enjoy the beautiful view of the surrounding landscape of the Czech Canada (\u010cesk\u00e1 Kanada) nature park. Restaurant is open to the public.<\/p>\n<\/div><\/div>[\/vc_column][vc_column width=&#8221;1\/6&#8243;][\/vc_column][\/vc_row][vc_row][vc_column]<div  class=\"empty-space  marg-lg-b25\"><\/div>[vc_separator color=&#8221;custom&#8221; border_width=&#8221;2&#8243; el_width=&#8221;50&#8243; accent_color=&#8221;#c7b39a&#8221;]<div  class=\"empty-space  marg-lg-b10\"><\/div>[\/vc_column][\/vc_row][vc_row full_width=&#8221;stretch_row_content_no_spaces&#8221;][vc_column]<div  class=\"hb-text-block__wrapper style1\"><div class=\"row\"><div class=\"col-md-6\"><div class=\"hb-image__block\"><img decoding=\"async\" src=\"https:\/\/kanada.amenity.cz\/wp-content\/uploads\/sites\/2\/2019\/11\/restaurace-825x625-e1564046720972.jpg\" alt=\"\" \/><\/div><\/div><div class=\"col-md-6\"><div class=\"hb-text_block_content\"><div class=\"hb-text-block___inner_wrapper\"><div class=\"featured-rooms-slider__title title-color-black\"><\/div><div class=\"featured-rooms-slider__text content-color-grey\"><\/p>\n<p style=\"text-align: left\">The restaurant is part of Monachus Golf Resort. Our guests can enjoy the fixed menu or purchase breakfast along with their accommodation.<\/p>\n<p style=\"text-align: left\"><strong>Golfresort Monachus<br \/>\n<\/strong>Mnich 811<br \/>\n378 33 Nov\u00e1 Byst\u0159ice<\/p>\n<p><strong>Opening hours:<br \/>\n<\/strong>Open in golf season only<\/p>\n<p>11 a.m. \u2013 8 p.m.<\/p>\n<p style=\"text-align: left\"><strong>Reservation:<br \/>\n<\/strong><a href=\"mailto:info@golfmonachus.cz\"><img loading=\"lazy\" decoding=\"async\" class=\"wp-image-2409 alignnone\" src=\"http:\/\/kanada.amenity.cz\/wp-content\/uploads\/sites\/2\/2019\/08\/e-mail.png\" alt=\"\" width=\"25\" height=\"25\" \/><\/a> <a href=\"mailto:info@golfmonachus.cz\">info@golfmonachus.cz<\/a><br \/>\n<img loading=\"lazy\" decoding=\"async\" class=\"wp-image-2409 alignnone\" src=\"http:\/\/kanada.amenity.cz\/wp-content\/uploads\/sites\/2\/2019\/08\/telefon.png\" alt=\"\" width=\"25\" height=\"25\" \/> (+ 420) 602 130 905<\/p>\n<p><\/div><\/div><\/div><\/div><\/div><\/div>[\/vc_column][\/vc_row][vc_row full_width=&#8221;stretch_row_content_no_spaces&#8221;][vc_column]<div  class=\"empty-space  marg-lg-b25 marg-xs-b50\"><\/div>[\/vc_column][\/vc_row]<\/p>\n<\/div>","protected":false},"excerpt":{"rendered":"<p>[vc_row full_width=&#8221;stretch_row&#8221;][vc_column][\/vc_column][\/vc_row][vc_row][vc_column][\/vc_column][\/vc_row][vc_row][vc_column width=&#8221;1\/6&#8243;][\/vc_column][vc_column width=&#8221;4\/6&#8243;][vc_separator color=&#8221;custom&#8221; border_width=&#8221;2&#8243; el_width=&#8221;50&#8243; accent_color=&#8221;#c7b39a&#8221;][\/vc_column][vc_column width=&#8221;1\/6&#8243;][\/vc_column][\/vc_row][vc_row][vc_column][vc_separator color=&#8221;custom&#8221; border_width=&#8221;2&#8243; el_width=&#8221;50&#8243; accent_color=&#8221;#c7b39a&#8221;][\/vc_column][\/vc_row][vc_row full_width=&#8221;stretch_row_content_no_spaces&#8221;][vc_column][\/vc_column][\/vc_row][vc_row full_width=&#8221;stretch_row_content_no_spaces&#8221;][vc_column][\/vc_column][\/vc_row]<\/p>\n","protected":false},"author":2,"featured_media":0,"parent":0,"menu_order":0,"comment_status":"closed","ping_status":"closed","template":"","meta":{"footnotes":""},"class_list":["post-3189","page","type-page","status-publish","hentry"],"yoast_head":"<!-- This site is optimized with the Yoast SEO Premium plugin v27.3 (Yoast SEO v27.3) - https:\/\/yoast.com\/product\/yoast-seo-premium-wordpress\/ -->\n<title>Restaurace Monachus v Nov\u00e9 Byst\u0159ici je sou\u010dast\u00ed golf resortu Monachus<\/title>\n<meta name=\"description\" content=\"Restaurant in Golf resort Monachus in Nov\u00e1 Byst\u0159ice is opened for public. We serve fresh specialities of lokal and international cuisine every day.\" \/>\n<meta name=\"robots\" content=\"index, follow, max-snippet:-1, max-image-preview:large, max-video-preview:-1\" \/>\n<link rel=\"canonical\" href=\"https:\/\/kanada.amenity.cz\/en\/restaurant-golf\/\" \/>\n<meta property=\"og:locale\" content=\"en_US\" \/>\n<meta property=\"og:type\" content=\"article\" \/>\n<meta property=\"og:title\" content=\"Restaurant\" \/>\n<meta property=\"og:description\" content=\"Restaurant in Golf resort Monachus in Nov\u00e1 Byst\u0159ice is opened for public. We serve fresh specialities of lokal and international cuisine every day.\" \/>\n<meta property=\"og:url\" content=\"https:\/\/kanada.amenity.cz\/en\/restaurant-golf\/\" \/>\n<meta property=\"og:site_name\" content=\"Amenity Resort \u010cesk\u00e1 Kanada\" \/>\n<meta property=\"article:modified_time\" content=\"2025-10-13T12:10:35+00:00\" \/>\n<meta property=\"og:image\" content=\"http:\/\/kanada.amenity.cz\/wp-content\/uploads\/sites\/2\/2019\/08\/e-mail.png\" \/>\n<meta name=\"twitter:card\" content=\"summary_large_image\" \/>\n<meta name=\"twitter:label1\" content=\"Est. reading time\" \/>\n\t<meta name=\"twitter:data1\" content=\"2 minutes\" \/>\n<script type=\"application\/ld+json\" class=\"yoast-schema-graph\">{\"@context\":\"https:\\\/\\\/schema.org\",\"@graph\":[{\"@type\":\"WebPage\",\"@id\":\"https:\\\/\\\/kanada.amenity.cz\\\/en\\\/restaurant-golf\\\/\",\"url\":\"https:\\\/\\\/kanada.amenity.cz\\\/en\\\/restaurant-golf\\\/\",\"name\":\"Restaurace Monachus v Nov\u00e9 Byst\u0159ici je sou\u010dast\u00ed golf resortu Monachus\",\"isPartOf\":{\"@id\":\"https:\\\/\\\/kanada.amenity.cz\\\/en\\\/#website\"},\"primaryImageOfPage\":{\"@id\":\"https:\\\/\\\/kanada.amenity.cz\\\/en\\\/restaurant-golf\\\/#primaryimage\"},\"image\":{\"@id\":\"https:\\\/\\\/kanada.amenity.cz\\\/en\\\/restaurant-golf\\\/#primaryimage\"},\"thumbnailUrl\":\"http:\\\/\\\/kanada.amenity.cz\\\/wp-content\\\/uploads\\\/sites\\\/2\\\/2019\\\/08\\\/e-mail.png\",\"datePublished\":\"2019-10-16T10:48:53+00:00\",\"dateModified\":\"2025-10-13T12:10:35+00:00\",\"description\":\"Restaurant in Golf resort Monachus in Nov\u00e1 Byst\u0159ice is opened for public. We serve fresh specialities of lokal and international cuisine every day.\",\"breadcrumb\":{\"@id\":\"https:\\\/\\\/kanada.amenity.cz\\\/en\\\/restaurant-golf\\\/#breadcrumb\"},\"inLanguage\":\"en-US\",\"potentialAction\":[{\"@type\":\"ReadAction\",\"target\":[\"https:\\\/\\\/kanada.amenity.cz\\\/en\\\/restaurant-golf\\\/\"]}]},{\"@type\":\"ImageObject\",\"inLanguage\":\"en-US\",\"@id\":\"https:\\\/\\\/kanada.amenity.cz\\\/en\\\/restaurant-golf\\\/#primaryimage\",\"url\":\"http:\\\/\\\/kanada.amenity.cz\\\/wp-content\\\/uploads\\\/sites\\\/2\\\/2019\\\/08\\\/e-mail.png\",\"contentUrl\":\"http:\\\/\\\/kanada.amenity.cz\\\/wp-content\\\/uploads\\\/sites\\\/2\\\/2019\\\/08\\\/e-mail.png\"},{\"@type\":\"BreadcrumbList\",\"@id\":\"https:\\\/\\\/kanada.amenity.cz\\\/en\\\/restaurant-golf\\\/#breadcrumb\",\"itemListElement\":[{\"@type\":\"ListItem\",\"position\":1,\"name\":\"Dom\u016f\",\"item\":\"https:\\\/\\\/kanada.amenity.cz\\\/en\\\/\"},{\"@type\":\"ListItem\",\"position\":2,\"name\":\"Restaurant\"}]},{\"@type\":\"WebSite\",\"@id\":\"https:\\\/\\\/kanada.amenity.cz\\\/en\\\/#website\",\"url\":\"https:\\\/\\\/kanada.amenity.cz\\\/en\\\/\",\"name\":\"Amenity Resort \u010cesk\u00e1 Kanada\",\"description\":\"Souhra wellness a golfu\",\"potentialAction\":[{\"@type\":\"SearchAction\",\"target\":{\"@type\":\"EntryPoint\",\"urlTemplate\":\"https:\\\/\\\/kanada.amenity.cz\\\/en\\\/?s={search_term_string}\"},\"query-input\":{\"@type\":\"PropertyValueSpecification\",\"valueRequired\":true,\"valueName\":\"search_term_string\"}}],\"inLanguage\":\"en-US\"}]}<\/script>\n<!-- \/ Yoast SEO Premium plugin. -->","yoast_head_json":{"title":"Restaurace Monachus v Nov\u00e9 Byst\u0159ici je sou\u010dast\u00ed golf resortu Monachus","description":"Restaurant in Golf resort Monachus in Nov\u00e1 Byst\u0159ice is opened for public. We serve fresh specialities of lokal and international cuisine every day.","robots":{"index":"index","follow":"follow","max-snippet":"max-snippet:-1","max-image-preview":"max-image-preview:large","max-video-preview":"max-video-preview:-1"},"canonical":"https:\/\/kanada.amenity.cz\/en\/restaurant-golf\/","og_locale":"en_US","og_type":"article","og_title":"Restaurant","og_description":"Restaurant in Golf resort Monachus in Nov\u00e1 Byst\u0159ice is opened for public. We serve fresh specialities of lokal and international cuisine every day.","og_url":"https:\/\/kanada.amenity.cz\/en\/restaurant-golf\/","og_site_name":"Amenity Resort \u010cesk\u00e1 Kanada","article_modified_time":"2025-10-13T12:10:35+00:00","og_image":[{"url":"http:\/\/kanada.amenity.cz\/wp-content\/uploads\/sites\/2\/2019\/08\/e-mail.png","type":"","width":"","height":""}],"twitter_card":"summary_large_image","twitter_misc":{"Est. reading time":"2 minutes"},"schema":{"@context":"https:\/\/schema.org","@graph":[{"@type":"WebPage","@id":"https:\/\/kanada.amenity.cz\/en\/restaurant-golf\/","url":"https:\/\/kanada.amenity.cz\/en\/restaurant-golf\/","name":"Restaurace Monachus v Nov\u00e9 Byst\u0159ici je sou\u010dast\u00ed golf resortu Monachus","isPartOf":{"@id":"https:\/\/kanada.amenity.cz\/en\/#website"},"primaryImageOfPage":{"@id":"https:\/\/kanada.amenity.cz\/en\/restaurant-golf\/#primaryimage"},"image":{"@id":"https:\/\/kanada.amenity.cz\/en\/restaurant-golf\/#primaryimage"},"thumbnailUrl":"http:\/\/kanada.amenity.cz\/wp-content\/uploads\/sites\/2\/2019\/08\/e-mail.png","datePublished":"2019-10-16T10:48:53+00:00","dateModified":"2025-10-13T12:10:35+00:00","description":"Restaurant in Golf resort Monachus in Nov\u00e1 Byst\u0159ice is opened for public. We serve fresh specialities of lokal and international cuisine every day.","breadcrumb":{"@id":"https:\/\/kanada.amenity.cz\/en\/restaurant-golf\/#breadcrumb"},"inLanguage":"en-US","potentialAction":[{"@type":"ReadAction","target":["https:\/\/kanada.amenity.cz\/en\/restaurant-golf\/"]}]},{"@type":"ImageObject","inLanguage":"en-US","@id":"https:\/\/kanada.amenity.cz\/en\/restaurant-golf\/#primaryimage","url":"http:\/\/kanada.amenity.cz\/wp-content\/uploads\/sites\/2\/2019\/08\/e-mail.png","contentUrl":"http:\/\/kanada.amenity.cz\/wp-content\/uploads\/sites\/2\/2019\/08\/e-mail.png"},{"@type":"BreadcrumbList","@id":"https:\/\/kanada.amenity.cz\/en\/restaurant-golf\/#breadcrumb","itemListElement":[{"@type":"ListItem","position":1,"name":"Dom\u016f","item":"https:\/\/kanada.amenity.cz\/en\/"},{"@type":"ListItem","position":2,"name":"Restaurant"}]},{"@type":"WebSite","@id":"https:\/\/kanada.amenity.cz\/en\/#website","url":"https:\/\/kanada.amenity.cz\/en\/","name":"Amenity Resort \u010cesk\u00e1 Kanada","description":"Souhra wellness a golfu","potentialAction":[{"@type":"SearchAction","target":{"@type":"EntryPoint","urlTemplate":"https:\/\/kanada.amenity.cz\/en\/?s={search_term_string}"},"query-input":{"@type":"PropertyValueSpecification","valueRequired":true,"valueName":"search_term_string"}}],"inLanguage":"en-US"}]}},"_links":{"self":[{"href":"https:\/\/kanada.amenity.cz\/en\/wp-json\/wp\/v2\/pages\/3189","targetHints":{"allow":["GET"]}}],"collection":[{"href":"https:\/\/kanada.amenity.cz\/en\/wp-json\/wp\/v2\/pages"}],"about":[{"href":"https:\/\/kanada.amenity.cz\/en\/wp-json\/wp\/v2\/types\/page"}],"author":[{"embeddable":true,"href":"https:\/\/kanada.amenity.cz\/en\/wp-json\/wp\/v2\/users\/2"}],"replies":[{"embeddable":true,"href":"https:\/\/kanada.amenity.cz\/en\/wp-json\/wp\/v2\/comments?post=3189"}],"version-history":[{"count":5,"href":"https:\/\/kanada.amenity.cz\/en\/wp-json\/wp\/v2\/pages\/3189\/revisions"}],"predecessor-version":[{"id":11262,"href":"https:\/\/kanada.amenity.cz\/en\/wp-json\/wp\/v2\/pages\/3189\/revisions\/11262"}],"wp:attachment":[{"href":"https:\/\/kanada.amenity.cz\/en\/wp-json\/wp\/v2\/media?parent=3189"}],"curies":[{"name":"wp","href":"https:\/\/api.w.org\/{rel}","templated":true}]}}