{"id":5732,"date":"2020-03-24T15:41:30","date_gmt":"2020-03-24T14:41:30","guid":{"rendered":"http:\/\/kanada.amenity.cz\/snidanovy-kos\/"},"modified":"2024-09-18T14:21:47","modified_gmt":"2024-09-18T12:21:47","slug":"fruhstuckskorb-bis-an-ihre-tur","status":"publish","type":"page","link":"https:\/\/kanada.amenity.cz\/de\/fruhstuckskorb-bis-an-ihre-tur\/","title":{"rendered":"Fr\u00fchst\u00fcckskorb bis an Ihre T\u00fcr"},"content":{"rendered":"<div class=\"wpb-content-wrapper\"><p>[vc_row full_width=&#8221;stretch_row_content_no_spaces&#8221;][vc_column][\/vc_column][\/vc_row][vc_row][vc_column]<div  class=\"empty-space  marg-lg-b35\"><\/div>[vc_separator color=&#8221;custom&#8221; border_width=&#8221;2&#8243; el_width=&#8221;50&#8243; accent_color=&#8221;#c7b39a&#8221;]<div  class=\"main-heading\"><span class=\"subtitle\"><\/span><h2 class=\"title\">Fr\u00fchst\u00fcckskorb bis an Ihre T\u00fcr<\/h2><\/div><div  class=\"empty-space  marg-lg-b25\"><\/div>[vc_separator color=&#8221;custom&#8221; border_width=&#8221;2&#8243; el_width=&#8221;50&#8243; accent_color=&#8221;#c7b39a&#8221;]<div  class=\"empty-space  marg-lg-b10\"><\/div>[\/vc_column][\/vc_row][vc_row][vc_column]<div class=\"text-block \" ><div class=\"simple-text \"><p style=\"text-align: left;\"><strong>Wir glauben, dass ein leckeres Fr\u00fchst\u00fcck den Tag ausmacht.<\/strong><\/p>\n<p style=\"text-align: left;\">Es gibt nichts Besseres, als morgens in der Natur aufzuwachen, die Fenster zu \u00f6ffnen, die frische Luft einzuatmen und bei der T\u00fcr den Fr\u00fchst\u00fcckskorb voll mit leckeren Sachen abzuholen. Dazu dann noch einen Kaffee kochen, den Tisch decken und der Tag kann beginnen.<\/p>\n<\/div><\/div><div  class=\"empty-space  marg-lg-b25\"><\/div><div class=\"text-block \" ><div class=\"simple-text \"><p style=\"text-align: left;\"><strong>Fr\u00fchst\u00fcckskorb beinhaltet:<\/strong><\/p>\n<\/div><\/div>[\/vc_column][\/vc_row][vc_row][vc_column width=&#8221;1\/2&#8243;]<div class=\"text-block \" ><div class=\"simple-text \"><ul>\n<li>Geb\u00e4ck<\/li>\n<li>Butter<\/li>\n<li>Honig<\/li>\n<li>Marmelade<\/li>\n<li>K\u00e4se in Scheiben<\/li>\n<li>Schinken in Scheiben<\/li>\n<\/ul>\n<\/div><\/div>[\/vc_column][vc_column width=&#8221;1\/2&#8243;]<div class=\"text-block \" ><div class=\"simple-text \"><ul>\n<li>Eier<\/li>\n<li>Jogurt<\/li>\n<li>Fr\u00fchst\u00fcckstee<\/li>\n<li>Obst<\/li>\n<li>Gem\u00fcse<\/li>\n<li>Saft<\/li>\n<li>Milch<\/li>\n<li>M\u00fcsli<\/li>\n<\/ul>\n<\/div><\/div>[\/vc_column][\/vc_row][vc_row][vc_column]<div  class=\"empty-space  marg-lg-b25\"><\/div><div class=\"text-block \" ><div class=\"simple-text \"><p style=\"text-align: left;\"><strong>Preis CZK 675,- \/ 1 Korb <\/strong>(geeignet f\u00fcr 2 Erwachsene und 2 Kinder bis 6 Jahre)<\/p>\n<\/div><\/div><div class=\"text-block \" ><div class=\"simple-text \"><p style=\"text-align: left;\">Wenn Sie einen Fr\u00fchst\u00fcckskorb bestellen m\u00f6chten, schreiben Sie es im letzten Schritt Ihrer Buchung als Notiz hin, oder kontaktieren Sie die Rezeption. Die Bezahlung kann nach Anreise an der Rezeption durchgef\u00fchrt werden. Im Fall, dass Sie spezielle W\u00fcnsche an die Lebensmittelwahl haben, lassen Sie es uns wissen. Wir freuen uns auf Sie.<\/p>\n<\/div><\/div><div  class=\"empty-space  marg-lg-b25\"><\/div>[vc_separator color=&#8221;custom&#8221; border_width=&#8221;2&#8243; el_width=&#8221;50&#8243; accent_color=&#8221;#c7b39a&#8221;]<div  class=\"empty-space  marg-lg-b25\"><\/div>[\/vc_column][\/vc_row][vc_row][vc_column width=&#8221;1\/4&#8243;][vc_single_image image=&#8221;5531&#8243; img_size=&#8221;full&#8221;][\/vc_column][vc_column width=&#8221;1\/4&#8243;][vc_single_image image=&#8221;5525&#8243; img_size=&#8221;full&#8221;][\/vc_column][vc_column width=&#8221;1\/4&#8243;][vc_single_image image=&#8221;5504&#8243; img_size=&#8221;full&#8221;][\/vc_column][vc_column width=&#8221;1\/4&#8243;][vc_single_image image=&#8221;5534&#8243; img_size=&#8221;full&#8221;][\/vc_column][\/vc_row][vc_row][vc_column]<div  class=\"empty-space  marg-lg-b25\"><\/div>[\/vc_column][\/vc_row]<\/p>\n<\/div>","protected":false},"excerpt":{"rendered":"<p>[vc_row full_width=&#8221;stretch_row_content_no_spaces&#8221;][vc_column][\/vc_column][\/vc_row][vc_row][vc_column][vc_separator color=&#8221;custom&#8221; border_width=&#8221;2&#8243; el_width=&#8221;50&#8243; accent_color=&#8221;#c7b39a&#8221;][vc_separator color=&#8221;custom&#8221; border_width=&#8221;2&#8243; el_width=&#8221;50&#8243; accent_color=&#8221;#c7b39a&#8221;][\/vc_column][\/vc_row][vc_row][vc_column][\/vc_column][\/vc_row][vc_row][vc_column width=&#8221;1\/2&#8243;][\/vc_column][vc_column width=&#8221;1\/2&#8243;][\/vc_column][\/vc_row][vc_row][vc_column][vc_separator color=&#8221;custom&#8221; border_width=&#8221;2&#8243; el_width=&#8221;50&#8243; accent_color=&#8221;#c7b39a&#8221;][\/vc_column][\/vc_row][vc_row][vc_column width=&#8221;1\/4&#8243;][vc_single_image image=&#8221;5531&#8243; img_size=&#8221;full&#8221;][\/vc_column][vc_column width=&#8221;1\/4&#8243;][vc_single_image image=&#8221;5525&#8243; img_size=&#8221;full&#8221;][\/vc_column][vc_column width=&#8221;1\/4&#8243;][vc_single_image image=&#8221;5504&#8243; img_size=&#8221;full&#8221;][\/vc_column][vc_column width=&#8221;1\/4&#8243;][vc_single_image image=&#8221;5534&#8243; img_size=&#8221;full&#8221;][\/vc_column][\/vc_row][vc_row][vc_column][\/vc_column][\/vc_row]<\/p>\n","protected":false},"author":3,"featured_media":0,"parent":0,"menu_order":0,"comment_status":"closed","ping_status":"closed","template":"","meta":{"footnotes":""},"class_list":["post-5732","page","type-page","status-publish","hentry"],"yoast_head":"<!-- This site is optimized with the Yoast SEO Premium plugin v27.3 (Yoast SEO v27.3) - https:\/\/yoast.com\/product\/yoast-seo-premium-wordpress\/ -->\n<title>Fr\u00fchst\u00fcckskorb bis an Ihre T\u00fcr<\/title>\n<meta name=\"description\" content=\"Wir glauben, dass ein leckeres Fr\u00fchst\u00fcck den Tag ausmacht.Es gibt nichts Besseres, als morgens in der Natur aufzuwachen, die Fenster zu \u00f6ffnen, die frische Luft einzuatmen und bei der T\u00fcr den Fr\u00fchst\u00fcckskorb voll mit leckeren Sachen abzuholen.\" \/>\n<meta name=\"robots\" content=\"index, follow, max-snippet:-1, max-image-preview:large, max-video-preview:-1\" \/>\n<link rel=\"canonical\" href=\"https:\/\/kanada.amenity.cz\/de\/fruhstuckskorb-bis-an-ihre-tur\/\" \/>\n<meta property=\"og:locale\" content=\"de_DE\" \/>\n<meta property=\"og:type\" content=\"article\" \/>\n<meta property=\"og:title\" content=\"Fr\u00fchst\u00fcckskorb bis an Ihre T\u00fcr\" \/>\n<meta property=\"og:description\" content=\"Wir glauben, dass ein leckeres Fr\u00fchst\u00fcck den Tag ausmacht.Es gibt nichts Besseres, als morgens in der Natur aufzuwachen, die Fenster zu \u00f6ffnen, die frische Luft einzuatmen und bei der T\u00fcr den Fr\u00fchst\u00fcckskorb voll mit leckeren Sachen abzuholen.\" \/>\n<meta property=\"og:url\" content=\"https:\/\/kanada.amenity.cz\/de\/fruhstuckskorb-bis-an-ihre-tur\/\" \/>\n<meta property=\"og:site_name\" content=\"Amenity Hotel &amp; Resort \u010cesk\u00e1 Kanada\" \/>\n<meta property=\"article:modified_time\" content=\"2024-09-18T12:21:47+00:00\" \/>\n<meta name=\"twitter:card\" content=\"summary_large_image\" \/>\n<meta name=\"twitter:label1\" content=\"Gesch\u00e4tzte Lesezeit\" \/>\n\t<meta name=\"twitter:data1\" content=\"2\u00a0Minuten\" \/>\n<script type=\"application\/ld+json\" class=\"yoast-schema-graph\">{\"@context\":\"https:\\\/\\\/schema.org\",\"@graph\":[{\"@type\":\"WebPage\",\"@id\":\"https:\\\/\\\/kanada.amenity.cz\\\/de\\\/fruhstuckskorb-bis-an-ihre-tur\\\/\",\"url\":\"https:\\\/\\\/kanada.amenity.cz\\\/de\\\/fruhstuckskorb-bis-an-ihre-tur\\\/\",\"name\":\"Fr\u00fchst\u00fcckskorb bis an Ihre T\u00fcr\",\"isPartOf\":{\"@id\":\"https:\\\/\\\/kanada.amenity.cz\\\/de\\\/#website\"},\"datePublished\":\"2020-03-24T14:41:30+00:00\",\"dateModified\":\"2024-09-18T12:21:47+00:00\",\"description\":\"Wir glauben, dass ein leckeres Fr\u00fchst\u00fcck den Tag ausmacht.Es gibt nichts Besseres, als morgens in der Natur aufzuwachen, die Fenster zu \u00f6ffnen, die frische Luft einzuatmen und bei der T\u00fcr den Fr\u00fchst\u00fcckskorb voll mit leckeren Sachen abzuholen.\",\"breadcrumb\":{\"@id\":\"https:\\\/\\\/kanada.amenity.cz\\\/de\\\/fruhstuckskorb-bis-an-ihre-tur\\\/#breadcrumb\"},\"inLanguage\":\"de\",\"potentialAction\":[{\"@type\":\"ReadAction\",\"target\":[\"https:\\\/\\\/kanada.amenity.cz\\\/de\\\/fruhstuckskorb-bis-an-ihre-tur\\\/\"]}]},{\"@type\":\"BreadcrumbList\",\"@id\":\"https:\\\/\\\/kanada.amenity.cz\\\/de\\\/fruhstuckskorb-bis-an-ihre-tur\\\/#breadcrumb\",\"itemListElement\":[{\"@type\":\"ListItem\",\"position\":1,\"name\":\"Dom\u016f\",\"item\":\"https:\\\/\\\/kanada.amenity.cz\\\/de\\\/\"},{\"@type\":\"ListItem\",\"position\":2,\"name\":\"Fr\u00fchst\u00fcckskorb bis an Ihre T\u00fcr\"}]},{\"@type\":\"WebSite\",\"@id\":\"https:\\\/\\\/kanada.amenity.cz\\\/de\\\/#website\",\"url\":\"https:\\\/\\\/kanada.amenity.cz\\\/de\\\/\",\"name\":\"Amenity Hotel &amp; Resort \u010cesk\u00e1 Kanada\",\"description\":\"Souhra wellness a golfu\",\"potentialAction\":[{\"@type\":\"SearchAction\",\"target\":{\"@type\":\"EntryPoint\",\"urlTemplate\":\"https:\\\/\\\/kanada.amenity.cz\\\/de\\\/?s={search_term_string}\"},\"query-input\":{\"@type\":\"PropertyValueSpecification\",\"valueRequired\":true,\"valueName\":\"search_term_string\"}}],\"inLanguage\":\"de\"}]}<\/script>\n<!-- \/ Yoast SEO Premium plugin. -->","yoast_head_json":{"title":"Fr\u00fchst\u00fcckskorb bis an Ihre T\u00fcr","description":"Wir glauben, dass ein leckeres Fr\u00fchst\u00fcck den Tag ausmacht.Es gibt nichts Besseres, als morgens in der Natur aufzuwachen, die Fenster zu \u00f6ffnen, die frische Luft einzuatmen und bei der T\u00fcr den Fr\u00fchst\u00fcckskorb voll mit leckeren Sachen abzuholen.","robots":{"index":"index","follow":"follow","max-snippet":"max-snippet:-1","max-image-preview":"max-image-preview:large","max-video-preview":"max-video-preview:-1"},"canonical":"https:\/\/kanada.amenity.cz\/de\/fruhstuckskorb-bis-an-ihre-tur\/","og_locale":"de_DE","og_type":"article","og_title":"Fr\u00fchst\u00fcckskorb bis an Ihre T\u00fcr","og_description":"Wir glauben, dass ein leckeres Fr\u00fchst\u00fcck den Tag ausmacht.Es gibt nichts Besseres, als morgens in der Natur aufzuwachen, die Fenster zu \u00f6ffnen, die frische Luft einzuatmen und bei der T\u00fcr den Fr\u00fchst\u00fcckskorb voll mit leckeren Sachen abzuholen.","og_url":"https:\/\/kanada.amenity.cz\/de\/fruhstuckskorb-bis-an-ihre-tur\/","og_site_name":"Amenity Hotel &amp; Resort \u010cesk\u00e1 Kanada","article_modified_time":"2024-09-18T12:21:47+00:00","twitter_card":"summary_large_image","twitter_misc":{"Gesch\u00e4tzte Lesezeit":"2\u00a0Minuten"},"schema":{"@context":"https:\/\/schema.org","@graph":[{"@type":"WebPage","@id":"https:\/\/kanada.amenity.cz\/de\/fruhstuckskorb-bis-an-ihre-tur\/","url":"https:\/\/kanada.amenity.cz\/de\/fruhstuckskorb-bis-an-ihre-tur\/","name":"Fr\u00fchst\u00fcckskorb bis an Ihre T\u00fcr","isPartOf":{"@id":"https:\/\/kanada.amenity.cz\/de\/#website"},"datePublished":"2020-03-24T14:41:30+00:00","dateModified":"2024-09-18T12:21:47+00:00","description":"Wir glauben, dass ein leckeres Fr\u00fchst\u00fcck den Tag ausmacht.Es gibt nichts Besseres, als morgens in der Natur aufzuwachen, die Fenster zu \u00f6ffnen, die frische Luft einzuatmen und bei der T\u00fcr den Fr\u00fchst\u00fcckskorb voll mit leckeren Sachen abzuholen.","breadcrumb":{"@id":"https:\/\/kanada.amenity.cz\/de\/fruhstuckskorb-bis-an-ihre-tur\/#breadcrumb"},"inLanguage":"de","potentialAction":[{"@type":"ReadAction","target":["https:\/\/kanada.amenity.cz\/de\/fruhstuckskorb-bis-an-ihre-tur\/"]}]},{"@type":"BreadcrumbList","@id":"https:\/\/kanada.amenity.cz\/de\/fruhstuckskorb-bis-an-ihre-tur\/#breadcrumb","itemListElement":[{"@type":"ListItem","position":1,"name":"Dom\u016f","item":"https:\/\/kanada.amenity.cz\/de\/"},{"@type":"ListItem","position":2,"name":"Fr\u00fchst\u00fcckskorb bis an Ihre T\u00fcr"}]},{"@type":"WebSite","@id":"https:\/\/kanada.amenity.cz\/de\/#website","url":"https:\/\/kanada.amenity.cz\/de\/","name":"Amenity Hotel &amp; Resort \u010cesk\u00e1 Kanada","description":"Souhra wellness a golfu","potentialAction":[{"@type":"SearchAction","target":{"@type":"EntryPoint","urlTemplate":"https:\/\/kanada.amenity.cz\/de\/?s={search_term_string}"},"query-input":{"@type":"PropertyValueSpecification","valueRequired":true,"valueName":"search_term_string"}}],"inLanguage":"de"}]}},"_links":{"self":[{"href":"https:\/\/kanada.amenity.cz\/de\/wp-json\/wp\/v2\/pages\/5732","targetHints":{"allow":["GET"]}}],"collection":[{"href":"https:\/\/kanada.amenity.cz\/de\/wp-json\/wp\/v2\/pages"}],"about":[{"href":"https:\/\/kanada.amenity.cz\/de\/wp-json\/wp\/v2\/types\/page"}],"author":[{"embeddable":true,"href":"https:\/\/kanada.amenity.cz\/de\/wp-json\/wp\/v2\/users\/3"}],"replies":[{"embeddable":true,"href":"https:\/\/kanada.amenity.cz\/de\/wp-json\/wp\/v2\/comments?post=5732"}],"version-history":[{"count":1,"href":"https:\/\/kanada.amenity.cz\/de\/wp-json\/wp\/v2\/pages\/5732\/revisions"}],"predecessor-version":[{"id":7991,"href":"https:\/\/kanada.amenity.cz\/de\/wp-json\/wp\/v2\/pages\/5732\/revisions\/7991"}],"wp:attachment":[{"href":"https:\/\/kanada.amenity.cz\/de\/wp-json\/wp\/v2\/media?parent=5732"}],"curies":[{"name":"wp","href":"https:\/\/api.w.org\/{rel}","templated":true}]}}