{"id":4636,"date":"2019-10-26T21:28:14","date_gmt":"2019-10-26T19:28:14","guid":{"rendered":"http:\/\/ceskakanada.amenityhotels.com\/sport-pro-kazdeho-a-jeste-neco-navic\/"},"modified":"2019-10-26T21:28:16","modified_gmt":"2019-10-26T19:28:16","slug":"sport-pro-kazdeho-a-jeste-neco-navic","status":"publish","type":"page","link":"https:\/\/kanada.amenity.cz\/de\/sport-pro-kazdeho-a-jeste-neco-navic\/","title":{"rendered":"Sport pro ka\u017ed\u00e9ho a je\u0161t\u011b n\u011bco nav\u00edc"},"content":{"rendered":"<div class=\"wpb-content-wrapper\"><p>[vc_row full_width=&#8221;stretch_row_content_no_spaces&#8221;][vc_column][\/vc_column][\/vc_row][vc_row][vc_column]<div  class=\"empty-space  marg-lg-b35\"><\/div>[vc_separator color=&#8221;custom&#8221; border_width=&#8221;2&#8243; el_width=&#8221;50&#8243; accent_color=&#8221;#c7b39a&#8221;]<div  class=\"main-heading\"><span class=\"subtitle\"><\/span><h2 class=\"title\">Sport pro ka\u017ed\u00e9ho a je\u0161t\u011b n\u011bco nav\u00edc<\/h2><\/div><div  class=\"empty-space  marg-lg-b25\"><\/div>[vc_separator color=&#8221;custom&#8221; border_width=&#8221;2&#8243; el_width=&#8221;50&#8243; accent_color=&#8221;#c7b39a&#8221;]<div  class=\"empty-space  marg-lg-b10\"><\/div>[\/vc_column][\/vc_row][vc_row][vc_column]<div class=\"text-block \" ><div class=\"simple-text \"><p><strong>Sport m\u016f\u017ee m\u00edt mnoho podob od t\u011bch adrenalinov\u00fdch a\u017e t\u0159eba po \u0161achy. A to je dob\u0159e, proto\u017ee ka\u017ed\u00fd jsme jin\u00fd. Proto sedn\u011bte na kolo, obujte si b\u011b\u017eky nebo se t\u0159eba jen chopte ryb\u00e1\u0159sk\u00e9ho prutu, zkr\u00e1tka v\u011bnujte se aktivit\u00e1m, kter\u00e9 v\u00e1s bav\u00ed. V \u010cesk\u00e9 Kanad\u011b je opravdu z \u010deho vyb\u00edrat.<\/strong><\/p>\n<h2>Z Nov\u00e9 Byst\u0159ice k nejsevern\u011bj\u0161\u00edmu bodu Rakouska<\/h2>\n<p>Obl\u00edben\u00fd cyklistick\u00fd nebo p\u011b\u0161\u00ed okruh vych\u00e1z\u00ed z Nov\u00e9 Byst\u0159ice, trasa vede p\u0159es p\u0159\u00edrodn\u00ed i kulturn\u00ed zaj\u00edmavosti a\u017e na nejsevern\u011bj\u0161\u00ed bod Rakouska a zp\u011bt do Nov\u00e9 Byst\u0159ice. Cestou z Nov\u00e9 Byst\u0159ice projedete kolem golfov\u00e9ho resortu Monachus, p\u0159\u00edrodn\u00ed rezervace Blanko, minete K\u00e1men republiky u Lesn\u00edho hotelu Per\u0161l\u00e1k, od kter\u00e9ho se po zna\u010den\u00e9 turistick\u00e9 trase (0,5 km) dostanete a\u017e k nejsevern\u011bj\u0161\u00edmu bodu Rakouska. P\u0159i cest\u011b zp\u011bt na Novou Byst\u0159ici nav\u0161t\u00edv\u00edte romantick\u00e9 jiho\u010desk\u00e9 vesni\u010dky Novou Ves, B\u00edlou, Sedlo.<\/p>\n<h2>Nov\u00fd Voj\u00ed\u0159ov a Smr\u010dnou<\/h2>\n<p>Trasa \u010d\u00e1ste\u010dn\u011b vede po d\u00e1lkov\u00e9 cyklotrase Greenway Praha\u2013V\u00edde\u0148, celkem m\u00e1 28 kilometr\u016f, jej\u00ed povrch tvo\u0159\u00ed zpevn\u011bn\u00e9 cesty vhodn\u00e9 pro v\u0161echny typy kol krom\u011b vylo\u017een\u011b silni\u010dn\u00edch. Od rozcest\u00ed u p\u0159\u00edrodn\u00ed rezervace Blanko a\u017e po rozcest\u00ed u Prokopsk\u00e9ho k\u0159\u00ed\u017ee vede soub\u011b\u017en\u011b zelen\u00e1 turistick\u00e1 trasa, d\u00e1le pak modr\u00e1 a\u017e po rozcest\u00ed U Nov\u00e9 Vsi, tato trasa m\u016f\u017ee b\u00fdt p\u0159\u00edjemnou variantou pro p\u011b\u0161\u00ed turisty.<\/p>\n<h2>Ze Slavonic do Slavonic<\/h2>\n<p>Chcete-li cyklistiku propojit s pozn\u00e1v\u00e1n\u00edm pam\u00e1tek, zvolte trasu, kter\u00e1 za\u010d\u00edn\u00e1 i kon\u010d\u00ed na kr\u00e1sn\u00e9m n\u00e1m\u011bst\u00ed ve Slavonic\u00edch. Ze Slavonic vyje\u010fte z n\u00e1m\u011bst\u00ed p\u0159es park a za \u017eelezni\u010dn\u00edm podjezdem zahn\u011bte doleva a napojte se na \u010dervenou turistickou zna\u010dku. Po \u010derven\u00e9 se dostanete k Cest\u011b poh\u00e1dkov\u00fdm lesem (m\u00e1te-li s sebou d\u011bti, vyu\u017eijte osmi zastaven\u00ed ke spln\u011bn\u00ed \u00fakol\u016f) a k pevnostn\u00edmu are\u00e1lu.&nbsp;Tento are\u00e1l slou\u017e\u00ed jako uk\u00e1zka obrann\u00e9 pevnostn\u00ed linie \u010ceskoslovensk\u00e9 republiky budovan\u00e9 v letech 1935\u20131938. Je tvo\u0159en jeden\u00e1cti objekty zrekonstruovan\u00fdmi do p\u016fvodn\u00ed podoby. P\u0159\u00edstupn\u00e9 jsou dva pln\u011b vybaven\u00e9 a vyzbrojen\u00e9 bunkry, ka\u017ed\u00fd z jin\u00e9ho obdob\u00ed (1938 a 1963). Uvid\u00edte v nich nap\u0159. p\u016fvodn\u00ed kulomety, pu\u0161ky, pistole a samopaly, funk\u010dn\u00ed ru\u010dn\u00ed ventil\u00e1tor a pozorovac\u00ed periskopy, v\u00fdstroj os\u00e1dek a dal\u0161\u00ed za\u0159\u00edzen\u00ed. Cel\u00fdm are\u00e1lem proch\u00e1z\u00ed nov\u00e1 nau\u010dn\u00e1 stezka, kter\u00e1 v\u00e1s na 13 zastaven\u00edch sezn\u00e1m\u00ed se z\u00e1kladn\u00edmi informacemi o v\u00fdstavb\u011b opevn\u011bn\u00ed v tehdej\u0161\u00edm \u010ceskoslovensku v\u010detn\u011b popisu situace p\u0159\u00edmo na Slavonicku.&nbsp; Mimo pravidelnou otev\u00edrac\u00ed dobu v sezon\u011b je mo\u017en\u00e9 si n\u00e1v\u0161t\u011bvu domluvit i v jin\u00e9m term\u00ednu na telefonn\u00edm \u010d\u00edsle 606 124 829.&nbsp;<\/p>\n<p>Od pevnosti pojedete d\u00e1le okolo kask\u00e1dy rybn\u00edk\u016f, a\u017e se dostanete k rozcest\u00ed u Pfaffenschlagu.&nbsp; Ke zbytk\u016fm zanikl\u00e9 st\u0159edov\u011bk\u00e9 vesnice Pfaffenschlag to m\u00e1te po zelen\u00e9 zna\u010dce jen p\u016fl kilometru, kr\u00e1tk\u00e1 zaj\u00ed\u017e\u010fka se v\u00e1m ale ur\u010dit\u011b vyplat\u00ed. Vesnici kdysi tvo\u0159ilo \u0161estn\u00e1ct usedlost\u00ed rozm\u00edst\u011bn\u00fdch ve dvou \u0159ad\u00e1ch pod\u00e9l potoka. Vid\u011bt zde m\u016f\u017eete poz\u016fstatky ml\u00fdna, obvodov\u00e9 zdi hospod\u00e1\u0159sk\u00fdch budov, sklepy a tak\u00e9 takzvan\u00e9 lochy, co\u017e byly podzemn\u00ed chodby dlouh\u00e9 n\u011bkdy a\u017e 30 metr\u016f, kter\u00e9 v p\u0159\u00edpad\u011b pot\u0159eby slou\u017eily jako \u00fakryty. Z Pfaffenschlagu se vr\u00e1t\u00edte na \u010dervenou turistickou trasu a po n\u00ed dojedete a\u017e k hrani\u010dn\u00edmu kameni \u010cechy\/Morava, kde zahnete doprava. Chv\u00edli pojedete po hlavn\u00ed silnici a odbo\u010d\u00edte doleva nejprve na cyklotrasu 32 a hned na cyklotrasu 1003 a Greenway. Ty v\u00e1s dovedou p\u0159es Ma\u0159\u00ed\u017e a\u017e do Slavonic. Pokud v\u00e1m je\u0161t\u011b zbylo trochu \u010dasu, v\u011bnujte ho v Ma\u0159\u00ed\u017ei vyhl\u00e1\u0161en\u00e9 keramick\u00e9 d\u00edln\u011b. Krom\u011b keramiky tu m\u016f\u017eete obdivovat i z\u00e1meck\u00fd park, kde se d\u0159\u00edve nach\u00e1zel z\u00e1mek, p\u0159estav\u011bn\u00fd z p\u016fvodn\u00ed barokn\u00ed tvrze.&nbsp;<\/p>\n<h2>Po stop\u00e1ch pa\u0161er\u00e1k\u016f<\/h2>\n<p>P\u0159\u00edjemn\u00fd okruh nab\u00edz\u00ed zimn\u00ed b\u011b\u017eeck\u00e1 tra\u0165 ozna\u010dovan\u00e1 na map\u011b \u010d\u00edslem 9. Nastoup\u00edte na ni na okraji Nov\u00e9 Byst\u0159ice u V\u011btrovsk\u00e9ho rybn\u00edka a povede v\u00e1s p\u0159es ly\u017ea\u0159sk\u00fd are\u00e1l Hradi\u0161t\u011b do Nov\u00e9ho Voj\u00ed\u0159ova a k lesn\u00edmu hotelu Per\u0161l\u00e1k. Tento hotel u nejsevern\u011bj\u0161\u00edho bodu Rakouska b\u00fdval kas\u00e1rensk\u00fdm a celn\u00edm domem, kter\u00fd slou\u017eil od roku 1922 finan\u010dn\u00ed str\u00e1\u017ei, je\u017e m\u011bla za \u00fakol bojovat proti pa\u0161er\u00e1k\u016fm. Dal\u0161\u00ed pas\u00e1\u017e v\u00e1m provede kr\u00e1snou p\u0159\u00edrodou rezervace Blansko zp\u011bt ke golfov\u00e9mu h\u0159i\u0161ti.&nbsp;<\/p>\n<p>Na trase dlouh\u00e9 12, 5 kilometru budete zdol\u00e1vat p\u0159ev\u00fd\u0161en\u00ed 130 metr\u016f, nejv\u00fd\u0161e se ocitnete za Hradi\u0161t\u011bm, pak u\u017e budete postupn\u011b klesat.&nbsp;<\/p>\n<h2>Vyrazte na ryby<\/h2>\n<p>Preferujete sp\u00ed\u0161 klidn\u011bj\u0161\u00ed aktivity? Pak zkuste ryba\u0159en\u00ed. U rybn\u00edku Zv\u016fle je lov povolen od 1. b\u0159ezna do 31. prosince. Pov\u011b\u0159en\u00ed k lovu ryb na udici je mo\u017en\u00e9 zakoupit v kancel\u00e1\u0159i Ryb\u00e1\u0159sk\u00e9 str\u00e1\u017ee Zv\u016fle denn\u011b na z\u00e1klad\u011b telefonick\u00e9 dohody na telefonech 725 825 815 nebo 702 124 205. Cena jednodenn\u00ed povolenky je 300 K\u010d.<\/p>\n<p>Lov ryb v rybn\u00edce sm\u00ed b\u00fdt prov\u00e1d\u011bn jen zp\u016fsobem odpov\u00eddaj\u00edc\u00edm z\u00e1sad\u00e1m \u0159\u00e1dn\u00e9ho v\u00fdkonu ryb\u00e1\u0159sk\u00e9ho pr\u00e1va, ochrany ryb a jin\u00fdch vodn\u00edch \u017eivo\u010dich\u016f. Ryby je dr\u017eitel pov\u011b\u0159en\u00ed povinen pustit po uloven\u00ed a vyjmut\u00ed h\u00e1\u010dku zp\u011bt do rybn\u00edka Zv\u016fle, pokud se s opr\u00e1vn\u011bnou osobou provozovatele nedomluv\u00ed na jejich odkoupen\u00ed za tr\u017en\u00ed cenu. K lovu udic\u00ed se sm\u00ed pou\u017e\u00edt nejv\u00fd\u0161e dvou prut\u016f, ka\u017ed\u00fd nejv\u00fd\u0161e o jednom n\u00e1vazci s jednoduch\u00fdmi h\u00e1\u010dky. P\u0159i chyt\u00e1n\u00ed na dvoj\/trojh\u00e1\u010dek a na rybku lze pou\u017e\u00edt pouze jeden n\u00e1vazec.<\/p>\n<p>Dop\u0159ejte si p\u00e1r dn\u00ed volna a poznejte kraj, kter\u00fd zat\u00edm neobjevilo mnoho turist\u016f. Budete si tu p\u0159ipadat jako v poh\u00e1dce. Ubytovat se m\u016f\u017eete v&nbsp;na\u0161ich pln\u011b vybaven\u00fdch domech, kter\u00e9 v\u00e1m po celodenn\u00edch v\u00fdletech poskytnou komfort jako doma. V&nbsp;ka\u017ed\u00e9m dom\u011b je nadstandardn\u011b vybaven\u00e1 kuchy\u0148, ob\u00fdvac\u00ed pokoj a dv\u011b nebo t\u0159i lo\u017enice. Samoz\u0159ejmost\u00ed je prostor pro \u00faschovu kol nebo jin\u00e9ho sportovn\u00edho n\u00e1\u010din\u00ed.<\/p>\n<p><strong>Vydejte se do \u010cesk\u00e9 Kanady na romantick\u00fd v\u00edkend, dovolenou s partou p\u0159\u00e1tel nebo s t\u0159eba s celou rodinou. Domy v\u00e1m poskytnou dostatek prostoru p\u0159i p\u00e1r dnech odpo\u010dinku, rodinn\u00fdch oslav\u00e1ch i firemn\u00edch setk\u00e1n\u00ed.<\/strong><\/p>\n<p>&nbsp;<\/p>\n<p>&nbsp;<\/p>\n<\/div><\/div><div  class=\"empty-space \"><\/div>[\/vc_column][\/vc_row]<\/p>\n<\/div>","protected":false},"excerpt":{"rendered":"<p>[vc_row full_width=&#8221;stretch_row_content_no_spaces&#8221;][vc_column][\/vc_column][\/vc_row][vc_row][vc_column][vc_separator color=&#8221;custom&#8221; border_width=&#8221;2&#8243; el_width=&#8221;50&#8243; accent_color=&#8221;#c7b39a&#8221;][vc_separator color=&#8221;custom&#8221; border_width=&#8221;2&#8243; el_width=&#8221;50&#8243; accent_color=&#8221;#c7b39a&#8221;][\/vc_column][\/vc_row][vc_row][vc_column][\/vc_column][\/vc_row]<\/p>\n","protected":false},"author":3,"featured_media":0,"parent":0,"menu_order":0,"comment_status":"closed","ping_status":"closed","template":"","meta":{"footnotes":""},"class_list":["post-4636","page","type-page","status-publish","hentry"],"yoast_head":"<!-- This site is optimized with the Yoast SEO Premium plugin v27.3 (Yoast SEO v27.3) - https:\/\/yoast.com\/product\/yoast-seo-premium-wordpress\/ -->\n<title>Sport pro ka\u017ed\u00e9ho a je\u0161t\u011b n\u011bco nav\u00edc - Amenity resort \u010cesk\u00e1 Kanada<\/title>\n<meta name=\"description\" content=\"Sport m\u016f\u017ee m\u00edt mnoho podob od t\u011bch adrenalinov\u00fdch a\u017e t\u0159eba po \u0161achy. V\u011bnujte se aktivit\u00e1m, kter\u00e9 v\u00e1s bav\u00ed. V \u010cesk\u00e9 Kanad\u011b je opravdu z \u010deho vyb\u00edrat.\" \/>\n<meta name=\"robots\" content=\"index, follow, max-snippet:-1, max-image-preview:large, max-video-preview:-1\" \/>\n<link rel=\"canonical\" href=\"https:\/\/kanada.amenity.cz\/de\/sport-pro-kazdeho-a-jeste-neco-navic\/\" \/>\n<meta property=\"og:locale\" content=\"de_DE\" \/>\n<meta property=\"og:type\" content=\"article\" \/>\n<meta property=\"og:title\" content=\"Sport pro ka\u017ed\u00e9ho a je\u0161t\u011b n\u011bco nav\u00edc\" \/>\n<meta property=\"og:description\" content=\"Sport m\u016f\u017ee m\u00edt mnoho podob od t\u011bch adrenalinov\u00fdch a\u017e t\u0159eba po \u0161achy. V\u011bnujte se aktivit\u00e1m, kter\u00e9 v\u00e1s bav\u00ed. V \u010cesk\u00e9 Kanad\u011b je opravdu z \u010deho vyb\u00edrat.\" \/>\n<meta property=\"og:url\" content=\"https:\/\/kanada.amenity.cz\/de\/sport-pro-kazdeho-a-jeste-neco-navic\/\" \/>\n<meta property=\"og:site_name\" content=\"Amenity Hotel &amp; Resort \u010cesk\u00e1 Kanada\" \/>\n<meta property=\"article:modified_time\" content=\"2019-10-26T19:28:16+00:00\" \/>\n<meta name=\"twitter:card\" content=\"summary_large_image\" \/>\n<meta name=\"twitter:label1\" content=\"Gesch\u00e4tzte Lesezeit\" \/>\n\t<meta name=\"twitter:data1\" content=\"6\u00a0Minuten\" \/>\n<script type=\"application\/ld+json\" class=\"yoast-schema-graph\">{\"@context\":\"https:\\\/\\\/schema.org\",\"@graph\":[{\"@type\":\"WebPage\",\"@id\":\"https:\\\/\\\/kanada.amenity.cz\\\/de\\\/sport-pro-kazdeho-a-jeste-neco-navic\\\/\",\"url\":\"https:\\\/\\\/kanada.amenity.cz\\\/de\\\/sport-pro-kazdeho-a-jeste-neco-navic\\\/\",\"name\":\"Sport pro ka\u017ed\u00e9ho a je\u0161t\u011b n\u011bco nav\u00edc - Amenity resort \u010cesk\u00e1 Kanada\",\"isPartOf\":{\"@id\":\"https:\\\/\\\/kanada.amenity.cz\\\/de\\\/#website\"},\"datePublished\":\"2019-10-26T19:28:14+00:00\",\"dateModified\":\"2019-10-26T19:28:16+00:00\",\"description\":\"Sport m\u016f\u017ee m\u00edt mnoho podob od t\u011bch adrenalinov\u00fdch a\u017e t\u0159eba po \u0161achy. V\u011bnujte se aktivit\u00e1m, kter\u00e9 v\u00e1s bav\u00ed. V \u010cesk\u00e9 Kanad\u011b je opravdu z \u010deho vyb\u00edrat.\",\"breadcrumb\":{\"@id\":\"https:\\\/\\\/kanada.amenity.cz\\\/de\\\/sport-pro-kazdeho-a-jeste-neco-navic\\\/#breadcrumb\"},\"inLanguage\":\"de\",\"potentialAction\":[{\"@type\":\"ReadAction\",\"target\":[\"https:\\\/\\\/kanada.amenity.cz\\\/de\\\/sport-pro-kazdeho-a-jeste-neco-navic\\\/\"]}]},{\"@type\":\"BreadcrumbList\",\"@id\":\"https:\\\/\\\/kanada.amenity.cz\\\/de\\\/sport-pro-kazdeho-a-jeste-neco-navic\\\/#breadcrumb\",\"itemListElement\":[{\"@type\":\"ListItem\",\"position\":1,\"name\":\"Dom\u016f\",\"item\":\"https:\\\/\\\/kanada.amenity.cz\\\/de\\\/\"},{\"@type\":\"ListItem\",\"position\":2,\"name\":\"Sport pro ka\u017ed\u00e9ho a je\u0161t\u011b n\u011bco nav\u00edc\"}]},{\"@type\":\"WebSite\",\"@id\":\"https:\\\/\\\/kanada.amenity.cz\\\/de\\\/#website\",\"url\":\"https:\\\/\\\/kanada.amenity.cz\\\/de\\\/\",\"name\":\"Amenity Hotel &amp; Resort \u010cesk\u00e1 Kanada\",\"description\":\"Souhra wellness a golfu\",\"potentialAction\":[{\"@type\":\"SearchAction\",\"target\":{\"@type\":\"EntryPoint\",\"urlTemplate\":\"https:\\\/\\\/kanada.amenity.cz\\\/de\\\/?s={search_term_string}\"},\"query-input\":{\"@type\":\"PropertyValueSpecification\",\"valueRequired\":true,\"valueName\":\"search_term_string\"}}],\"inLanguage\":\"de\"}]}<\/script>\n<!-- \/ Yoast SEO Premium plugin. -->","yoast_head_json":{"title":"Sport pro ka\u017ed\u00e9ho a je\u0161t\u011b n\u011bco nav\u00edc - Amenity resort \u010cesk\u00e1 Kanada","description":"Sport m\u016f\u017ee m\u00edt mnoho podob od t\u011bch adrenalinov\u00fdch a\u017e t\u0159eba po \u0161achy. V\u011bnujte se aktivit\u00e1m, kter\u00e9 v\u00e1s bav\u00ed. V \u010cesk\u00e9 Kanad\u011b je opravdu z \u010deho vyb\u00edrat.","robots":{"index":"index","follow":"follow","max-snippet":"max-snippet:-1","max-image-preview":"max-image-preview:large","max-video-preview":"max-video-preview:-1"},"canonical":"https:\/\/kanada.amenity.cz\/de\/sport-pro-kazdeho-a-jeste-neco-navic\/","og_locale":"de_DE","og_type":"article","og_title":"Sport pro ka\u017ed\u00e9ho a je\u0161t\u011b n\u011bco nav\u00edc","og_description":"Sport m\u016f\u017ee m\u00edt mnoho podob od t\u011bch adrenalinov\u00fdch a\u017e t\u0159eba po \u0161achy. V\u011bnujte se aktivit\u00e1m, kter\u00e9 v\u00e1s bav\u00ed. V \u010cesk\u00e9 Kanad\u011b je opravdu z \u010deho vyb\u00edrat.","og_url":"https:\/\/kanada.amenity.cz\/de\/sport-pro-kazdeho-a-jeste-neco-navic\/","og_site_name":"Amenity Hotel &amp; Resort \u010cesk\u00e1 Kanada","article_modified_time":"2019-10-26T19:28:16+00:00","twitter_card":"summary_large_image","twitter_misc":{"Gesch\u00e4tzte Lesezeit":"6\u00a0Minuten"},"schema":{"@context":"https:\/\/schema.org","@graph":[{"@type":"WebPage","@id":"https:\/\/kanada.amenity.cz\/de\/sport-pro-kazdeho-a-jeste-neco-navic\/","url":"https:\/\/kanada.amenity.cz\/de\/sport-pro-kazdeho-a-jeste-neco-navic\/","name":"Sport pro ka\u017ed\u00e9ho a je\u0161t\u011b n\u011bco nav\u00edc - Amenity resort \u010cesk\u00e1 Kanada","isPartOf":{"@id":"https:\/\/kanada.amenity.cz\/de\/#website"},"datePublished":"2019-10-26T19:28:14+00:00","dateModified":"2019-10-26T19:28:16+00:00","description":"Sport m\u016f\u017ee m\u00edt mnoho podob od t\u011bch adrenalinov\u00fdch a\u017e t\u0159eba po \u0161achy. V\u011bnujte se aktivit\u00e1m, kter\u00e9 v\u00e1s bav\u00ed. V \u010cesk\u00e9 Kanad\u011b je opravdu z \u010deho vyb\u00edrat.","breadcrumb":{"@id":"https:\/\/kanada.amenity.cz\/de\/sport-pro-kazdeho-a-jeste-neco-navic\/#breadcrumb"},"inLanguage":"de","potentialAction":[{"@type":"ReadAction","target":["https:\/\/kanada.amenity.cz\/de\/sport-pro-kazdeho-a-jeste-neco-navic\/"]}]},{"@type":"BreadcrumbList","@id":"https:\/\/kanada.amenity.cz\/de\/sport-pro-kazdeho-a-jeste-neco-navic\/#breadcrumb","itemListElement":[{"@type":"ListItem","position":1,"name":"Dom\u016f","item":"https:\/\/kanada.amenity.cz\/de\/"},{"@type":"ListItem","position":2,"name":"Sport pro ka\u017ed\u00e9ho a je\u0161t\u011b n\u011bco nav\u00edc"}]},{"@type":"WebSite","@id":"https:\/\/kanada.amenity.cz\/de\/#website","url":"https:\/\/kanada.amenity.cz\/de\/","name":"Amenity Hotel &amp; Resort \u010cesk\u00e1 Kanada","description":"Souhra wellness a golfu","potentialAction":[{"@type":"SearchAction","target":{"@type":"EntryPoint","urlTemplate":"https:\/\/kanada.amenity.cz\/de\/?s={search_term_string}"},"query-input":{"@type":"PropertyValueSpecification","valueRequired":true,"valueName":"search_term_string"}}],"inLanguage":"de"}]}},"_links":{"self":[{"href":"https:\/\/kanada.amenity.cz\/de\/wp-json\/wp\/v2\/pages\/4636","targetHints":{"allow":["GET"]}}],"collection":[{"href":"https:\/\/kanada.amenity.cz\/de\/wp-json\/wp\/v2\/pages"}],"about":[{"href":"https:\/\/kanada.amenity.cz\/de\/wp-json\/wp\/v2\/types\/page"}],"author":[{"embeddable":true,"href":"https:\/\/kanada.amenity.cz\/de\/wp-json\/wp\/v2\/users\/3"}],"replies":[{"embeddable":true,"href":"https:\/\/kanada.amenity.cz\/de\/wp-json\/wp\/v2\/comments?post=4636"}],"version-history":[{"count":0,"href":"https:\/\/kanada.amenity.cz\/de\/wp-json\/wp\/v2\/pages\/4636\/revisions"}],"wp:attachment":[{"href":"https:\/\/kanada.amenity.cz\/de\/wp-json\/wp\/v2\/media?parent=4636"}],"curies":[{"name":"wp","href":"https:\/\/api.w.org\/{rel}","templated":true}]}}