{"id":4613,"date":"2019-10-26T21:26:54","date_gmt":"2019-10-26T19:26:54","guid":{"rendered":"http:\/\/ceskakanada.amenityhotels.com\/nachrichten\/"},"modified":"2020-03-26T11:42:28","modified_gmt":"2020-03-26T10:42:28","slug":"nachrichten","status":"publish","type":"page","link":"https:\/\/kanada.amenity.cz\/de\/nachrichten\/","title":{"rendered":"Nachrichten"},"content":{"rendered":"<div class=\"wpb-content-wrapper\"><p>[vc_row full_width=&#8221;stretch_row_content_no_spaces&#8221;][vc_column][\/vc_column][\/vc_row][vc_row full_width=&#8221;stretch_row_content_no_spaces&#8221; css=&#8221;.vc_custom_1566336256551{background-color: #c7b39a !important;}&#8221;][vc_column]<div  class=\"empty-space  marg-lg-b10\"><\/div>[\/vc_column][\/vc_row][vc_row full_width=&#8221;stretch_row_content_no_spaces&#8221; css=&#8221;.vc_custom_1566336266954{background-color: #c7b39a !important;}&#8221;][vc_column width=&#8221;1\/4&#8243; css=&#8221;.vc_custom_1566768630642{padding-left: 100px !important;}&#8221;]<div class=\"text-block \" ><div class=\"simple-text \"><p><a href=\"http:\/\/lipno.amenity.cz\"><img loading=\"lazy\" decoding=\"async\" class=\"alignnone wp-image-1705\" src=\"https:\/\/amenity.cz\/wp-content\/uploads\/2019\/08\/logo-Amenity-25x25.png\" alt=\"\" width=\"25\" height=\"25\" \/><\/a><a class=\"lista\" href=\"http:\/\/lipno.amenity.cz\"><strong> \u00a0 RESORT LIPNO<\/strong><\/a><\/p>\n<\/div><\/div>[\/vc_column][vc_column width=&#8221;1\/4&#8243; css=&#8221;.vc_custom_1566768637811{padding-left: 100px !important;}&#8221;]<div class=\"text-block \" ><div class=\"simple-text \"><p><a href=\"http:\/\/spindl.amenity.cz\"><img loading=\"lazy\" decoding=\"async\" class=\"alignnone wp-image-1705\" src=\"https:\/\/amenity.cz\/wp-content\/uploads\/2019\/08\/logo-Amenity-25x25.png\" alt=\"\" width=\"25\" height=\"25\" \/><\/a><strong><a class=\"lista\" href=\"http:\/\/spindl.amenity.cz\"> \u00a0 RESORT \u0160PINDLER\u016eV ML\u00ddN<\/a><br \/>\n<\/strong><\/p>\n<\/div><\/div>[\/vc_column][vc_column width=&#8221;1\/4&#8243; css=&#8221;.vc_custom_1566768647974{padding-left: 100px !important;}&#8221;]<div class=\"text-block \" ><div class=\"simple-text \"><p>\n<img loading=\"lazy\" decoding=\"async\" class=\"alignnone wp-image-1705\" src=\"https:\/\/amenity.cz\/wp-content\/uploads\/2019\/08\/logo-Amenity-25x25.png\" alt=\"\" width=\"25\" height=\"25\" \/><strong><a class=\"lista\" href=\"http:\/\/orlickehory.amenity.cz\"> \u00a0 RESORT ORLICK\u00c9 HORY<\/a><br \/>\n<\/strong><\/p>\n<\/div><\/div>[\/vc_column][vc_column width=&#8221;1\/4&#8243; css=&#8221;.vc_custom_1566768653962{padding-left: 100px !important;}&#8221;]<div class=\"text-block \" ><div class=\"simple-text \"><p>\n<a href=\"https:\/\/amenity.cz\"><img loading=\"lazy\" decoding=\"async\" class=\"alignnone wp-image-1705\" src=\"https:\/\/amenity.cz\/wp-content\/uploads\/2019\/08\/logo-Amenity-25x25.png\" alt=\"\" width=\"25\" height=\"25\" \/><\/a><strong><a class=\"lista\" href=\"https:\/\/amenity.cz\"> \u00a0 AMENITY RESORTS<\/a><\/strong><\/p>\n<\/div><\/div>[\/vc_column][\/vc_row][vc_row][vc_column]<div  class=\"empty-space  marg-lg-b35\"><\/div><div class=\"text-block \" ><div class=\"simple-text \"><h1 style=\"text-align: center;\">Nachrichten<\/h1>\n<\/div><\/div><div  class=\"empty-space  marg-lg-b25\"><\/div>[vc_separator color=&#8221;custom&#8221; border_width=&#8221;2&#8243; el_width=&#8221;50&#8243; accent_color=&#8221;#c7b39a&#8221;]<div  class=\"empty-space  marg-lg-b10\"><\/div>[\/vc_column][\/vc_row][vc_row][vc_column]\n\t\t\t<div class=\"ult_dual_button  ult-adjust-bottom-margin to-center  \"  data-response=\"on\" id=\"ult_btn_2640116685\">\n\n\t\t\t<div id=\"dualbtn-2946\" class=\"ulitmate_dual_buttons ult-dual-btn ult_main_dualbtn \" data-bcolor=\"#333333\"data-bhcolor=\"\">\n\n\t\t\t<div class=\"ult_dualbutton-wrapper btn-inline place-template bt1 \"><a href=\"http:\/\/kanada.amenity.cz\/specialni-nabidky\/\" title=\"Speci\u00e1ln\u00ed nab\u00eddky\"  class=\"ult_ivan_button round-square with-icon icon-before with-text place-template ult_dual1\" style=\";margin-right:px;;background-color:#c7b39a !important;; border-color:#333333;border-style:;border-width:0px;border-radius:5px;;\">\n\t\t\t<span class=\"ult-dual-btn-1 Style 1\" style=\"\"  data-bgcolor=\"#c7b39a\" data-bghovercolor=\"rgba(0,0,0,0.59)\" data-icon_color=\"#333333\" data-icon_hover_color=\"#333333\" data-textcolor=\"#ffffff\" data-texthovercolor=\"#ffffff\" data-iconbgcolor=\"transperent\" data-iconbghovercolor=\"transperent\" data-iconborder=\"transperent\" data-iconhoverborder=\"transperent\" >\n\t\t\t<span class=\"icon-simple icon-left1 ult_btn1span ult-dual-btn-no-icon\"  style=\";padding-left:0px; \"><\/span>\n\t\t\t<span class=\"text-btn ult-dual-button-title ult-responsive\"  data-ultimate-target='#dualbtn-2946 .ult-dual-button-title'  data-responsive-json-new='{\"font-size\":\"desktop:16px;\",\"line-height\":\"desktop:15px;\"}'  style=\"font-weight:normal;color:#ffffff;\">Spezialangebote<\/span>\n\n\t\t\t<\/span>\n\t\t\t<\/a><span class=\"middle-text\" style=\"line-height: 1.8em;color:#5d3526;background-color:#c7b39a;border-width:0px;\">\n\t\t\t<span class=\"middle-inner\"  ><i class=\"Defaults-bullseye\"><\/i><\/span>\n\t\t\t<\/span>\n\n\t\t\t<\/div>\n\n\t\t\t<div class=\"ult_dualbutton-wrapper btn-inline place-template btn2 \"><a href=\"javascript:void(0);\" title=\"Novinky z resortu\"  class=\"ult_ivan_button round-square with-icon icon-after with-text place-template ult_dual2\"  style=\";background-color:rgba(0,0,0,0.6) !important;;margin-left:px;;border-color:#333333;border-style:;border-width:0px;border-radius:5px;\">\n\t\t\t<span class=\"ult-dual-btn-2 Style 1\"  data-bgcolor=\"rgba(0,0,0,0.6)\" data-bghovercolor=\"rgba(0,0,0,0.6)\" data-icon_color=\"#333333\" data-icon_hover_color=\"#333333\" data-textcolor=\"#ffffff\" data-texthovercolor=\"#ffffff\" data-iconbgcolor=\"transperent\" data-iconbghovercolor=\"transperent\" data-iconborder=\"transperent\" data-iconhoverborder=\"transperent\" >\n\t\t\t<span class=\"text-btn ult-dual-button-title\" style=\"font-weight:normal;color:#ffffff;\">Nachrichten<\/span>\n\n\t\t\t<span class=\"icon-simple icon-right2 ult_btn1span ult-dual-btn-no-icon\"  style=\";padding-left:0px; \"><\/span>\n\t\t\t<\/span>\n\t\t\t<\/a><\/div>\n\t\t\t<\/div>\n\t\t\t<\/div>[\/vc_column][\/vc_row][vc_row full_width=&#8221;stretch_row_content_no_spaces&#8221;][vc_column]<div  class=\"hb-text-block__wrapper style1\"><div class=\"row\"><div class=\"col-md-6\"><div class=\"hb-image__block\"><img decoding=\"async\" src=\"https:\/\/kanada.amenity.cz\/wp-content\/uploads\/sites\/2\/2019\/09\/domaci-mazlicci-kanada.jpg\" alt=\"\" \/><\/div><\/div><div class=\"col-md-6\"><div class=\"hb-text_block_content\"><div class=\"hb-text-block___inner_wrapper\"><div class=\"featured-rooms-slider__title title-color-black\">Haustiere sind willkommen<\/div><div class=\"featured-rooms-slider__text content-color-grey\">Ihre Haustiere sind im Amenity Resort Czech Canada willkommen. Der Aufpreis f\u00fcr eine Nacht betr\u00e4gt 200 CZK. Das Angebot gilt f\u00fcr alle Arten von Unterk\u00fcnften.<\/div><\/div><\/div><\/div><\/div><\/div><div  class=\"hb-text-block__wrapper style2\"><div class=\"row\"><div class=\"col-md-6\"><div class=\"hb-text_block_content\"><div class=\"hb-text-block___inner_wrapper text-right\"><div class=\"featured-rooms-slider__title title-color-black\">10% Rabatt f\u00fcr 7 und mehr N\u00e4chte!<\/div><div class=\"featured-rooms-slider__text content-color-grey\">Je l\u00e4nger desto besser! Bleiben Sie mindestens 7 N\u00e4chte bei uns und erhalten Sie automatisch 10% Rabatt auf die Gesamtsumme f\u00fcr die Unterkunft. Angebot g\u00fcltig das ganze Jahr und f\u00fcr alle Arten von Unterk\u00fcnften.<\/div><\/div><\/div><\/div><div class=\"col-md-6\"><div class=\"hb-image__block\"><img decoding=\"async\" src=\"https:\/\/kanada.amenity.cz\/wp-content\/uploads\/sites\/2\/2019\/09\/7noci.jpg\" alt=\"\" \/><\/div><\/div><\/div><\/div><div  class=\"hb-text-block__wrapper style1\"><div class=\"row\"><div class=\"col-md-6\"><div class=\"hb-image__block\"><img decoding=\"async\" src=\"https:\/\/kanada.amenity.cz\/wp-content\/uploads\/sites\/2\/2019\/09\/golf.jpg\" alt=\"\" \/><\/div><\/div><div class=\"col-md-6\"><div class=\"hb-text_block_content\"><div class=\"hb-text-block___inner_wrapper\"><div class=\"featured-rooms-slider__title title-color-black\">Eine Partnerschaft, die sich lohhnt!<\/div><div class=\"featured-rooms-slider__text content-color-grey\">Nutzen Sie den 20% Rabatt auf die Geb\u00fchr auf den Spielpl\u00e4tzen des Golfresort Monachus. Das18-Loch Championship Course Mnich und das \u00f6ffentliche 9-Loch Course Nov\u00e1 Byst\u0159ice bietet allen Klienten einen Rabatt auf die 18-Loch-Geb\u00fchr.<\/div><\/div><\/div><\/div><\/div><\/div>[\/vc_column][\/vc_row]<\/p>\n<\/div>","protected":false},"excerpt":{"rendered":"<p>[vc_row full_width=&#8221;stretch_row_content_no_spaces&#8221;][vc_column][\/vc_column][\/vc_row][vc_row full_width=&#8221;stretch_row_content_no_spaces&#8221; css=&#8221;.vc_custom_1566336256551{background-color: #c7b39a !important;}&#8221;][vc_column][\/vc_column][\/vc_row][vc_row full_width=&#8221;stretch_row_content_no_spaces&#8221; css=&#8221;.vc_custom_1566336266954{background-color: #c7b39a !important;}&#8221;][vc_column width=&#8221;1\/4&#8243; css=&#8221;.vc_custom_1566768630642{padding-left: 100px !important;}&#8221;][\/vc_column][vc_column width=&#8221;1\/4&#8243; css=&#8221;.vc_custom_1566768637811{padding-left: 100px !important;}&#8221;][\/vc_column][vc_column width=&#8221;1\/4&#8243; css=&#8221;.vc_custom_1566768647974{padding-left: 100px !important;}&#8221;][\/vc_column][vc_column width=&#8221;1\/4&#8243; css=&#8221;.vc_custom_1566768653962{padding-left: 100px !important;}&#8221;][\/vc_column][\/vc_row][vc_row][vc_column][vc_separator color=&#8221;custom&#8221; border_width=&#8221;2&#8243; el_width=&#8221;50&#8243; accent_color=&#8221;#c7b39a&#8221;][\/vc_column][\/vc_row][vc_row][vc_column][\/vc_column][\/vc_row][vc_row<\/p>\n","protected":false},"author":2,"featured_media":0,"parent":0,"menu_order":0,"comment_status":"closed","ping_status":"closed","template":"","meta":{"footnotes":""},"class_list":["post-4613","page","type-page","status-publish","hentry"],"yoast_head":"<!-- This site is optimized with the Yoast SEO Premium plugin v27.3 (Yoast SEO v27.3) - https:\/\/yoast.com\/product\/yoast-seo-premium-wordpress\/ -->\n<title>Novinky a akce z resortu Amenity \u010cesk\u00e1 Kanada - Nov\u00e1 Byst\u0159ice<\/title>\n<meta name=\"description\" content=\"Novinky a akce z Amenity Resortu \u010cesk\u00e1 Kanada v Nov\u00e9 Byst\u0159ici.\" \/>\n<meta name=\"robots\" content=\"index, follow, max-snippet:-1, max-image-preview:large, max-video-preview:-1\" \/>\n<link rel=\"canonical\" href=\"https:\/\/kanada.amenity.cz\/de\/nachrichten\/\" \/>\n<meta property=\"og:locale\" content=\"de_DE\" \/>\n<meta property=\"og:type\" content=\"article\" \/>\n<meta property=\"og:title\" content=\"Nachrichten\" \/>\n<meta property=\"og:description\" content=\"Novinky a akce z Amenity Resortu \u010cesk\u00e1 Kanada v Nov\u00e9 Byst\u0159ici.\" \/>\n<meta property=\"og:url\" content=\"https:\/\/kanada.amenity.cz\/de\/nachrichten\/\" \/>\n<meta property=\"og:site_name\" content=\"Amenity Hotel &amp; Resort \u010cesk\u00e1 Kanada\" \/>\n<meta property=\"article:modified_time\" content=\"2020-03-26T10:42:28+00:00\" \/>\n<meta property=\"og:image\" content=\"https:\/\/amenity.cz\/wp-content\/uploads\/2019\/08\/logo-Amenity-25x25.png\" \/>\n<meta name=\"twitter:card\" content=\"summary_large_image\" \/>\n<meta name=\"twitter:label1\" content=\"Gesch\u00e4tzte Lesezeit\" \/>\n\t<meta name=\"twitter:data1\" content=\"2\u00a0Minuten\" \/>\n<script type=\"application\/ld+json\" class=\"yoast-schema-graph\">{\"@context\":\"https:\\\/\\\/schema.org\",\"@graph\":[{\"@type\":\"WebPage\",\"@id\":\"https:\\\/\\\/kanada.amenity.cz\\\/de\\\/nachrichten\\\/\",\"url\":\"https:\\\/\\\/kanada.amenity.cz\\\/de\\\/nachrichten\\\/\",\"name\":\"Novinky a akce z resortu Amenity \u010cesk\u00e1 Kanada - Nov\u00e1 Byst\u0159ice\",\"isPartOf\":{\"@id\":\"https:\\\/\\\/kanada.amenity.cz\\\/de\\\/#website\"},\"primaryImageOfPage\":{\"@id\":\"https:\\\/\\\/kanada.amenity.cz\\\/de\\\/nachrichten\\\/#primaryimage\"},\"image\":{\"@id\":\"https:\\\/\\\/kanada.amenity.cz\\\/de\\\/nachrichten\\\/#primaryimage\"},\"thumbnailUrl\":\"https:\\\/\\\/amenity.cz\\\/wp-content\\\/uploads\\\/2019\\\/08\\\/logo-Amenity-25x25.png\",\"datePublished\":\"2019-10-26T19:26:54+00:00\",\"dateModified\":\"2020-03-26T10:42:28+00:00\",\"description\":\"Novinky a akce z Amenity Resortu \u010cesk\u00e1 Kanada v Nov\u00e9 Byst\u0159ici.\",\"breadcrumb\":{\"@id\":\"https:\\\/\\\/kanada.amenity.cz\\\/de\\\/nachrichten\\\/#breadcrumb\"},\"inLanguage\":\"de\",\"potentialAction\":[{\"@type\":\"ReadAction\",\"target\":[\"https:\\\/\\\/kanada.amenity.cz\\\/de\\\/nachrichten\\\/\"]}]},{\"@type\":\"ImageObject\",\"inLanguage\":\"de\",\"@id\":\"https:\\\/\\\/kanada.amenity.cz\\\/de\\\/nachrichten\\\/#primaryimage\",\"url\":\"https:\\\/\\\/amenity.cz\\\/wp-content\\\/uploads\\\/2019\\\/08\\\/logo-Amenity-25x25.png\",\"contentUrl\":\"https:\\\/\\\/amenity.cz\\\/wp-content\\\/uploads\\\/2019\\\/08\\\/logo-Amenity-25x25.png\"},{\"@type\":\"BreadcrumbList\",\"@id\":\"https:\\\/\\\/kanada.amenity.cz\\\/de\\\/nachrichten\\\/#breadcrumb\",\"itemListElement\":[{\"@type\":\"ListItem\",\"position\":1,\"name\":\"Dom\u016f\",\"item\":\"https:\\\/\\\/kanada.amenity.cz\\\/de\\\/\"},{\"@type\":\"ListItem\",\"position\":2,\"name\":\"Nachrichten\"}]},{\"@type\":\"WebSite\",\"@id\":\"https:\\\/\\\/kanada.amenity.cz\\\/de\\\/#website\",\"url\":\"https:\\\/\\\/kanada.amenity.cz\\\/de\\\/\",\"name\":\"Amenity Hotel &amp; Resort \u010cesk\u00e1 Kanada\",\"description\":\"Souhra wellness a golfu\",\"potentialAction\":[{\"@type\":\"SearchAction\",\"target\":{\"@type\":\"EntryPoint\",\"urlTemplate\":\"https:\\\/\\\/kanada.amenity.cz\\\/de\\\/?s={search_term_string}\"},\"query-input\":{\"@type\":\"PropertyValueSpecification\",\"valueRequired\":true,\"valueName\":\"search_term_string\"}}],\"inLanguage\":\"de\"}]}<\/script>\n<!-- \/ Yoast SEO Premium plugin. -->","yoast_head_json":{"title":"Novinky a akce z resortu Amenity \u010cesk\u00e1 Kanada - Nov\u00e1 Byst\u0159ice","description":"Novinky a akce z Amenity Resortu \u010cesk\u00e1 Kanada v Nov\u00e9 Byst\u0159ici.","robots":{"index":"index","follow":"follow","max-snippet":"max-snippet:-1","max-image-preview":"max-image-preview:large","max-video-preview":"max-video-preview:-1"},"canonical":"https:\/\/kanada.amenity.cz\/de\/nachrichten\/","og_locale":"de_DE","og_type":"article","og_title":"Nachrichten","og_description":"Novinky a akce z Amenity Resortu \u010cesk\u00e1 Kanada v Nov\u00e9 Byst\u0159ici.","og_url":"https:\/\/kanada.amenity.cz\/de\/nachrichten\/","og_site_name":"Amenity Hotel &amp; Resort \u010cesk\u00e1 Kanada","article_modified_time":"2020-03-26T10:42:28+00:00","og_image":[{"url":"https:\/\/amenity.cz\/wp-content\/uploads\/2019\/08\/logo-Amenity-25x25.png","type":"","width":"","height":""}],"twitter_card":"summary_large_image","twitter_misc":{"Gesch\u00e4tzte Lesezeit":"2\u00a0Minuten"},"schema":{"@context":"https:\/\/schema.org","@graph":[{"@type":"WebPage","@id":"https:\/\/kanada.amenity.cz\/de\/nachrichten\/","url":"https:\/\/kanada.amenity.cz\/de\/nachrichten\/","name":"Novinky a akce z resortu Amenity \u010cesk\u00e1 Kanada - Nov\u00e1 Byst\u0159ice","isPartOf":{"@id":"https:\/\/kanada.amenity.cz\/de\/#website"},"primaryImageOfPage":{"@id":"https:\/\/kanada.amenity.cz\/de\/nachrichten\/#primaryimage"},"image":{"@id":"https:\/\/kanada.amenity.cz\/de\/nachrichten\/#primaryimage"},"thumbnailUrl":"https:\/\/amenity.cz\/wp-content\/uploads\/2019\/08\/logo-Amenity-25x25.png","datePublished":"2019-10-26T19:26:54+00:00","dateModified":"2020-03-26T10:42:28+00:00","description":"Novinky a akce z Amenity Resortu \u010cesk\u00e1 Kanada v Nov\u00e9 Byst\u0159ici.","breadcrumb":{"@id":"https:\/\/kanada.amenity.cz\/de\/nachrichten\/#breadcrumb"},"inLanguage":"de","potentialAction":[{"@type":"ReadAction","target":["https:\/\/kanada.amenity.cz\/de\/nachrichten\/"]}]},{"@type":"ImageObject","inLanguage":"de","@id":"https:\/\/kanada.amenity.cz\/de\/nachrichten\/#primaryimage","url":"https:\/\/amenity.cz\/wp-content\/uploads\/2019\/08\/logo-Amenity-25x25.png","contentUrl":"https:\/\/amenity.cz\/wp-content\/uploads\/2019\/08\/logo-Amenity-25x25.png"},{"@type":"BreadcrumbList","@id":"https:\/\/kanada.amenity.cz\/de\/nachrichten\/#breadcrumb","itemListElement":[{"@type":"ListItem","position":1,"name":"Dom\u016f","item":"https:\/\/kanada.amenity.cz\/de\/"},{"@type":"ListItem","position":2,"name":"Nachrichten"}]},{"@type":"WebSite","@id":"https:\/\/kanada.amenity.cz\/de\/#website","url":"https:\/\/kanada.amenity.cz\/de\/","name":"Amenity Hotel &amp; Resort \u010cesk\u00e1 Kanada","description":"Souhra wellness a golfu","potentialAction":[{"@type":"SearchAction","target":{"@type":"EntryPoint","urlTemplate":"https:\/\/kanada.amenity.cz\/de\/?s={search_term_string}"},"query-input":{"@type":"PropertyValueSpecification","valueRequired":true,"valueName":"search_term_string"}}],"inLanguage":"de"}]}},"_links":{"self":[{"href":"https:\/\/kanada.amenity.cz\/de\/wp-json\/wp\/v2\/pages\/4613","targetHints":{"allow":["GET"]}}],"collection":[{"href":"https:\/\/kanada.amenity.cz\/de\/wp-json\/wp\/v2\/pages"}],"about":[{"href":"https:\/\/kanada.amenity.cz\/de\/wp-json\/wp\/v2\/types\/page"}],"author":[{"embeddable":true,"href":"https:\/\/kanada.amenity.cz\/de\/wp-json\/wp\/v2\/users\/2"}],"replies":[{"embeddable":true,"href":"https:\/\/kanada.amenity.cz\/de\/wp-json\/wp\/v2\/comments?post=4613"}],"version-history":[{"count":0,"href":"https:\/\/kanada.amenity.cz\/de\/wp-json\/wp\/v2\/pages\/4613\/revisions"}],"wp:attachment":[{"href":"https:\/\/kanada.amenity.cz\/de\/wp-json\/wp\/v2\/media?parent=4613"}],"curies":[{"name":"wp","href":"https:\/\/api.w.org\/{rel}","templated":true}]}}