{"id":4539,"date":"2019-10-26T21:18:04","date_gmt":"2019-10-26T19:18:04","guid":{"rendered":"http:\/\/ceskakanada.amenityhotels.com\/restaurant\/"},"modified":"2025-10-13T14:11:03","modified_gmt":"2025-10-13T12:11:03","slug":"restaurant-nova-bystrice","status":"publish","type":"page","link":"https:\/\/kanada.amenity.cz\/de\/restaurant-nova-bystrice\/","title":{"rendered":"RESTAURANT"},"content":{"rendered":"<div class=\"wpb-content-wrapper\"><p>[vc_row full_width=&#8221;stretch_row_content_no_spaces&#8221;][vc_column offset=&#8221;vc_hidden-sm vc_hidden-xs&#8221;][\/vc_column][vc_column offset=&#8221;vc_hidden-lg vc_hidden-md&#8221;][vc_single_image image=&#8221;4480&#8243; img_size=&#8221;full&#8221;][\/vc_column][\/vc_row][vc_row][vc_column]<div  class=\"empty-space  marg-lg-b35\"><\/div>[\/vc_column][\/vc_row][vc_row][vc_column width=&#8221;1\/6&#8243;][\/vc_column][vc_column width=&#8221;4\/6&#8243;][vc_separator color=&#8221;custom&#8221; border_width=&#8221;2&#8243; el_width=&#8221;50&#8243; accent_color=&#8221;#c7b39a&#8221;]<div  class=\"empty-space  marg-lg-b35\"><\/div><div class=\"text-block \" ><div class=\"simple-text \"><h1 style=\"text-align: center;\">Restaurant Monachus<\/h1>\n<p style=\"text-align: center;\"><strong>Ge\u00f6ffnet in der Sommersaison<\/strong><\/p>\n<p style=\"text-align: center;\">Machen Sie es sich in bequemen Sesseln gem\u00fctlich, genie\u00dfen Sie etwas Gutes zum essen und genie\u00dfen Sie die herrliche Aussicht auf die umliegende Landschaft des Naturparks \u010cesk\u00e1 Kanada. Das Restaurant in Nov\u00e1 Byst\u0159ice ist f\u00fcr die \u00d6ffentlichkeit zug\u00e4nglich. T\u00e4glich werden frische regionale und internationale Spezialit\u00e4ten serviert.<\/p>\n<\/div><\/div>[\/vc_column][vc_column width=&#8221;1\/6&#8243;][\/vc_column][\/vc_row][vc_row][vc_column]<div  class=\"empty-space  marg-lg-b25\"><\/div>[vc_separator color=&#8221;custom&#8221; border_width=&#8221;2&#8243; el_width=&#8221;50&#8243; accent_color=&#8221;#c7b39a&#8221;]<div  class=\"empty-space  marg-lg-b10\"><\/div>[\/vc_column][\/vc_row][vc_row full_width=&#8221;stretch_row_content_no_spaces&#8221;][vc_column]<div  class=\"hb-text-block__wrapper style1\"><div class=\"row\"><div class=\"col-md-6\"><div class=\"hb-image__block\"><img decoding=\"async\" src=\"https:\/\/kanada.amenity.cz\/wp-content\/uploads\/sites\/2\/2019\/11\/restaurace-825x625-e1564046720972.jpg\" alt=\"\" \/><\/div><\/div><div class=\"col-md-6\"><div class=\"hb-text_block_content\"><div class=\"hb-text-block___inner_wrapper\"><div class=\"featured-rooms-slider__title title-color-black\"><\/div><div class=\"featured-rooms-slider__text content-color-grey\">Das Restaurant geh\u00f6rt zum Monachus Golf Resort. Unsere G\u00e4ste k\u00f6nnen aus einem Men\u00fc w\u00e4hlen oder Fr\u00fchst\u00fcck zur Unterkunft dazu bestellen.<\/p>\n<p style=\"text-align: left\"><strong>Restaurant Golfresort Monachus<br \/>\n<\/strong>Mnich 811<br \/>\n378 33 Nov\u00e1 Byst\u0159ice<\/p>\n<p><strong>\u00d6ffnungszeiten:<\/strong><\/p>\n<p>Nur in der Saison ge\u00f6ffnet<\/p>\n<p>11:00 \u2013 20:00<\/p>\n<p style=\"text-align: left\"><strong>Reservierung:<\/strong><\/p>\n<p style=\"text-align: left\"><a href=\"mailto:info@golfmonachus.cz\"><img loading=\"lazy\" decoding=\"async\" class=\"wp-image-2409 alignnone\" src=\"http:\/\/kanada.amenity.cz\/wp-content\/uploads\/sites\/2\/2019\/08\/e-mail.png\" alt=\"\" width=\"25\" height=\"25\" \/><\/a> <a href=\"mailto:info@golfmonachus.cz\">info@golfmonachus.cz<\/a><br \/>\n<img loading=\"lazy\" decoding=\"async\" class=\"wp-image-2409 alignnone\" src=\"http:\/\/kanada.amenity.cz\/wp-content\/uploads\/sites\/2\/2019\/08\/telefon.png\" alt=\"\" width=\"25\" height=\"25\" \/> (+ 420) 602 130 905<\/p>\n<p><\/div><\/div><\/div><\/div><\/div><\/div>[\/vc_column][\/vc_row][vc_row full_width=&#8221;stretch_row_content_no_spaces&#8221;][vc_column]<div  class=\"empty-space  marg-lg-b25 marg-xs-b50\"><\/div>[\/vc_column][\/vc_row]<\/p>\n<\/div>","protected":false},"excerpt":{"rendered":"<p>[vc_row full_width=&#8221;stretch_row_content_no_spaces&#8221;][vc_column offset=&#8221;vc_hidden-sm vc_hidden-xs&#8221;][\/vc_column][vc_column offset=&#8221;vc_hidden-lg vc_hidden-md&#8221;][vc_single_image image=&#8221;4480&#8243; img_size=&#8221;full&#8221;][\/vc_column][\/vc_row][vc_row][vc_column][\/vc_column][\/vc_row][vc_row][vc_column width=&#8221;1\/6&#8243;][\/vc_column][vc_column width=&#8221;4\/6&#8243;][vc_separator color=&#8221;custom&#8221; border_width=&#8221;2&#8243; el_width=&#8221;50&#8243; accent_color=&#8221;#c7b39a&#8221;][\/vc_column][vc_column width=&#8221;1\/6&#8243;][\/vc_column][\/vc_row][vc_row][vc_column][vc_separator color=&#8221;custom&#8221; border_width=&#8221;2&#8243; el_width=&#8221;50&#8243; accent_color=&#8221;#c7b39a&#8221;][\/vc_column][\/vc_row][vc_row full_width=&#8221;stretch_row_content_no_spaces&#8221;][vc_column][\/vc_column][\/vc_row][vc_row full_width=&#8221;stretch_row_content_no_spaces&#8221;][vc_column][\/vc_column][\/vc_row]<\/p>\n","protected":false},"author":2,"featured_media":0,"parent":0,"menu_order":0,"comment_status":"closed","ping_status":"closed","template":"","meta":{"footnotes":""},"class_list":["post-4539","page","type-page","status-publish","hentry"],"yoast_head":"<!-- This site is optimized with the Yoast SEO Premium plugin v27.3 (Yoast SEO v27.3) - https:\/\/yoast.com\/product\/yoast-seo-premium-wordpress\/ -->\n<title>Restaurant Monachus in Nov\u00e1 Byst\u0159ice geh\u00f6rt zum Golfresort Monachus<\/title>\n<meta name=\"description\" content=\"Restaurant im Golfresort Monachus in Nov\u00e1 Byst\u0159ice ist f\u00fcr \u00d6ffentlichkeit zug\u00e4ngig. T\u00e4glich servieren wir frische Spezialit\u00e4ten der lokalen.\" \/>\n<meta name=\"robots\" content=\"index, follow, max-snippet:-1, max-image-preview:large, max-video-preview:-1\" \/>\n<link rel=\"canonical\" href=\"https:\/\/kanada.amenity.cz\/de\/restaurant-nova-bystrice\/\" \/>\n<meta property=\"og:locale\" content=\"de_DE\" \/>\n<meta property=\"og:type\" content=\"article\" \/>\n<meta property=\"og:title\" content=\"RESTAURANT\" \/>\n<meta property=\"og:description\" content=\"Restaurant im Golfresort Monachus in Nov\u00e1 Byst\u0159ice ist f\u00fcr \u00d6ffentlichkeit zug\u00e4ngig. T\u00e4glich servieren wir frische Spezialit\u00e4ten der lokalen.\" \/>\n<meta property=\"og:url\" content=\"https:\/\/kanada.amenity.cz\/de\/restaurant-nova-bystrice\/\" \/>\n<meta property=\"og:site_name\" content=\"Amenity Hotel &amp; Resort \u010cesk\u00e1 Kanada\" \/>\n<meta property=\"article:modified_time\" content=\"2025-10-13T12:11:03+00:00\" \/>\n<meta property=\"og:image\" content=\"http:\/\/kanada.amenity.cz\/wp-content\/uploads\/sites\/2\/2019\/08\/e-mail.png\" \/>\n<meta name=\"twitter:card\" content=\"summary_large_image\" \/>\n<meta name=\"twitter:label1\" content=\"Gesch\u00e4tzte Lesezeit\" \/>\n\t<meta name=\"twitter:data1\" content=\"2\u00a0Minuten\" \/>\n<script type=\"application\/ld+json\" class=\"yoast-schema-graph\">{\"@context\":\"https:\\\/\\\/schema.org\",\"@graph\":[{\"@type\":\"WebPage\",\"@id\":\"https:\\\/\\\/kanada.amenity.cz\\\/de\\\/restaurant-nova-bystrice\\\/\",\"url\":\"https:\\\/\\\/kanada.amenity.cz\\\/de\\\/restaurant-nova-bystrice\\\/\",\"name\":\"Restaurant Monachus in Nov\u00e1 Byst\u0159ice geh\u00f6rt zum Golfresort Monachus\",\"isPartOf\":{\"@id\":\"https:\\\/\\\/kanada.amenity.cz\\\/de\\\/#website\"},\"primaryImageOfPage\":{\"@id\":\"https:\\\/\\\/kanada.amenity.cz\\\/de\\\/restaurant-nova-bystrice\\\/#primaryimage\"},\"image\":{\"@id\":\"https:\\\/\\\/kanada.amenity.cz\\\/de\\\/restaurant-nova-bystrice\\\/#primaryimage\"},\"thumbnailUrl\":\"http:\\\/\\\/kanada.amenity.cz\\\/wp-content\\\/uploads\\\/sites\\\/2\\\/2019\\\/08\\\/e-mail.png\",\"datePublished\":\"2019-10-26T19:18:04+00:00\",\"dateModified\":\"2025-10-13T12:11:03+00:00\",\"description\":\"Restaurant im Golfresort Monachus in Nov\u00e1 Byst\u0159ice ist f\u00fcr \u00d6ffentlichkeit zug\u00e4ngig. T\u00e4glich servieren wir frische Spezialit\u00e4ten der lokalen.\",\"breadcrumb\":{\"@id\":\"https:\\\/\\\/kanada.amenity.cz\\\/de\\\/restaurant-nova-bystrice\\\/#breadcrumb\"},\"inLanguage\":\"de\",\"potentialAction\":[{\"@type\":\"ReadAction\",\"target\":[\"https:\\\/\\\/kanada.amenity.cz\\\/de\\\/restaurant-nova-bystrice\\\/\"]}]},{\"@type\":\"ImageObject\",\"inLanguage\":\"de\",\"@id\":\"https:\\\/\\\/kanada.amenity.cz\\\/de\\\/restaurant-nova-bystrice\\\/#primaryimage\",\"url\":\"http:\\\/\\\/kanada.amenity.cz\\\/wp-content\\\/uploads\\\/sites\\\/2\\\/2019\\\/08\\\/e-mail.png\",\"contentUrl\":\"http:\\\/\\\/kanada.amenity.cz\\\/wp-content\\\/uploads\\\/sites\\\/2\\\/2019\\\/08\\\/e-mail.png\"},{\"@type\":\"BreadcrumbList\",\"@id\":\"https:\\\/\\\/kanada.amenity.cz\\\/de\\\/restaurant-nova-bystrice\\\/#breadcrumb\",\"itemListElement\":[{\"@type\":\"ListItem\",\"position\":1,\"name\":\"Dom\u016f\",\"item\":\"https:\\\/\\\/kanada.amenity.cz\\\/de\\\/\"},{\"@type\":\"ListItem\",\"position\":2,\"name\":\"RESTAURANT\"}]},{\"@type\":\"WebSite\",\"@id\":\"https:\\\/\\\/kanada.amenity.cz\\\/de\\\/#website\",\"url\":\"https:\\\/\\\/kanada.amenity.cz\\\/de\\\/\",\"name\":\"Amenity Hotel &amp; Resort \u010cesk\u00e1 Kanada\",\"description\":\"Souhra wellness a golfu\",\"potentialAction\":[{\"@type\":\"SearchAction\",\"target\":{\"@type\":\"EntryPoint\",\"urlTemplate\":\"https:\\\/\\\/kanada.amenity.cz\\\/de\\\/?s={search_term_string}\"},\"query-input\":{\"@type\":\"PropertyValueSpecification\",\"valueRequired\":true,\"valueName\":\"search_term_string\"}}],\"inLanguage\":\"de\"}]}<\/script>\n<!-- \/ Yoast SEO Premium plugin. -->","yoast_head_json":{"title":"Restaurant Monachus in Nov\u00e1 Byst\u0159ice geh\u00f6rt zum Golfresort Monachus","description":"Restaurant im Golfresort Monachus in Nov\u00e1 Byst\u0159ice ist f\u00fcr \u00d6ffentlichkeit zug\u00e4ngig. T\u00e4glich servieren wir frische Spezialit\u00e4ten der lokalen.","robots":{"index":"index","follow":"follow","max-snippet":"max-snippet:-1","max-image-preview":"max-image-preview:large","max-video-preview":"max-video-preview:-1"},"canonical":"https:\/\/kanada.amenity.cz\/de\/restaurant-nova-bystrice\/","og_locale":"de_DE","og_type":"article","og_title":"RESTAURANT","og_description":"Restaurant im Golfresort Monachus in Nov\u00e1 Byst\u0159ice ist f\u00fcr \u00d6ffentlichkeit zug\u00e4ngig. T\u00e4glich servieren wir frische Spezialit\u00e4ten der lokalen.","og_url":"https:\/\/kanada.amenity.cz\/de\/restaurant-nova-bystrice\/","og_site_name":"Amenity Hotel &amp; Resort \u010cesk\u00e1 Kanada","article_modified_time":"2025-10-13T12:11:03+00:00","og_image":[{"url":"http:\/\/kanada.amenity.cz\/wp-content\/uploads\/sites\/2\/2019\/08\/e-mail.png","type":"","width":"","height":""}],"twitter_card":"summary_large_image","twitter_misc":{"Gesch\u00e4tzte Lesezeit":"2\u00a0Minuten"},"schema":{"@context":"https:\/\/schema.org","@graph":[{"@type":"WebPage","@id":"https:\/\/kanada.amenity.cz\/de\/restaurant-nova-bystrice\/","url":"https:\/\/kanada.amenity.cz\/de\/restaurant-nova-bystrice\/","name":"Restaurant Monachus in Nov\u00e1 Byst\u0159ice geh\u00f6rt zum Golfresort Monachus","isPartOf":{"@id":"https:\/\/kanada.amenity.cz\/de\/#website"},"primaryImageOfPage":{"@id":"https:\/\/kanada.amenity.cz\/de\/restaurant-nova-bystrice\/#primaryimage"},"image":{"@id":"https:\/\/kanada.amenity.cz\/de\/restaurant-nova-bystrice\/#primaryimage"},"thumbnailUrl":"http:\/\/kanada.amenity.cz\/wp-content\/uploads\/sites\/2\/2019\/08\/e-mail.png","datePublished":"2019-10-26T19:18:04+00:00","dateModified":"2025-10-13T12:11:03+00:00","description":"Restaurant im Golfresort Monachus in Nov\u00e1 Byst\u0159ice ist f\u00fcr \u00d6ffentlichkeit zug\u00e4ngig. T\u00e4glich servieren wir frische Spezialit\u00e4ten der lokalen.","breadcrumb":{"@id":"https:\/\/kanada.amenity.cz\/de\/restaurant-nova-bystrice\/#breadcrumb"},"inLanguage":"de","potentialAction":[{"@type":"ReadAction","target":["https:\/\/kanada.amenity.cz\/de\/restaurant-nova-bystrice\/"]}]},{"@type":"ImageObject","inLanguage":"de","@id":"https:\/\/kanada.amenity.cz\/de\/restaurant-nova-bystrice\/#primaryimage","url":"http:\/\/kanada.amenity.cz\/wp-content\/uploads\/sites\/2\/2019\/08\/e-mail.png","contentUrl":"http:\/\/kanada.amenity.cz\/wp-content\/uploads\/sites\/2\/2019\/08\/e-mail.png"},{"@type":"BreadcrumbList","@id":"https:\/\/kanada.amenity.cz\/de\/restaurant-nova-bystrice\/#breadcrumb","itemListElement":[{"@type":"ListItem","position":1,"name":"Dom\u016f","item":"https:\/\/kanada.amenity.cz\/de\/"},{"@type":"ListItem","position":2,"name":"RESTAURANT"}]},{"@type":"WebSite","@id":"https:\/\/kanada.amenity.cz\/de\/#website","url":"https:\/\/kanada.amenity.cz\/de\/","name":"Amenity Hotel &amp; Resort \u010cesk\u00e1 Kanada","description":"Souhra wellness a golfu","potentialAction":[{"@type":"SearchAction","target":{"@type":"EntryPoint","urlTemplate":"https:\/\/kanada.amenity.cz\/de\/?s={search_term_string}"},"query-input":{"@type":"PropertyValueSpecification","valueRequired":true,"valueName":"search_term_string"}}],"inLanguage":"de"}]}},"_links":{"self":[{"href":"https:\/\/kanada.amenity.cz\/de\/wp-json\/wp\/v2\/pages\/4539","targetHints":{"allow":["GET"]}}],"collection":[{"href":"https:\/\/kanada.amenity.cz\/de\/wp-json\/wp\/v2\/pages"}],"about":[{"href":"https:\/\/kanada.amenity.cz\/de\/wp-json\/wp\/v2\/types\/page"}],"author":[{"embeddable":true,"href":"https:\/\/kanada.amenity.cz\/de\/wp-json\/wp\/v2\/users\/2"}],"replies":[{"embeddable":true,"href":"https:\/\/kanada.amenity.cz\/de\/wp-json\/wp\/v2\/comments?post=4539"}],"version-history":[{"count":4,"href":"https:\/\/kanada.amenity.cz\/de\/wp-json\/wp\/v2\/pages\/4539\/revisions"}],"predecessor-version":[{"id":11263,"href":"https:\/\/kanada.amenity.cz\/de\/wp-json\/wp\/v2\/pages\/4539\/revisions\/11263"}],"wp:attachment":[{"href":"https:\/\/kanada.amenity.cz\/de\/wp-json\/wp\/v2\/media?parent=4539"}],"curies":[{"name":"wp","href":"https:\/\/api.w.org\/{rel}","templated":true}]}}