{"id":11844,"date":"2026-04-16T15:13:40","date_gmt":"2026-04-16T13:13:40","guid":{"rendered":"https:\/\/kanada.amenity.cz\/?page_id=11844"},"modified":"2026-04-16T15:13:40","modified_gmt":"2026-04-16T13:13:40","slug":"faq","status":"publish","type":"page","link":"https:\/\/kanada.amenity.cz\/de\/faq\/","title":{"rendered":"FAQ"},"content":{"rendered":"<div class=\"wpb-content-wrapper\"><p>[vc_row full_width=&#8221;stretch_row_content_no_spaces&#8221; full_height=&#8221;yes&#8221; css=&#8221;.vc_custom_1776327166106{background-image: url(https:\/\/kanada.amenity.cz\/wp-content\/uploads\/sites\/9\/2024\/06\/amenity-hotel-resort-ceska-kanada_1920x1080_hlavni.jpg) !important;}&#8221;][vc_column]<div class=\"text-block \" ><div class=\"simple-text \"><h1 style=\"text-align: center;\"><span style=\"color: #ffffff;\">FAQ \u2013 AMENITY HOTEL &amp; RESORT \u010cESK\u00c1 KANADA<\/span><\/h1>\n<p style=\"text-align: center;\"><span style=\"font-weight: 400; color: #ffffff;\">S\u00fcdb\u00f6hmen | Nov\u00e1 Byst\u0159ice | Naturpark \u010cesk\u00e1 Kanada | Hotel und Familienh\u00e4user<\/span><\/p>\n<p style=\"text-align: center;\"><span style=\"font-weight: 400; color: #ffffff;\">Ein Naturresort im Herzen von \u010cesk\u00e1 Kanada mit Schwimmbad, Wellness- &amp; Balneo-Zentrum, Golfplatz und einem breiten Angebot an Indoor- und Outdoor-Aktivit\u00e4ten.<\/span><\/p>\n<p style=\"text-align: center;\"><span style=\"color: #ffffff;\"><strong>Diese FAQ beantwortet die h\u00e4ufigsten Fragen von G\u00e4sten, die das ganze Jahr \u00fcber einen Aufenthalt in \u010cesk\u00e1 Kanada planen.<\/strong><\/span><\/p>\n<\/div><\/div>[\/vc_column][\/vc_row][vc_row][vc_column]<div  class=\"empty-space  marg-lg-b115 marg-xs-b50\"><\/div><div class=\"text-block \" ><div class=\"simple-text \"><h3><span style=\"color: #7f5b23;\">UNTERKUNFT UND LAGE<\/span><\/h3>\n<p><span style=\"color: #7f5b23;\"><b>Welcher Teil der Tschechischen Republik wird \u010cesk\u00e1 Kanada genannt und warum?<\/b><\/span><\/p>\n<p><span style=\"font-weight: 400;\">\u010cesk\u00e1 Kanada ist die Bezeichnung f\u00fcr ein Naturparkgebiet an der Grenze zwischen S\u00fcdb\u00f6hmen und der Region Vyso\u010dina. Der Name entstand dank der gegliederten Landschaft, der W\u00e4lder, Teiche und des k\u00fchleren Klimas, die an nordische Natur erinnern. Dieses Gebiet liegt au\u00dferdem auf demselben Breitengrad wie Kanada.<\/span><\/p>\n<p><span style=\"color: #7f5b23;\"><b>In welcher Stadt befindet sich das Amenity Hotel &amp; Resort \u010cesk\u00e1 Kanada?<\/b><\/span><\/p>\n<p><span style=\"font-weight: 400;\">Das Resort befindet sich in Nov\u00e1 Byst\u0159ice im Gebiet des Naturparks \u010cesk\u00e1 Kanada.<\/span><\/p>\n<p><span style=\"color: #7f5b23;\"><b>F\u00fcr wen ist die Unterkunft im Amenity Hotel &amp; Resort \u010cesk\u00e1 Kanada geeignet?<\/b><\/span><\/p>\n<p><span style=\"font-weight: 400;\">Das Resort ist geeignet f\u00fcr Paare, aktive G\u00e4ste, Golfer, Wellnessliebhaber und Firmenkunden.<\/span><\/p>\n<p><span style=\"color: #7f5b23;\"><b>Welche Unterkunftsarten bietet Amenity \u010cesk\u00e1 Kanada an?<\/b><\/span><\/p>\n<p><span style=\"font-weight: 400;\">Amenity \u010cesk\u00e1 Kanada bietet neue und moderne Hotelzimmer sowie eigenst\u00e4ndige, voll ausgestattete H\u00e4user ohne Verpflegung, die f\u00fcr gr\u00f6\u00dfere Gruppen geeignet sind.<\/span><\/p>\n<p><span style=\"color: #7f5b23;\"><b>Wo findet der Check-in statt und wo bekomme ich die Schl\u00fcssel f\u00fcr meinen Aufenthalt?<\/b><\/span><\/p>\n<p><span style=\"font-weight: 400;\">Der Check-in findet an der Hotelrezeption statt, wo die G\u00e4ste die Schl\u00fcssel f\u00fcr ihr Zimmer erhalten. Die Schl\u00fcssel f\u00fcr die H\u00e4user werden nach vorheriger Absprache direkt in den H\u00e4usern bereitgelegt.<\/span><\/p>\n<p><span style=\"color: #7f5b23;\"><b>Wie bekomme ich die Schl\u00fcssel f\u00fcr einen Aufenthalt in den H\u00e4usern?<\/b><\/span><\/p>\n<p><span style=\"font-weight: 400;\">Bitte holen Sie die Schl\u00fcssel f\u00fcr die H\u00e4user an der Hotelrezeption ab. Nach dem Aufenthalt m\u00fcssen sie dort auch wieder zur\u00fcckgegeben werden.<\/span><\/p>\n<p><span style=\"color: #7f5b23;\"><b>Wann ist die beste Jahreszeit f\u00fcr einen Besuch in \u010cesk\u00e1 Kanada?<\/b><\/span><\/p>\n<p><span style=\"font-weight: 400;\">Das Resort ist ganzj\u00e4hrig ge\u00f6ffnet. Beliebt sind die Sommermonate zum Radfahren und Wandern sowie die Winterzeit f\u00fcr Langlauf und ruhige Wellnessaufenthalte.<\/span><\/p>\n<h3><span style=\"color: #7f5b23;\">RESTAURANT UND SERVICE<\/span><\/h3>\n<p><span style=\"color: #7f5b23;\"><b>Gibt es im Resort ein Restaurant?<\/b><\/span><\/p>\n<p><span style=\"font-weight: 400;\">Ja, das Resort verf\u00fcgt \u00fcber ein eigenes Restaurant im Hotelgeb\u00e4ude.<\/span><\/p>\n<p><span style=\"color: #7f5b23;\"><b>Welche Verpflegungsm\u00f6glichkeiten werden angeboten?<\/b><\/span><\/p>\n<p><span style=\"font-weight: 400;\">Halbpension in Buffetform ist f\u00fcr Hotelg\u00e4ste im \u00dcbernachtungspreis enthalten. Au\u00dferdem steht ein t\u00e4gliches Restaurantangebot zur Verf\u00fcgung.<\/span><\/p>\n<p><span style=\"color: #7f5b23;\"><b>Ab wann wird Fr\u00fchst\u00fcck serviert?<\/b><\/span><\/p>\n<p><span style=\"font-weight: 400;\">Das Fr\u00fchst\u00fcck wird von 7:30 bis 10:00 Uhr serviert.<\/span><\/p>\n<p><span style=\"color: #7f5b23;\"><b>Ab wann wird Abendessen serviert?<\/b><\/span><\/p>\n<p><span style=\"font-weight: 400;\">Das Abendessen wird von 18:00 bis 20:30 Uhr serviert.<\/span><\/p>\n<p><span style=\"color: #7f5b23;\"><b>Welche Benefitprogramme kann ich im Amenity \u010cesk\u00e1 Kanada nutzen?<\/b><\/span><\/p>\n<p><span style=\"font-weight: 400;\">Wir akzeptieren FKSP, Edenred, Pluxee (Sodexo), Benefit Plus und UpBenefity. Die Benefits k\u00f6nnen f\u00fcr Unterkunft, Wellness und Restaurant genutzt werden.<\/span><\/p>\n<p><span style=\"color: #7f5b23;\"><b>Kann ich einen Amenity-Geschenkgutschein f\u00fcr meinen Aufenthalt einl\u00f6sen?<\/b><\/span><\/p>\n<p><span style=\"font-weight: 400;\">Ja, Amenity-Geschenkgutscheine k\u00f6nnen f\u00fcr Aufenthalte und Dienstleistungen einschlie\u00dflich Restaurant eingel\u00f6st werden.<\/span><\/p>\n<p><span style=\"color: #7f5b23;\"><b>Gibt es auf dem Gel\u00e4nde eine Ladestation f\u00fcr Elektroautos?<\/b><\/span><\/p>\n<p><span style=\"font-weight: 400;\">Ja, eine Ladestation ist vorhanden. Die Ladepreise richten sich nach den Regeln des Energieversorgers.<\/span><\/p>\n<h3><span style=\"color: #7f5b23;\">WELLNESS, SCHWIMMBAD UND ENTSPANNUNG<\/span><\/h3>\n<p><span style=\"color: #7f5b23;\"><b>Wie gro\u00df ist das Schwimmbad?<\/b><\/span><\/p>\n<p><span style=\"font-weight: 400;\">Zum Wellnessbereich geh\u00f6rt ein 25-Meter-Schwimmbecken, das sich sowohl f\u00fcr Freizeitschwimmen als auch f\u00fcr Konditionstraining eignet.<\/span><\/p>\n<p><span style=\"color: #7f5b23;\"><b>Wie sind die \u00d6ffnungszeiten des Schwimmbads mit Whirlpools?<\/b><\/span><\/p>\n<p><span style=\"font-weight: 400;\">Das Schwimmbad mit Whirlpools ist t\u00e4glich von 6:30 bis 22:00 Uhr ge\u00f6ffnet.<\/span><\/p>\n<p><span style=\"color: #7f5b23;\"><b>Ist der Wellnessbereich auch f\u00fcr Tagesg\u00e4ste ohne \u00dcbernachtung zug\u00e4nglich?<\/b><\/span><\/p>\n<p><span style=\"font-weight: 400;\">Ja, der Wellnessbereich ist zu festgelegten Zeiten auch f\u00fcr die \u00d6ffentlichkeit zug\u00e4nglich. Wir empfehlen eine vorherige Reservierung \u00fcber die Rezeption. Die Kapazit\u00e4t ist begrenzt.<\/span><\/p>\n<p><span style=\"color: #7f5b23;\"><b>Wann kann ich die Saunen und andere Wellnessanwendungen nutzen? Wie kann ich sie reservieren?<\/b><\/span><\/p>\n<p><span style=\"font-weight: 400;\">Saunen und Anwendungen stehen gem\u00e4\u00df den aktuellen \u00d6ffnungszeiten des Wellnesszentrums von 10:00 bis 22:00 Uhr zur Verf\u00fcgung. Wir empfehlen, mindestens 24 Stunden im Voraus \u00fcber die Rezeption zu reservieren.<\/span><\/p>\n<h3><span style=\"color: #7f5b23;\">FAMILIEN, SPORT UND FREIZEIT<\/span><\/h3>\n<p><span style=\"color: #7f5b23;\"><b>Welche weiteren Freizeitaktivit\u00e4ten sind im Resort verf\u00fcgbar?<\/b><\/span><\/p>\n<p><span style=\"font-weight: 400;\">Im Resort und in der Umgebung k\u00f6nnen Sie Golf, Fitness, Outdoor-Aktivit\u00e4ten, Radfahren und Wandern nutzen.<\/span><\/p>\n<p><span style=\"color: #7f5b23;\"><b>Gibt es im Resort ein Fitnesscenter?<\/b><\/span><\/p>\n<p><span style=\"font-weight: 400;\">Ja, zum Resort geh\u00f6rt ein professionelles Fitnesscenter.<\/span><\/p>\n<p><span style=\"color: #7f5b23;\"><b>Kann man in der Umgebung Golf spielen?<\/b><\/span><\/p>\n<p><span style=\"font-weight: 400;\">Ja, direkt neben dem Resort befindet sich der Golfresort Monachus mit einem professionellen 18-Loch-Platz und einem 9-Loch-\u00dcbungsplatz.<\/span><\/p>\n<p><span style=\"color: #7f5b23;\"><b>K\u00f6nnen auch G\u00e4ste ohne Hotel\u00fcbernachtung die \u00f6rtlichen Golfangebote nutzen?<\/b><\/span><\/p>\n<p><span style=\"font-weight: 400;\">Ja, die Golfangebote stehen auch nicht untergebrachten G\u00e4sten je nach aktuellem Angebot zur Verf\u00fcgung.<\/span><\/p>\n<p><span style=\"color: #7f5b23;\"><b>Bietet das Resort einen E-Bike-Verleih an?<\/b><\/span><\/p>\n<p><span style=\"font-weight: 400;\">Ja, im Resort kann ein E-Bike-Verleih genutzt werden.<\/span><\/p>\n<p><span style=\"color: #7f5b23;\"><b>Welche Ausfl\u00fcge oder Wege empfehlen Sie in \u010cesk\u00e1 Kanada?<\/b><\/span><\/p>\n<p><span style=\"font-weight: 400;\">Wir empfehlen Radwege, Wanderwege rund um die Teiche, die Schmalspurbahn Nov\u00e1 Byst\u0159ice und die Burg Land\u0161tejn. Weitere Ausflugstipps finden Sie auf der Website im Bereich Aktivit\u00e4ten.<\/span><\/p>\n<p><span style=\"color: #7f5b23;\"><b>Ist es m\u00f6glich, im Resort eine Hochzeit oder eine Familienfeier zu veranstalten?<\/b><\/span><\/p>\n<p><span style=\"font-weight: 400;\">Ja, das Resort bietet R\u00e4umlichkeiten, die sich f\u00fcr Hochzeiten und private Veranstaltungen eignen.<\/span><\/p>\n<h3><span style=\"color: #7f5b23;\">FIRMENVERANSTALTUNGEN UND TEAMBUILDING<\/span><\/h3>\n<p><span style=\"color: #7f5b23;\"><b>K\u00f6nnen im Amenity \u010cesk\u00e1 Kanada Firmenkonferenzen, Schulungen oder Teambuilding-Veranstaltungen organisiert werden?<\/b><\/span><\/p>\n<p><span style=\"font-weight: 400;\">Ja, das Resort verf\u00fcgt \u00fcber Konferenzr\u00e4ume und Einrichtungen f\u00fcr Firmenveranstaltungen, Schulungen und Teambuilding. F\u00fcr ein konkretes Angebot wenden Sie sich bitte an die Abteilung Sales &amp; Events unter <a href=\"mailto:events@amenity.cz\">events@amenity.cz<\/a>.<\/span><\/p>\n<h3><span style=\"color: #7f5b23;\">PRAKTISCHE INFORMATIONEN<\/span><\/h3>\n<p><span style=\"color: #7f5b23;\"><b>Wann ist im Amenity \u010cesk\u00e1 Kanada Check-in und Check-out?<\/b><\/span><\/p>\n<p><span style=\"font-weight: 400;\">Check-in ist ab 16:00 Uhr, Check-out bis 10:00 Uhr. Eine fr\u00fchere Anreise und sp\u00e4tere Abreise ist nach vorheriger Reservierung bei der Online-Buchung oder nach individueller Absprache mit der Rezeption je nach aktueller Kapazit\u00e4t des Resorts m\u00f6glich.<\/span><\/p>\n<p><span style=\"color: #7f5b23;\"><b>Ist das Parken am Resort \u010cesk\u00e1 Kanada kostenlos?<\/b><\/span><\/p>\n<p><span style=\"font-weight: 400;\">Ja, das Parken ist kostenlos. F\u00fcr Hotelzimmer steht 1 Parkplatz zur Verf\u00fcgung, f\u00fcr Family Rooms und H\u00e4user f\u00fcr 4 und mehr Personen 1\u20132 Parkpl\u00e4tze.<\/span><\/p>\n<p><span style=\"color: #7f5b23;\"><b>Ist eine Unterbringung mit Haustieren m\u00f6glich?<\/b><\/span><\/p>\n<p><span style=\"font-weight: 400;\">Ja, Haustiere sind erlaubt. Die Geb\u00fchr betr\u00e4gt 500 CZK pro Nacht. Maximal 1 Haustier pro Zimmer, nur in ausgew\u00e4hlten Zimmertypen. Bei gr\u00f6\u00dferen Rassen empfehlen wir, vor der Buchung die Rezeption zu kontaktieren.<\/span><\/p>\n<\/div><\/div><div  class=\"empty-space  marg-lg-b120 marg-xs-b50\"><\/div>[\/vc_column][\/vc_row][vc_row full_width=&#8221;stretch_row_content_no_spaces&#8221; css=&#8221;.vc_custom_1773224503466{background-color: #f3f3f3 !important;}&#8221;][vc_column]<div  class=\"empty-space  marg-lg-b120 marg-xs-b50\"><\/div><div class=\"text-block \" ><div class=\"simple-text \"><h3 style=\"text-align: center;\"><span style=\"font-weight: 400;\">KONTAKTE<\/span><\/h3>\n<\/div><\/div><div  class=\"empty-space  marg-lg-b120 marg-xs-b50\"><\/div>[\/vc_column][\/vc_row][vc_row full_width=&#8221;stretch_row_content_no_spaces&#8221; css=&#8221;.vc_custom_1773224517616{background-color: #f3f3f3 !important;}&#8221;][vc_column width=&#8221;1\/2&#8243;]<div class=\"text-block \" ><div class=\"simple-text \"><p style=\"text-align: center;\"><strong>Hotelrezeption:<\/strong><\/p>\n<p style=\"text-align: center;\"><span style=\"font-weight: 400;\">\ud83d\udccd Amenity Hotel &amp; Resort \u010cesk\u00e1 Kanada<\/span><\/p>\n<p style=\"text-align: center;\"><span style=\"font-weight: 400;\">\ud83d\udce7 <a href=\"mailto:kanada@amenity.cz\">kanada@amenity.cz<\/a><\/span><\/p>\n<p style=\"text-align: center;\"><span style=\"font-weight: 400;\">\ud83d\udcde <a href=\"tel:+420775445880\">+420 775 445 880<\/a><\/span><\/p>\n<p style=\"text-align: center;\"><span style=\"font-weight: 400;\">\ud83c\udf10 <a href=\"https:\/\/kanada.amenity.cz\">https:\/\/kanada.amenity.cz<\/a><\/span><\/p>\n<\/div><\/div><div  class=\"empty-space  marg-lg-b120 marg-xs-b50\"><\/div>[\/vc_column][vc_column width=&#8221;1\/2&#8243;]<div class=\"text-block \" ><div class=\"simple-text \"><p style=\"text-align: center;\"><strong>Sales &amp; Events \u2013 Amenity Resorts:<\/strong><\/p>\n<p style=\"text-align: center;\"><span style=\"font-weight: 400;\">\ud83d\udce7 <a href=\"mailto:events@amenity.cz\">events@amenity.cz<\/a><\/span><\/p>\n<p style=\"text-align: center;\"><span style=\"font-weight: 400;\">\ud83d\udcf1 <a href=\"tel:+420771263711\">+420 771 263 711<\/a><\/span><\/p>\n<p style=\"text-align: center;\"><span style=\"font-weight: 400;\">\ud83d\udcf1 <a href=\"tel:+420770331132\">+420 770 331 132<\/a><\/span><\/p>\n<p style=\"text-align: center;\"><span style=\"font-weight: 400;\">\ud83c\udf10 <a href=\"https:\/\/amenity.cz\/event-v-amenity-resorts\/\">https:\/\/amenity.cz\/event-v-amenity-resorts\/<\/a><\/span><\/p>\n<\/div><\/div><div  class=\"empty-space  marg-lg-b120 marg-xs-b50\"><\/div>[\/vc_column][\/vc_row][vc_row full_width=&#8221;stretch_row_content_no_spaces&#8221; css=&#8221;.vc_custom_1773224537430{background-color: #293635 !important;}&#8221;][vc_column][vc_raw_js]JTNDc2NyaXB0JTNFJTBBJTIwJTIwJTIwJTIwJTIwJTIwJTIwJTIwJTI4ZnVuY3Rpb24lMjAlMjh3JTJDZCUyQ3MlMkNvJTJDZiUyQ2pzJTJDZmpzJTI5JTIwJTdCJTBBJTIwJTIwJTIwJTIwJTIwJTIwJTIwJTIwJTIwJTIwJTIwJTIwdyU1QiUyN2VjbS13aWRnZXQlMjclNUQlM0RvJTNCdyU1Qm8lNUQlMjAlM0QlMjB3JTVCbyU1RCUyMCU3QyU3QyUyMGZ1bmN0aW9uJTIwJTI4JTI5JTIwJTdCJTIwJTI4dyU1Qm8lNUQucSUyMCUzRCUyMHclNUJvJTVELnElMjAlN0MlN0MlMjAlNUIlNUQlMjkucHVzaCUyOGFyZ3VtZW50cyUyOSUyMCU3RCUzQiUwQSUyMCUyMCUyMCUyMCUyMCUyMCUyMCUyMCUyMCUyMCUyMCUyMGpzJTIwJTNEJTIwZC5jcmVhdGVFbGVtZW50JTI4cyUyOSUyQyUyMGZqcyUyMCUzRCUyMGQuZ2V0RWxlbWVudHNCeVRhZ05hbWUlMjhzJTI5JTVCMCU1RCUzQiUwQSUyMCUyMCUyMCUyMCUyMCUyMCUyMCUyMCUyMCUyMCUyMCUyMGpzLmlkJTIwJTNEJTIwJTI3MjYtMzk3NzA4ZmVlNDhiMWYxNjc4YThjMDRjYzE0MjYwNGElMjclM0IlMjBqcy5kYXRhc2V0LmElMjAlM0QlMjAlMjdhbWVuaXR5cmVzb3J0cyUyNyUzQiUyMGpzLnNyYyUyMCUzRCUyMGYlM0IlMjBqcy5hc3luYyUyMCUzRCUyMDElM0IlMjBmanMucGFyZW50Tm9kZS5pbnNlcnRCZWZvcmUlMjhqcyUyQyUyMGZqcyUyOSUzQiUwQSUyMCUyMCUyMCUyMCUyMCUyMCUyMCUyMCU3RCUyOHdpbmRvdyUyQyUyMGRvY3VtZW50JTJDJTIwJTI3c2NyaXB0JTI3JTJDJTIwJTI3ZWNtd2lkZ2V0JTI3JTJDJTIwJTI3aHR0cHMlM0ElMkYlMkZkNzBzaGw3dmlkdGZ0LmNsb3VkZnJvbnQubmV0JTJGd2lkZ2V0LmpzJTI3JTI5JTI5JTNCJTBBJTIwJTIwJTIwJTIwJTNDJTJGc2NyaXB0JTNFJTBBJTIwJTIwJTIwJTIwJTIwJTIwJTIwJTIwJTIwJTIwJTIwJTIwJTNDZGl2JTIwaWQlM0QlMjJmLTI2LTM5NzcwOGZlZTQ4YjFmMTY3OGE4YzA0Y2MxNDI2MDRhJTIyJTNFJTNDJTJGZGl2JTNFJTBBJTA5JTA5JTA5[\/vc_raw_js][\/vc_column][\/vc_row]<\/p>\n<\/div>","protected":false},"excerpt":{"rendered":"<p>[vc_row full_width=&#8221;stretch_row_content_no_spaces&#8221; full_height=&#8221;yes&#8221; css=&#8221;.vc_custom_1776327166106{background-image: url(https:\/\/kanada.amenity.cz\/wp-content\/uploads\/sites\/9\/2024\/06\/amenity-hotel-resort-ceska-kanada_1920x1080_hlavni.jpg) !important;}&#8221;][vc_column][\/vc_column][\/vc_row][vc_row][vc_column][\/vc_column][\/vc_row][vc_row full_width=&#8221;stretch_row_content_no_spaces&#8221; css=&#8221;.vc_custom_1773224503466{background-color: #f3f3f3 !important;}&#8221;][vc_column][\/vc_column][\/vc_row][vc_row full_width=&#8221;stretch_row_content_no_spaces&#8221; css=&#8221;.vc_custom_1773224517616{background-color: #f3f3f3 !important;}&#8221;][vc_column width=&#8221;1\/2&#8243;][\/vc_column][vc_column width=&#8221;1\/2&#8243;][\/vc_column][\/vc_row][vc_row full_width=&#8221;stretch_row_content_no_spaces&#8221; css=&#8221;.vc_custom_1773224537430{background-color: #293635 !important;}&#8221;][vc_column][vc_raw_js]JTNDc2NyaXB0JTNFJTBBJTIwJTIwJTIwJTIwJTIwJTIwJTIwJTIwJTI4ZnVuY3Rpb24lMjAlMjh3JTJDZCUyQ3MlMkNvJTJDZiUyQ2pzJTJDZmpzJTI5JTIwJTdCJTBBJTIwJTIwJTIwJTIwJTIwJTIwJTIwJTIwJTIwJTIwJTIwJTIwdyU1QiUyN2VjbS13aWRnZXQlMjclNUQlM0RvJTNCdyU1Qm8lNUQlMjAlM0QlMjB3JTVCbyU1RCUyMCU3QyU3QyUyMGZ1bmN0aW9uJTIwJTI4JTI5JTIwJTdCJTIwJTI4dyU1Qm8lNUQucSUyMCUzRCUyMHclNUJvJTVELnElMjAlN0MlN0MlMjAlNUIlNUQlMjkucHVzaCUyOGFyZ3VtZW50cyUyOSUyMCU3RCUzQiUwQSUyMCUyMCUyMCUyMCUyMCUyMCUyMCUyMCUyMCUyMCUyMCUyMGpzJTIwJTNEJTIwZC5jcmVhdGVFbGVtZW50JTI4cyUyOSUyQyUyMGZqcyUyMCUzRCUyMGQuZ2V0RWxlbWVudHNCeVRhZ05hbWUlMjhzJTI5JTVCMCU1RCUzQiUwQSUyMCUyMCUyMCUyMCUyMCUyMCUyMCUyMCUyMCUyMCUyMCUyMGpzLmlkJTIwJTNEJTIwJTI3MjYtMzk3NzA4ZmVlNDhiMWYxNjc4YThjMDRjYzE0MjYwNGElMjclM0IlMjBqcy5kYXRhc2V0LmElMjAlM0QlMjAlMjdhbWVuaXR5cmVzb3J0cyUyNyUzQiUyMGpzLnNyYyUyMCUzRCUyMGYlM0IlMjBqcy5hc3luYyUyMCUzRCUyMDElM0IlMjBmanMucGFyZW50Tm9kZS5pbnNlcnRCZWZvcmUlMjhqcyUyQyUyMGZqcyUyOSUzQiUwQSUyMCUyMCUyMCUyMCUyMCUyMCUyMCUyMCU3RCUyOHdpbmRvdyUyQyUyMGRvY3VtZW50JTJDJTIwJTI3c2NyaXB0JTI3JTJDJTIwJTI3ZWNtd2lkZ2V0JTI3JTJDJTIwJTI3aHR0cHMlM0ElMkYlMkZkNzBzaGw3dmlkdGZ0LmNsb3VkZnJvbnQubmV0JTJGd2lkZ2V0LmpzJTI3JTI5JTI5JTNCJTBBJTIwJTIwJTIwJTIwJTNDJTJGc2NyaXB0JTNFJTBBJTIwJTIwJTIwJTIwJTIwJTIwJTIwJTIwJTIwJTIwJTIwJTIwJTNDZGl2JTIwaWQlM0QlMjJmLTI2LTM5NzcwOGZlZTQ4YjFmMTY3OGE4YzA0Y2MxNDI2MDRhJTIyJTNFJTNDJTJGZGl2JTNFJTBBJTA5JTA5JTA5[\/vc_raw_js][\/vc_column][\/vc_row]<\/p>\n","protected":false},"author":3,"featured_media":11796,"parent":0,"menu_order":0,"comment_status":"closed","ping_status":"closed","template":"","meta":{"footnotes":""},"class_list":["post-11844","page","type-page","status-publish","has-post-thumbnail","hentry"],"yoast_head":"<!-- This site is optimized with the Yoast SEO Premium plugin v27.3 (Yoast SEO v27.3) - https:\/\/yoast.com\/product\/yoast-seo-premium-wordpress\/ -->\n<title>FAQ - Amenity Hotel &amp; Resort \u010cesk\u00e1 Kanada<\/title>\n<meta name=\"description\" content=\"Die FAQ bieten Antworten auf Fragen zum Winter- und Sommerurlaub im Orlick\u00e9-Gebirge.\" \/>\n<meta name=\"robots\" content=\"index, follow, max-snippet:-1, max-image-preview:large, max-video-preview:-1\" \/>\n<link rel=\"canonical\" href=\"https:\/\/kanada.amenity.cz\/de\/faq\/\" \/>\n<meta property=\"og:locale\" content=\"de_DE\" \/>\n<meta property=\"og:type\" content=\"article\" \/>\n<meta property=\"og:title\" content=\"FAQ\" \/>\n<meta property=\"og:description\" content=\"Die FAQ bieten Antworten auf Fragen zum Winter- und Sommerurlaub im Orlick\u00e9-Gebirge.\" \/>\n<meta property=\"og:url\" content=\"https:\/\/kanada.amenity.cz\/de\/faq\/\" \/>\n<meta property=\"og:site_name\" content=\"Amenity Hotel &amp; Resort \u010cesk\u00e1 Kanada\" \/>\n<meta property=\"og:image\" content=\"https:\/\/kanada.amenity.cz\/wp-content\/uploads\/sites\/2\/2026\/03\/slider_1920x1080_amenity_resorty_8aa.jpg\" \/>\n\t<meta property=\"og:image:width\" content=\"1920\" \/>\n\t<meta property=\"og:image:height\" content=\"1080\" \/>\n\t<meta property=\"og:image:type\" content=\"image\/jpeg\" \/>\n<meta name=\"twitter:card\" content=\"summary_large_image\" \/>\n<meta name=\"twitter:label1\" content=\"Gesch\u00e4tzte Lesezeit\" \/>\n\t<meta name=\"twitter:data1\" content=\"1\u00a0Minute\" \/>\n<script type=\"application\/ld+json\" class=\"yoast-schema-graph\">{\"@context\":\"https:\\\/\\\/schema.org\",\"@graph\":[{\"@type\":[\"WebPage\",\"FAQPage\"],\"@id\":\"https:\\\/\\\/kanada.amenity.cz\\\/de\\\/faq\\\/\",\"url\":\"https:\\\/\\\/kanada.amenity.cz\\\/de\\\/faq\\\/\",\"name\":\"FAQ - Amenity Hotel &amp; Resort \u010cesk\u00e1 Kanada\",\"isPartOf\":{\"@id\":\"https:\\\/\\\/kanada.amenity.cz\\\/de\\\/#website\"},\"primaryImageOfPage\":{\"@id\":\"https:\\\/\\\/kanada.amenity.cz\\\/de\\\/faq\\\/#primaryimage\"},\"image\":{\"@id\":\"https:\\\/\\\/kanada.amenity.cz\\\/de\\\/faq\\\/#primaryimage\"},\"thumbnailUrl\":\"https:\\\/\\\/kanada.amenity.cz\\\/wp-content\\\/uploads\\\/sites\\\/2\\\/2026\\\/03\\\/slider_1920x1080_amenity_resorty_8aa.jpg\",\"datePublished\":\"2026-04-16T13:13:40+00:00\",\"description\":\"Die FAQ bieten Antworten auf Fragen zum Winter- und Sommerurlaub im Orlick\u00e9-Gebirge.\",\"breadcrumb\":{\"@id\":\"https:\\\/\\\/kanada.amenity.cz\\\/de\\\/faq\\\/#breadcrumb\"},\"inLanguage\":\"de\",\"potentialAction\":[{\"@type\":\"ReadAction\",\"target\":[\"https:\\\/\\\/kanada.amenity.cz\\\/de\\\/faq\\\/\"]}]},{\"@type\":\"ImageObject\",\"inLanguage\":\"de\",\"@id\":\"https:\\\/\\\/kanada.amenity.cz\\\/de\\\/faq\\\/#primaryimage\",\"url\":\"https:\\\/\\\/kanada.amenity.cz\\\/wp-content\\\/uploads\\\/sites\\\/2\\\/2026\\\/03\\\/slider_1920x1080_amenity_resorty_8aa.jpg\",\"contentUrl\":\"https:\\\/\\\/kanada.amenity.cz\\\/wp-content\\\/uploads\\\/sites\\\/2\\\/2026\\\/03\\\/slider_1920x1080_amenity_resorty_8aa.jpg\",\"width\":1920,\"height\":1080},{\"@type\":\"BreadcrumbList\",\"@id\":\"https:\\\/\\\/kanada.amenity.cz\\\/de\\\/faq\\\/#breadcrumb\",\"itemListElement\":[{\"@type\":\"ListItem\",\"position\":1,\"name\":\"Dom\u016f\",\"item\":\"https:\\\/\\\/kanada.amenity.cz\\\/de\\\/\"},{\"@type\":\"ListItem\",\"position\":2,\"name\":\"FAQ\"}]},{\"@type\":\"WebSite\",\"@id\":\"https:\\\/\\\/kanada.amenity.cz\\\/de\\\/#website\",\"url\":\"https:\\\/\\\/kanada.amenity.cz\\\/de\\\/\",\"name\":\"Amenity Hotel &amp; Resort \u010cesk\u00e1 Kanada\",\"description\":\"Souhra wellness a golfu\",\"potentialAction\":[{\"@type\":\"SearchAction\",\"target\":{\"@type\":\"EntryPoint\",\"urlTemplate\":\"https:\\\/\\\/kanada.amenity.cz\\\/de\\\/?s={search_term_string}\"},\"query-input\":{\"@type\":\"PropertyValueSpecification\",\"valueRequired\":true,\"valueName\":\"search_term_string\"}}],\"inLanguage\":\"de\"}]}<\/script>\n<!-- \/ Yoast SEO Premium plugin. -->","yoast_head_json":{"title":"FAQ - Amenity Hotel &amp; Resort \u010cesk\u00e1 Kanada","description":"Die FAQ bieten Antworten auf Fragen zum Winter- und Sommerurlaub im Orlick\u00e9-Gebirge.","robots":{"index":"index","follow":"follow","max-snippet":"max-snippet:-1","max-image-preview":"max-image-preview:large","max-video-preview":"max-video-preview:-1"},"canonical":"https:\/\/kanada.amenity.cz\/de\/faq\/","og_locale":"de_DE","og_type":"article","og_title":"FAQ","og_description":"Die FAQ bieten Antworten auf Fragen zum Winter- und Sommerurlaub im Orlick\u00e9-Gebirge.","og_url":"https:\/\/kanada.amenity.cz\/de\/faq\/","og_site_name":"Amenity Hotel &amp; Resort \u010cesk\u00e1 Kanada","og_image":[{"width":1920,"height":1080,"url":"https:\/\/kanada.amenity.cz\/wp-content\/uploads\/sites\/2\/2026\/03\/slider_1920x1080_amenity_resorty_8aa.jpg","type":"image\/jpeg"}],"twitter_card":"summary_large_image","twitter_misc":{"Gesch\u00e4tzte Lesezeit":"1\u00a0Minute"},"schema":{"@context":"https:\/\/schema.org","@graph":[{"@type":["WebPage","FAQPage"],"@id":"https:\/\/kanada.amenity.cz\/de\/faq\/","url":"https:\/\/kanada.amenity.cz\/de\/faq\/","name":"FAQ - Amenity Hotel &amp; Resort \u010cesk\u00e1 Kanada","isPartOf":{"@id":"https:\/\/kanada.amenity.cz\/de\/#website"},"primaryImageOfPage":{"@id":"https:\/\/kanada.amenity.cz\/de\/faq\/#primaryimage"},"image":{"@id":"https:\/\/kanada.amenity.cz\/de\/faq\/#primaryimage"},"thumbnailUrl":"https:\/\/kanada.amenity.cz\/wp-content\/uploads\/sites\/2\/2026\/03\/slider_1920x1080_amenity_resorty_8aa.jpg","datePublished":"2026-04-16T13:13:40+00:00","description":"Die FAQ bieten Antworten auf Fragen zum Winter- und Sommerurlaub im Orlick\u00e9-Gebirge.","breadcrumb":{"@id":"https:\/\/kanada.amenity.cz\/de\/faq\/#breadcrumb"},"inLanguage":"de","potentialAction":[{"@type":"ReadAction","target":["https:\/\/kanada.amenity.cz\/de\/faq\/"]}]},{"@type":"ImageObject","inLanguage":"de","@id":"https:\/\/kanada.amenity.cz\/de\/faq\/#primaryimage","url":"https:\/\/kanada.amenity.cz\/wp-content\/uploads\/sites\/2\/2026\/03\/slider_1920x1080_amenity_resorty_8aa.jpg","contentUrl":"https:\/\/kanada.amenity.cz\/wp-content\/uploads\/sites\/2\/2026\/03\/slider_1920x1080_amenity_resorty_8aa.jpg","width":1920,"height":1080},{"@type":"BreadcrumbList","@id":"https:\/\/kanada.amenity.cz\/de\/faq\/#breadcrumb","itemListElement":[{"@type":"ListItem","position":1,"name":"Dom\u016f","item":"https:\/\/kanada.amenity.cz\/de\/"},{"@type":"ListItem","position":2,"name":"FAQ"}]},{"@type":"WebSite","@id":"https:\/\/kanada.amenity.cz\/de\/#website","url":"https:\/\/kanada.amenity.cz\/de\/","name":"Amenity Hotel &amp; Resort \u010cesk\u00e1 Kanada","description":"Souhra wellness a golfu","potentialAction":[{"@type":"SearchAction","target":{"@type":"EntryPoint","urlTemplate":"https:\/\/kanada.amenity.cz\/de\/?s={search_term_string}"},"query-input":{"@type":"PropertyValueSpecification","valueRequired":true,"valueName":"search_term_string"}}],"inLanguage":"de"}]}},"_links":{"self":[{"href":"https:\/\/kanada.amenity.cz\/de\/wp-json\/wp\/v2\/pages\/11844","targetHints":{"allow":["GET"]}}],"collection":[{"href":"https:\/\/kanada.amenity.cz\/de\/wp-json\/wp\/v2\/pages"}],"about":[{"href":"https:\/\/kanada.amenity.cz\/de\/wp-json\/wp\/v2\/types\/page"}],"author":[{"embeddable":true,"href":"https:\/\/kanada.amenity.cz\/de\/wp-json\/wp\/v2\/users\/3"}],"replies":[{"embeddable":true,"href":"https:\/\/kanada.amenity.cz\/de\/wp-json\/wp\/v2\/comments?post=11844"}],"version-history":[{"count":1,"href":"https:\/\/kanada.amenity.cz\/de\/wp-json\/wp\/v2\/pages\/11844\/revisions"}],"predecessor-version":[{"id":11845,"href":"https:\/\/kanada.amenity.cz\/de\/wp-json\/wp\/v2\/pages\/11844\/revisions\/11845"}],"wp:featuredmedia":[{"embeddable":true,"href":"https:\/\/kanada.amenity.cz\/de\/wp-json\/wp\/v2\/media\/11796"}],"wp:attachment":[{"href":"https:\/\/kanada.amenity.cz\/de\/wp-json\/wp\/v2\/media?parent=11844"}],"curies":[{"name":"wp","href":"https:\/\/api.w.org\/{rel}","templated":true}]}}