{"id":11187,"date":"2025-10-03T11:05:02","date_gmt":"2025-10-03T09:05:02","guid":{"rendered":"https:\/\/kanada.amenity.cz\/?page_id=11187"},"modified":"2025-10-03T11:16:06","modified_gmt":"2025-10-03T09:16:06","slug":"dienstleistungen-preisliste","status":"publish","type":"page","link":"https:\/\/kanada.amenity.cz\/de\/dienstleistungen-preisliste\/","title":{"rendered":"Dienstleistungen Preisliste"},"content":{"rendered":"<div class=\"wpb-content-wrapper\"><p>[vc_row full_width=&#8221;stretch_row&#8221;][vc_column]<div  class=\"empty-space  marg-lg-b35 marg-xs-b50\"><\/div><div  class=\"empty-space  marg-lg-b25\"><\/div><div class=\"text-block \" ><div class=\"simple-text \"><h1 style=\"text-align: center;\">Dienstleistungen Preisliste<\/h1>\n<\/div><\/div>[\/vc_column][\/vc_row][vc_row full_width=&#8221;stretch_row_content_no_spaces&#8221;][vc_column width=&#8221;1\/2&#8243;][vc_single_image image=&#8221;11181&#8243; img_size=&#8221;1240&#215;1754&#8243; alignment=&#8221;center&#8221; css=&#8221;&#8221;][\/vc_column][vc_column width=&#8221;1\/2&#8243;][vc_single_image image=&#8221;11184&#8243; img_size=&#8221;1240&#215;1754&#8243; alignment=&#8221;center&#8221; css=&#8221;&#8221;][\/vc_column][\/vc_row]<\/p>\n<\/div>","protected":false},"excerpt":{"rendered":"<p>[vc_row full_width=&#8221;stretch_row&#8221;][vc_column][\/vc_column][\/vc_row][vc_row full_width=&#8221;stretch_row_content_no_spaces&#8221;][vc_column width=&#8221;1\/2&#8243;][vc_single_image image=&#8221;11181&#8243; img_size=&#8221;1240&#215;1754&#8243; alignment=&#8221;center&#8221; css=&#8221;&#8221;][\/vc_column][vc_column width=&#8221;1\/2&#8243;][vc_single_image image=&#8221;11184&#8243; img_size=&#8221;1240&#215;1754&#8243; alignment=&#8221;center&#8221; css=&#8221;&#8221;][\/vc_column][\/vc_row]<\/p>\n","protected":false},"author":3,"featured_media":0,"parent":0,"menu_order":0,"comment_status":"closed","ping_status":"closed","template":"","meta":{"footnotes":""},"class_list":["post-11187","page","type-page","status-publish","hentry"],"yoast_head":"<!-- This site is optimized with the Yoast SEO Premium plugin v26.7 (Yoast SEO v26.7) - https:\/\/yoast.com\/wordpress\/plugins\/seo\/ -->\n<title>Dienstleistungen Preisliste - Amenity Hotel &amp; Resort \u010cesk\u00e1 Kanada<\/title>\n<meta name=\"robots\" content=\"index, follow, max-snippet:-1, max-image-preview:large, max-video-preview:-1\" \/>\n<link rel=\"canonical\" href=\"https:\/\/kanada.amenity.cz\/de\/dienstleistungen-preisliste\/\" \/>\n<meta property=\"og:locale\" content=\"de_DE\" \/>\n<meta property=\"og:type\" content=\"article\" \/>\n<meta property=\"og:title\" content=\"Dienstleistungen Preisliste\" \/>\n<meta property=\"og:description\" content=\"[vc_row full_width=&#8221;stretch_row&#8221;][vc_column][\/vc_column][\/vc_row][vc_row full_width=&#8221;stretch_row_content_no_spaces&#8221;][vc_column width=&#8221;1\/2&#8243;][vc_single_image image=&#8221;11181&#8243; img_size=&#8221;1240&#215;1754&#8243; alignment=&#8221;center&#8221; css=&#8221;&#8221;][\/vc_column][vc_column width=&#8221;1\/2&#8243;][vc_single_image image=&#8221;11184&#8243; img_size=&#8221;1240&#215;1754&#8243; alignment=&#8221;center&#8221; css=&#8221;&#8221;][\/vc_column][\/vc_row]\" \/>\n<meta property=\"og:url\" content=\"https:\/\/kanada.amenity.cz\/de\/dienstleistungen-preisliste\/\" \/>\n<meta property=\"og:site_name\" content=\"Amenity Hotel &amp; Resort \u010cesk\u00e1 Kanada\" \/>\n<meta property=\"article:modified_time\" content=\"2025-10-03T09:16:06+00:00\" \/>\n<meta name=\"twitter:card\" content=\"summary_large_image\" \/>\n<meta name=\"twitter:label1\" content=\"Gesch\u00e4tzte Lesezeit\" \/>\n\t<meta name=\"twitter:data1\" content=\"1\u00a0Minute\" \/>\n<script type=\"application\/ld+json\" class=\"yoast-schema-graph\">{\"@context\":\"https:\/\/schema.org\",\"@graph\":[{\"@type\":\"WebPage\",\"@id\":\"https:\/\/kanada.amenity.cz\/de\/dienstleistungen-preisliste\/\",\"url\":\"https:\/\/kanada.amenity.cz\/de\/dienstleistungen-preisliste\/\",\"name\":\"Dienstleistungen Preisliste - Amenity Hotel &amp; Resort \u010cesk\u00e1 Kanada\",\"isPartOf\":{\"@id\":\"https:\/\/kanada.amenity.cz\/de\/#website\"},\"datePublished\":\"2025-10-03T09:05:02+00:00\",\"dateModified\":\"2025-10-03T09:16:06+00:00\",\"breadcrumb\":{\"@id\":\"https:\/\/kanada.amenity.cz\/de\/dienstleistungen-preisliste\/#breadcrumb\"},\"inLanguage\":\"de\",\"potentialAction\":[{\"@type\":\"ReadAction\",\"target\":[\"https:\/\/kanada.amenity.cz\/de\/dienstleistungen-preisliste\/\"]}]},{\"@type\":\"BreadcrumbList\",\"@id\":\"https:\/\/kanada.amenity.cz\/de\/dienstleistungen-preisliste\/#breadcrumb\",\"itemListElement\":[{\"@type\":\"ListItem\",\"position\":1,\"name\":\"Dom\u016f\",\"item\":\"https:\/\/kanada.amenity.cz\/de\/\"},{\"@type\":\"ListItem\",\"position\":2,\"name\":\"Dienstleistungen Preisliste\"}]},{\"@type\":\"WebSite\",\"@id\":\"https:\/\/kanada.amenity.cz\/de\/#website\",\"url\":\"https:\/\/kanada.amenity.cz\/de\/\",\"name\":\"Amenity Hotel &amp; Resort \u010cesk\u00e1 Kanada\",\"description\":\"Souhra wellness a golfu\",\"potentialAction\":[{\"@type\":\"SearchAction\",\"target\":{\"@type\":\"EntryPoint\",\"urlTemplate\":\"https:\/\/kanada.amenity.cz\/de\/?s={search_term_string}\"},\"query-input\":{\"@type\":\"PropertyValueSpecification\",\"valueRequired\":true,\"valueName\":\"search_term_string\"}}],\"inLanguage\":\"de\"}]}<\/script>\n<!-- \/ Yoast SEO Premium plugin. -->","yoast_head_json":{"title":"Dienstleistungen Preisliste - Amenity Hotel &amp; Resort \u010cesk\u00e1 Kanada","robots":{"index":"index","follow":"follow","max-snippet":"max-snippet:-1","max-image-preview":"max-image-preview:large","max-video-preview":"max-video-preview:-1"},"canonical":"https:\/\/kanada.amenity.cz\/de\/dienstleistungen-preisliste\/","og_locale":"de_DE","og_type":"article","og_title":"Dienstleistungen Preisliste","og_description":"[vc_row full_width=&#8221;stretch_row&#8221;][vc_column][\/vc_column][\/vc_row][vc_row full_width=&#8221;stretch_row_content_no_spaces&#8221;][vc_column width=&#8221;1\/2&#8243;][vc_single_image image=&#8221;11181&#8243; img_size=&#8221;1240&#215;1754&#8243; alignment=&#8221;center&#8221; css=&#8221;&#8221;][\/vc_column][vc_column width=&#8221;1\/2&#8243;][vc_single_image image=&#8221;11184&#8243; img_size=&#8221;1240&#215;1754&#8243; alignment=&#8221;center&#8221; css=&#8221;&#8221;][\/vc_column][\/vc_row]","og_url":"https:\/\/kanada.amenity.cz\/de\/dienstleistungen-preisliste\/","og_site_name":"Amenity Hotel &amp; Resort \u010cesk\u00e1 Kanada","article_modified_time":"2025-10-03T09:16:06+00:00","twitter_card":"summary_large_image","twitter_misc":{"Gesch\u00e4tzte Lesezeit":"1\u00a0Minute"},"schema":{"@context":"https:\/\/schema.org","@graph":[{"@type":"WebPage","@id":"https:\/\/kanada.amenity.cz\/de\/dienstleistungen-preisliste\/","url":"https:\/\/kanada.amenity.cz\/de\/dienstleistungen-preisliste\/","name":"Dienstleistungen Preisliste - Amenity Hotel &amp; Resort \u010cesk\u00e1 Kanada","isPartOf":{"@id":"https:\/\/kanada.amenity.cz\/de\/#website"},"datePublished":"2025-10-03T09:05:02+00:00","dateModified":"2025-10-03T09:16:06+00:00","breadcrumb":{"@id":"https:\/\/kanada.amenity.cz\/de\/dienstleistungen-preisliste\/#breadcrumb"},"inLanguage":"de","potentialAction":[{"@type":"ReadAction","target":["https:\/\/kanada.amenity.cz\/de\/dienstleistungen-preisliste\/"]}]},{"@type":"BreadcrumbList","@id":"https:\/\/kanada.amenity.cz\/de\/dienstleistungen-preisliste\/#breadcrumb","itemListElement":[{"@type":"ListItem","position":1,"name":"Dom\u016f","item":"https:\/\/kanada.amenity.cz\/de\/"},{"@type":"ListItem","position":2,"name":"Dienstleistungen Preisliste"}]},{"@type":"WebSite","@id":"https:\/\/kanada.amenity.cz\/de\/#website","url":"https:\/\/kanada.amenity.cz\/de\/","name":"Amenity Hotel &amp; Resort \u010cesk\u00e1 Kanada","description":"Souhra wellness a golfu","potentialAction":[{"@type":"SearchAction","target":{"@type":"EntryPoint","urlTemplate":"https:\/\/kanada.amenity.cz\/de\/?s={search_term_string}"},"query-input":{"@type":"PropertyValueSpecification","valueRequired":true,"valueName":"search_term_string"}}],"inLanguage":"de"}]}},"_links":{"self":[{"href":"https:\/\/kanada.amenity.cz\/de\/wp-json\/wp\/v2\/pages\/11187","targetHints":{"allow":["GET"]}}],"collection":[{"href":"https:\/\/kanada.amenity.cz\/de\/wp-json\/wp\/v2\/pages"}],"about":[{"href":"https:\/\/kanada.amenity.cz\/de\/wp-json\/wp\/v2\/types\/page"}],"author":[{"embeddable":true,"href":"https:\/\/kanada.amenity.cz\/de\/wp-json\/wp\/v2\/users\/3"}],"replies":[{"embeddable":true,"href":"https:\/\/kanada.amenity.cz\/de\/wp-json\/wp\/v2\/comments?post=11187"}],"version-history":[{"count":3,"href":"https:\/\/kanada.amenity.cz\/de\/wp-json\/wp\/v2\/pages\/11187\/revisions"}],"predecessor-version":[{"id":11196,"href":"https:\/\/kanada.amenity.cz\/de\/wp-json\/wp\/v2\/pages\/11187\/revisions\/11196"}],"wp:attachment":[{"href":"https:\/\/kanada.amenity.cz\/de\/wp-json\/wp\/v2\/media?parent=11187"}],"curies":[{"name":"wp","href":"https:\/\/api.w.org\/{rel}","templated":true}]}}