{"id":10913,"date":"2025-08-22T13:18:48","date_gmt":"2025-08-22T11:18:48","guid":{"rendered":"https:\/\/kanada.amenity.cz\/?page_id=10913"},"modified":"2025-08-22T13:18:50","modified_gmt":"2025-08-22T11:18:50","slug":"fitness","status":"publish","type":"page","link":"https:\/\/kanada.amenity.cz\/de\/fitness\/","title":{"rendered":"Fitness"},"content":{"rendered":"<div class=\"wpb-content-wrapper\"><p>[vc_row full_width=&#8221;stretch_row&#8221;][vc_column]<div  class=\"empty-space  marg-lg-b35 marg-xs-b50\"><\/div>[vc_separator color=&#8221;custom&#8221; el_width=&#8221;70&#8243; css=&#8221;&#8221; accent_color=&#8221;#7f5b23&#8243;]<div  class=\"empty-space  marg-lg-b25\"><\/div><div class=\"text-block \" ><div class=\"simple-text \"><h1 style=\"text-align: center;\">Fitness im Amenity \u010cesk\u00e1 Kanada<\/h1>\n<\/div><\/div>[\/vc_column][\/vc_row][vc_row full_width=&#8221;stretch_row&#8221;][vc_column]<div  class=\"empty-space  marg-lg-b25\"><\/div><div class=\"text-block \" ><div class=\"simple-text \"><p style=\"text-align: center;\"><strong>Trainieren Sie Ihren K\u00f6rper in unserem Fitnessstudio<\/strong><\/p>\n<p style=\"text-align: center;\">Zacvi\u010dte si ve fitness se \u0161pi\u010dkov\u00fdmi posilovac\u00edmi stroji a v\u00fdhledem na venkovn\u00ed jez\u00edrka. Na plo\u0161e 45 m<sup>2<\/sup> najdete \u0159adu kvalitn\u00edch stroj\u016f pro procvi\u010den\u00ed v\u0161ech svalov\u00fdch parti\u00ed v izolovan\u00e9 form\u011b. Nechyb\u00ed ani prostor pro prota\u017een\u00ed s \u010dinkami.<\/p>\n<\/div><\/div><div  class=\"empty-space  marg-lg-b25\"><\/div>[vc_separator color=&#8221;custom&#8221; el_width=&#8221;70&#8243; css=&#8221;&#8221; accent_color=&#8221;#7f5b23&#8243;][\/vc_column][\/vc_row][vc_row full_width=&#8221;stretch_row&#8221;][vc_column]<div class=\"text-block \" ><div class=\"simple-text \"><h3 style=\"text-align: center;\">\u00d6ffnungszeiten f\u00fcr G\u00e4ste und \u00d6ffentlichkeit<\/h3>\n<p style=\"text-align: center;\">8:00 \u2013 21:00 Uhr (letzter Einlass 20:00 Uhr)<\/p>\n<\/div><\/div><div  class=\"empty-space  marg-lg-b25\"><\/div><div  class=\"empty-space  marg-lg-b25\"><\/div>[\/vc_column][\/vc_row][vc_row full_width=&#8221;stretch_row_content_no_spaces&#8221;][vc_column offset=&#8221;vc_hidden-sm vc_hidden-xs&#8221;]<div  class=\"hb-text-block__wrapper style1\"><div class=\"row\"><div class=\"col-md-6\"><div class=\"hb-image__block\"><img decoding=\"async\" src=\"https:\/\/kanada.amenity.cz\/wp-content\/uploads\/sites\/2\/2025\/08\/amenity-ceska-kanada-leto_750x625_11_9_.jpg\" alt=\"\" \/><\/div><\/div><div class=\"col-md-6\"><div class=\"hb-text_block_content\"><div class=\"hb-text-block___inner_wrapper\"><div class=\"featured-rooms-slider__title title-color-black\">Preisliste Fitness<\/div><div class=\"featured-rooms-slider__text content-color-grey\"><\/p>\n<p><strong>Einmalig<\/strong><\/p>\n<p>120 Min. \/ 200 CZK \/ 1 Person*<\/p>\n<p><strong>Dauerkarte<\/strong><\/p>\n<p>1 Monat \/ 1 500 CZK<\/p>\n<p>6 Monate \/ 8 000 CZK<\/p>\n<p>12 Monate \/ 12 000 CZK<\/p>\n<ul>\n<li>20 % Erm\u00e4\u00dfigung f\u00fcr Resortg\u00e4ste auf den einmaligen Eintritt (160 CZK)<\/li>\n<\/ul>\n<p><\/div><\/div><\/div><\/div><\/div><\/div>[\/vc_column][vc_column offset=&#8221;vc_hidden-lg vc_hidden-md&#8221;]<div  class=\"hb-text-block__wrapper style1\"><div class=\"row\"><div class=\"col-md-6\"><div class=\"hb-image__block\"><img decoding=\"async\" src=\"https:\/\/kanada.amenity.cz\/wp-content\/uploads\/sites\/2\/2025\/08\/amenity-ceska-kanada-leto_750x625_11_9_.jpg\" alt=\"\" \/><\/div><\/div><div class=\"col-md-6\"><div class=\"hb-text_block_content\"><div class=\"hb-text-block___inner_wrapper\"><div class=\"featured-rooms-slider__title title-color-black\">Cen\u00edk fitness<\/div><div class=\"featured-rooms-slider__text content-color-grey\"><\/p>\n<p><strong>Einmalig<\/strong><\/p>\n<p>120 Min. \/ 200 CZK \/ 1 Person*<\/p>\n<p><strong>Dauerkarte<\/strong><\/p>\n<p>1 Monat \/ 1 500 CZK<\/p>\n<p>6 Monate \/ 8 000 CZK<\/p>\n<p>12 Monate \/ 12 000 CZK<\/p>\n<ul>\n<li>20 % Erm\u00e4\u00dfigung f\u00fcr Resortg\u00e4ste auf den einmaligen Eintritt (160 CZK)<\/li>\n<\/ul>\n<p><\/div><\/div><\/div><\/div><\/div><\/div>[\/vc_column][\/vc_row][vc_row full_width=&#8221;stretch_row&#8221;][vc_column width=&#8221;1\/2&#8243;]<div  class=\"empty-space  marg-lg-b25\"><\/div>[vc_single_image image=&#8221;10901&#8243; img_size=&#8221;750&#215;625&#8243; css=&#8221;&#8221;]<div  class=\"empty-space  marg-lg-b25\"><\/div>[\/vc_column][vc_column width=&#8221;1\/2&#8243;]<div  class=\"empty-space  marg-lg-b25\"><\/div>[vc_single_image image=&#8221;10907&#8243; img_size=&#8221;750&#215;625&#8243; css=&#8221;&#8221;]<div  class=\"empty-space  marg-lg-b25\"><\/div>[\/vc_column][\/vc_row][vc_row full_width=&#8221;stretch_row&#8221;][vc_column][vc_separator color=&#8221;custom&#8221; el_width=&#8221;70&#8243; css=&#8221;&#8221; accent_color=&#8221;#7f5b23&#8243;]<div  class=\"empty-space  marg-lg-b25\"><\/div><div class=\"text-block \" ><div class=\"simple-text \"><p style=\"text-align: center;\">Der Fitnessbereich steht sowohl Hotelg\u00e4sten als auch der \u00d6ffentlichkeit zur Verf\u00fcgung.<\/p>\n<p style=\"text-align: center;\">Eine Reservierung ist nicht erforderlich.<\/p>\n<h3 style=\"text-align: center;\">Kontakt f\u00fcr Reservierungen<\/h3>\n<p style=\"text-align: center;\">Rezeption Pool, Wellness &amp; Balneo: +420 +775 445 880 | <a href=\"mailto:kanada@amenity.cz\">kanada@amenity.cz<\/a><\/p>\n<\/div><\/div><div  class=\"empty-space  marg-lg-b25\"><\/div>[\/vc_column][\/vc_row]<\/p>\n<\/div>","protected":false},"excerpt":{"rendered":"<p>[vc_row full_width=&#8221;stretch_row&#8221;][vc_column][vc_separator color=&#8221;custom&#8221; el_width=&#8221;70&#8243; css=&#8221;&#8221; accent_color=&#8221;#7f5b23&#8243;][\/vc_column][\/vc_row][vc_row full_width=&#8221;stretch_row&#8221;][vc_column][vc_separator color=&#8221;custom&#8221; el_width=&#8221;70&#8243; css=&#8221;&#8221; accent_color=&#8221;#7f5b23&#8243;][\/vc_column][\/vc_row][vc_row full_width=&#8221;stretch_row&#8221;][vc_column][\/vc_column][\/vc_row][vc_row full_width=&#8221;stretch_row_content_no_spaces&#8221;][vc_column offset=&#8221;vc_hidden-sm vc_hidden-xs&#8221;][\/vc_column][vc_column offset=&#8221;vc_hidden-lg vc_hidden-md&#8221;][\/vc_column][\/vc_row][vc_row full_width=&#8221;stretch_row&#8221;][vc_column width=&#8221;1\/2&#8243;][vc_single_image image=&#8221;10901&#8243; img_size=&#8221;750&#215;625&#8243; css=&#8221;&#8221;][\/vc_column][vc_column width=&#8221;1\/2&#8243;][vc_single_image image=&#8221;10907&#8243; img_size=&#8221;750&#215;625&#8243; css=&#8221;&#8221;][\/vc_column][\/vc_row][vc_row full_width=&#8221;stretch_row&#8221;][vc_column][vc_separator color=&#8221;custom&#8221; el_width=&#8221;70&#8243; css=&#8221;&#8221;<\/p>\n","protected":false},"author":3,"featured_media":0,"parent":0,"menu_order":0,"comment_status":"closed","ping_status":"closed","template":"","meta":{"footnotes":""},"class_list":["post-10913","page","type-page","status-publish","hentry"],"yoast_head":"<!-- This site is optimized with the Yoast SEO Premium plugin v27.3 (Yoast SEO v27.3) - https:\/\/yoast.com\/product\/yoast-seo-premium-wordpress\/ -->\n<title>Fitness - Amenity Hotel &amp; Resort \u010cesk\u00e1 Kanada<\/title>\n<meta name=\"description\" content=\"Trainieren Sie im Fitnessstudio mit erstklassigen Kraftger\u00e4ten. Hier finden Sie eine Reihe hochwertiger Ger\u00e4te f\u00fcr das Training aller Muskelpartien.\" \/>\n<meta name=\"robots\" content=\"index, follow, max-snippet:-1, max-image-preview:large, max-video-preview:-1\" \/>\n<link rel=\"canonical\" href=\"https:\/\/kanada.amenity.cz\/de\/fitness\/\" \/>\n<meta property=\"og:locale\" content=\"de_DE\" \/>\n<meta property=\"og:type\" content=\"article\" \/>\n<meta property=\"og:title\" content=\"Fitness\" \/>\n<meta property=\"og:description\" content=\"Trainieren Sie im Fitnessstudio mit erstklassigen Kraftger\u00e4ten. Hier finden Sie eine Reihe hochwertiger Ger\u00e4te f\u00fcr das Training aller Muskelpartien.\" \/>\n<meta property=\"og:url\" content=\"https:\/\/kanada.amenity.cz\/de\/fitness\/\" \/>\n<meta property=\"og:site_name\" content=\"Amenity Hotel &amp; Resort \u010cesk\u00e1 Kanada\" \/>\n<meta property=\"article:modified_time\" content=\"2025-08-22T11:18:50+00:00\" \/>\n<meta name=\"twitter:card\" content=\"summary_large_image\" \/>\n<meta name=\"twitter:label1\" content=\"Gesch\u00e4tzte Lesezeit\" \/>\n\t<meta name=\"twitter:data1\" content=\"3\u00a0Minuten\" \/>\n<script type=\"application\/ld+json\" class=\"yoast-schema-graph\">{\"@context\":\"https:\\\/\\\/schema.org\",\"@graph\":[{\"@type\":\"WebPage\",\"@id\":\"https:\\\/\\\/kanada.amenity.cz\\\/de\\\/fitness\\\/\",\"url\":\"https:\\\/\\\/kanada.amenity.cz\\\/de\\\/fitness\\\/\",\"name\":\"Fitness - Amenity Hotel &amp; Resort \u010cesk\u00e1 Kanada\",\"isPartOf\":{\"@id\":\"https:\\\/\\\/kanada.amenity.cz\\\/de\\\/#website\"},\"datePublished\":\"2025-08-22T11:18:48+00:00\",\"dateModified\":\"2025-08-22T11:18:50+00:00\",\"description\":\"Trainieren Sie im Fitnessstudio mit erstklassigen Kraftger\u00e4ten. Hier finden Sie eine Reihe hochwertiger Ger\u00e4te f\u00fcr das Training aller Muskelpartien.\",\"breadcrumb\":{\"@id\":\"https:\\\/\\\/kanada.amenity.cz\\\/de\\\/fitness\\\/#breadcrumb\"},\"inLanguage\":\"de\",\"potentialAction\":[{\"@type\":\"ReadAction\",\"target\":[\"https:\\\/\\\/kanada.amenity.cz\\\/de\\\/fitness\\\/\"]}]},{\"@type\":\"BreadcrumbList\",\"@id\":\"https:\\\/\\\/kanada.amenity.cz\\\/de\\\/fitness\\\/#breadcrumb\",\"itemListElement\":[{\"@type\":\"ListItem\",\"position\":1,\"name\":\"Dom\u016f\",\"item\":\"https:\\\/\\\/kanada.amenity.cz\\\/de\\\/\"},{\"@type\":\"ListItem\",\"position\":2,\"name\":\"Fitness\"}]},{\"@type\":\"WebSite\",\"@id\":\"https:\\\/\\\/kanada.amenity.cz\\\/de\\\/#website\",\"url\":\"https:\\\/\\\/kanada.amenity.cz\\\/de\\\/\",\"name\":\"Amenity Hotel &amp; Resort \u010cesk\u00e1 Kanada\",\"description\":\"Souhra wellness a golfu\",\"potentialAction\":[{\"@type\":\"SearchAction\",\"target\":{\"@type\":\"EntryPoint\",\"urlTemplate\":\"https:\\\/\\\/kanada.amenity.cz\\\/de\\\/?s={search_term_string}\"},\"query-input\":{\"@type\":\"PropertyValueSpecification\",\"valueRequired\":true,\"valueName\":\"search_term_string\"}}],\"inLanguage\":\"de\"}]}<\/script>\n<!-- \/ Yoast SEO Premium plugin. -->","yoast_head_json":{"title":"Fitness - Amenity Hotel &amp; Resort \u010cesk\u00e1 Kanada","description":"Trainieren Sie im Fitnessstudio mit erstklassigen Kraftger\u00e4ten. Hier finden Sie eine Reihe hochwertiger Ger\u00e4te f\u00fcr das Training aller Muskelpartien.","robots":{"index":"index","follow":"follow","max-snippet":"max-snippet:-1","max-image-preview":"max-image-preview:large","max-video-preview":"max-video-preview:-1"},"canonical":"https:\/\/kanada.amenity.cz\/de\/fitness\/","og_locale":"de_DE","og_type":"article","og_title":"Fitness","og_description":"Trainieren Sie im Fitnessstudio mit erstklassigen Kraftger\u00e4ten. Hier finden Sie eine Reihe hochwertiger Ger\u00e4te f\u00fcr das Training aller Muskelpartien.","og_url":"https:\/\/kanada.amenity.cz\/de\/fitness\/","og_site_name":"Amenity Hotel &amp; Resort \u010cesk\u00e1 Kanada","article_modified_time":"2025-08-22T11:18:50+00:00","twitter_card":"summary_large_image","twitter_misc":{"Gesch\u00e4tzte Lesezeit":"3\u00a0Minuten"},"schema":{"@context":"https:\/\/schema.org","@graph":[{"@type":"WebPage","@id":"https:\/\/kanada.amenity.cz\/de\/fitness\/","url":"https:\/\/kanada.amenity.cz\/de\/fitness\/","name":"Fitness - Amenity Hotel &amp; Resort \u010cesk\u00e1 Kanada","isPartOf":{"@id":"https:\/\/kanada.amenity.cz\/de\/#website"},"datePublished":"2025-08-22T11:18:48+00:00","dateModified":"2025-08-22T11:18:50+00:00","description":"Trainieren Sie im Fitnessstudio mit erstklassigen Kraftger\u00e4ten. Hier finden Sie eine Reihe hochwertiger Ger\u00e4te f\u00fcr das Training aller Muskelpartien.","breadcrumb":{"@id":"https:\/\/kanada.amenity.cz\/de\/fitness\/#breadcrumb"},"inLanguage":"de","potentialAction":[{"@type":"ReadAction","target":["https:\/\/kanada.amenity.cz\/de\/fitness\/"]}]},{"@type":"BreadcrumbList","@id":"https:\/\/kanada.amenity.cz\/de\/fitness\/#breadcrumb","itemListElement":[{"@type":"ListItem","position":1,"name":"Dom\u016f","item":"https:\/\/kanada.amenity.cz\/de\/"},{"@type":"ListItem","position":2,"name":"Fitness"}]},{"@type":"WebSite","@id":"https:\/\/kanada.amenity.cz\/de\/#website","url":"https:\/\/kanada.amenity.cz\/de\/","name":"Amenity Hotel &amp; Resort \u010cesk\u00e1 Kanada","description":"Souhra wellness a golfu","potentialAction":[{"@type":"SearchAction","target":{"@type":"EntryPoint","urlTemplate":"https:\/\/kanada.amenity.cz\/de\/?s={search_term_string}"},"query-input":{"@type":"PropertyValueSpecification","valueRequired":true,"valueName":"search_term_string"}}],"inLanguage":"de"}]}},"_links":{"self":[{"href":"https:\/\/kanada.amenity.cz\/de\/wp-json\/wp\/v2\/pages\/10913","targetHints":{"allow":["GET"]}}],"collection":[{"href":"https:\/\/kanada.amenity.cz\/de\/wp-json\/wp\/v2\/pages"}],"about":[{"href":"https:\/\/kanada.amenity.cz\/de\/wp-json\/wp\/v2\/types\/page"}],"author":[{"embeddable":true,"href":"https:\/\/kanada.amenity.cz\/de\/wp-json\/wp\/v2\/users\/3"}],"replies":[{"embeddable":true,"href":"https:\/\/kanada.amenity.cz\/de\/wp-json\/wp\/v2\/comments?post=10913"}],"version-history":[{"count":2,"href":"https:\/\/kanada.amenity.cz\/de\/wp-json\/wp\/v2\/pages\/10913\/revisions"}],"predecessor-version":[{"id":10918,"href":"https:\/\/kanada.amenity.cz\/de\/wp-json\/wp\/v2\/pages\/10913\/revisions\/10918"}],"wp:attachment":[{"href":"https:\/\/kanada.amenity.cz\/de\/wp-json\/wp\/v2\/media?parent=10913"}],"curies":[{"name":"wp","href":"https:\/\/api.w.org\/{rel}","templated":true}]}}